{"id":1886,"date":"2020-05-03T19:01:10","date_gmt":"2020-05-03T17:01:10","guid":{"rendered":"https:\/\/venicewiki.org\/it\/?page_id=1886"},"modified":"2024-02-03T15:59:40","modified_gmt":"2024-02-03T14:59:40","slug":"mangiare-dormire","status":"publish","type":"page","link":"https:\/\/venicewiki.org\/it\/mangiare-dormire\/","title":{"rendered":"Mangiare \/ dormire"},"content":{"rendered":"<p>[vc_row][vc_column][vc_column_text]<\/p>\n<h1 style=\"text-align: center;\">Mangiare a Venezia<\/h1>\n<p>[\/vc_column_text][\/vc_column][\/vc_row][vc_row][vc_column][vc_column_text]<\/p>\n<p>Venezia, la splendida citt\u00e0 dei canali, \u00e8 celebrata in tutto il mondo per la sua ricca tradizione culinaria. Se stai programmando una visita a Venezia o sei un residente desideroso di sperimentare nuovi sapori autentici, c&#8217;\u00e8 un luogo imperdibile: WEnice, un&#8217;opzione gastronomica che abbraccia la cucina veneziana.<\/p>\n<p>Posizionato di fronte al vivace mercato ittico di Rialto, nel cuore pulsante di Venezia, WEnice offre un&#8217;esperienza culinaria autentica che permette di assaporare le delizie della vera cucina veneziana. Il loro men\u00f9 presenta una vasta selezione di piatti tradizionali, tra cui il cono di fritto misto, i moscardini in umido, le lasagne di pesce, il tris di baccal\u00e0 e le sarde in saor.<\/p>\n<p>[\/vc_column_text][vc_single_image image=&#8221;6295&#8243; img_size=&#8221;full&#8221; alignment=&#8221;center&#8221;][vc_column_text]<\/p>\n<p>WEnice non \u00e8 semplicemente un luogo per gustare prelibati piatti, ma \u00e8 un&#8217;azienda locale con una missione di rilievo: diffondere e preservare la vera tradizione gastronomica veneziana attraverso le sue specialit\u00e0 culinarie. Questa missione si sviluppa in due direzioni chiave: per i turisti, la possibilit\u00e0 di assaporare una variet\u00e0 di piatti veneziani, con il celebre &#8220;cono di fritto misto&#8221; da gustare durante una passeggiata tra i monumenti veneziani; e per i clienti abituali, la comodit\u00e0 di ordinare pranzo o cena attraverso app o telefono.<\/p>\n<p>WEnice rappresenta anche un esempio di impegno verso la sostenibilit\u00e0 ambientale. La maggior parte dei loro prodotti proviene da piccole realt\u00e0 locali, sostenendo il commercio locale e i piccoli imprenditori. Inoltre, dimostrano un forte impegno per la sostenibilit\u00e0 ambientale utilizzando contenitori per il cibo, salviette, bicchieri e posate riciclati o riutilizzati.<\/p>\n<p>[\/vc_column_text][vc_column_text]A Venezia, le opzioni per appagare il palato sono infinite, che tu stia cercando un&#8217;esperienza informale in un tradizionale bacaro, un pasto pi\u00f9 formale in un ristorante o persino gustando del pesce fresco durante una passeggiata. Tuttavia, se desideri un&#8217;esperienza culinaria autentica, che unisca tradizione, innovazione e attenzione alla sostenibilit\u00e0, WEnice \u00e8 la scelta ideale.<\/p>\n<p>Scopri la vera essenza della cucina veneziana visitando WEnice in <span style=\"text-decoration: underline;\"><a href=\"https:\/\/maps.app.goo.gl\/92H8F2q8F6uZ8FTG9\">Calle de le Beccarie o Panateria, 319, Venezia<\/a><\/span>. Per ulteriori informazioni, <span style=\"text-decoration: underline;\"><a href=\"https:\/\/www.wenice.it\/\" rel=\"nofollow\">visita il loro sito web<\/a><\/span> o <span style=\"text-decoration: underline;\"><a href=\"https:\/\/www.instagram.com\/wenice.venezia\/\">seguili su Instagram<\/a><\/span>.[\/vc_column_text][vc_single_image image=&#8221;6296&#8243; img_size=&#8221;full&#8221; alignment=&#8221;center&#8221; onclick=&#8221;custom_link&#8221; img_link_target=&#8221;_blank&#8221; link=&#8221;https:\/\/www.cocaiexpress.com\/webapp\/stores\/58&#8243;][\/vc_column][\/vc_row]<\/p>\n","protected":false},"excerpt":{"rendered":"<p>Assapora la cucina tradizionale di Venezia attraverso i famosi cicchetti dei caratteristici bacari della citt\u00e0. Vieni a scoprire i nostri consigli.<\/p>\n","protected":false},"author":2,"featured_media":0,"parent":0,"menu_order":0,"comment_status":"closed","ping_status":"closed","template":"","meta":{"_editorskit_title_hidden":false,"_editorskit_reading_time":1},"yoast_head":"<!-- This site is optimized with the Yoast SEO plugin v19.7.1 - https:\/\/yoast.com\/wordpress\/plugins\/seo\/ -->\n<title>Mangiare \/ dormire - Venicewiki<\/title>\n<meta name=\"description\" content=\"Assapora la cucina tradizionale di Venezia attraverso i famosi cicchetti dei caratteristici bacari della citt\u00e0. Vieni a scoprire i nostri consigli.\" \/>\n<meta name=\"robots\" content=\"index, follow, max-snippet:-1, max-image-preview:large, max-video-preview:-1\" \/>\n<link rel=\"canonical\" href=\"https:\/\/venicewiki.org\/it\/mangiare-dormire\/\" \/>\n<meta property=\"og:locale\" content=\"it_IT\" \/>\n<meta property=\"og:type\" content=\"article\" \/>\n<meta property=\"og:title\" content=\"Mangiare \/ dormire - Venicewiki\" \/>\n<meta property=\"og:description\" content=\"Assapora la cucina tradizionale di Venezia attraverso i famosi cicchetti dei caratteristici bacari della citt\u00e0. Vieni a scoprire i nostri consigli.\" \/>\n<meta property=\"og:url\" content=\"https:\/\/venicewiki.org\/it\/mangiare-dormire\/\" \/>\n<meta property=\"og:site_name\" content=\"Venicewiki\" \/>\n<meta property=\"article:modified_time\" content=\"2024-02-03T14:59:40+00:00\" \/>\n<meta name=\"twitter:card\" content=\"summary_large_image\" \/>\n<meta name=\"twitter:label1\" content=\"Est. reading time\" \/>\n\t<meta name=\"twitter:data1\" content=\"2 minuti\" \/>\n<script type=\"application\/ld+json\" class=\"yoast-schema-graph\">{\"@context\":\"https:\/\/schema.org\",\"@graph\":[{\"@type\":\"WebPage\",\"@id\":\"https:\/\/venicewiki.org\/it\/mangiare-dormire\/\",\"url\":\"https:\/\/venicewiki.org\/it\/mangiare-dormire\/\",\"name\":\"Mangiare \/ dormire - Venicewiki\",\"isPartOf\":{\"@id\":\"https:\/\/venicewiki.org\/it\/#website\"},\"datePublished\":\"2020-05-03T17:01:10+00:00\",\"dateModified\":\"2024-02-03T14:59:40+00:00\",\"description\":\"Assapora la cucina tradizionale di Venezia attraverso i famosi cicchetti dei caratteristici bacari della citt\u00e0. Vieni a scoprire i nostri consigli.\",\"breadcrumb\":{\"@id\":\"https:\/\/venicewiki.org\/it\/mangiare-dormire\/#breadcrumb\"},\"inLanguage\":\"it-IT\",\"potentialAction\":[{\"@type\":\"ReadAction\",\"target\":[\"https:\/\/venicewiki.org\/it\/mangiare-dormire\/\"]}]},{\"@type\":\"BreadcrumbList\",\"@id\":\"https:\/\/venicewiki.org\/it\/mangiare-dormire\/#breadcrumb\",\"itemListElement\":[{\"@type\":\"ListItem\",\"position\":1,\"name\":\"Home\",\"item\":\"https:\/\/venicewiki.org\/it\/\"},{\"@type\":\"ListItem\",\"position\":2,\"name\":\"Mangiare \/ dormire\"}]},{\"@type\":\"WebSite\",\"@id\":\"https:\/\/venicewiki.org\/it\/#website\",\"url\":\"https:\/\/venicewiki.org\/it\/\",\"name\":\"Venicewiki\",\"description\":\"La guida di Venezia\",\"publisher\":{\"@id\":\"https:\/\/venicewiki.org\/it\/#organization\"},\"potentialAction\":[{\"@type\":\"SearchAction\",\"target\":{\"@type\":\"EntryPoint\",\"urlTemplate\":\"https:\/\/venicewiki.org\/it\/?s={search_term_string}\"},\"query-input\":\"required name=search_term_string\"}],\"inLanguage\":\"it-IT\"},{\"@type\":\"Organization\",\"@id\":\"https:\/\/venicewiki.org\/it\/#organization\",\"name\":\"Venicewiki\",\"url\":\"https:\/\/venicewiki.org\/it\/\",\"sameAs\":[],\"logo\":{\"@type\":\"ImageObject\",\"inLanguage\":\"it-IT\",\"@id\":\"https:\/\/venicewiki.org\/it\/#\/schema\/logo\/image\/\",\"url\":\"https:\/\/venicewiki.org\/it\/wp-content\/uploads\/2022\/12\/Logo-sfondo-rosso.png\",\"contentUrl\":\"https:\/\/venicewiki.org\/it\/wp-content\/uploads\/2022\/12\/Logo-sfondo-rosso.png\",\"width\":1000,\"height\":1000,\"caption\":\"Venicewiki\"},\"image\":{\"@id\":\"https:\/\/venicewiki.org\/it\/#\/schema\/logo\/image\/\"}}]}<\/script>\n<!-- \/ Yoast SEO plugin. -->","yoast_head_json":{"title":"Mangiare \/ dormire - Venicewiki","description":"Assapora la cucina tradizionale di Venezia attraverso i famosi cicchetti dei caratteristici bacari della citt\u00e0. Vieni a scoprire i nostri consigli.","robots":{"index":"index","follow":"follow","max-snippet":"max-snippet:-1","max-image-preview":"max-image-preview:large","max-video-preview":"max-video-preview:-1"},"canonical":"https:\/\/venicewiki.org\/it\/mangiare-dormire\/","og_locale":"it_IT","og_type":"article","og_title":"Mangiare \/ dormire - Venicewiki","og_description":"Assapora la cucina tradizionale di Venezia attraverso i famosi cicchetti dei caratteristici bacari della citt\u00e0. Vieni a scoprire i nostri consigli.","og_url":"https:\/\/venicewiki.org\/it\/mangiare-dormire\/","og_site_name":"Venicewiki","article_modified_time":"2024-02-03T14:59:40+00:00","twitter_card":"summary_large_image","twitter_misc":{"Est. reading time":"2 minuti"},"schema":{"@context":"https:\/\/schema.org","@graph":[{"@type":"WebPage","@id":"https:\/\/venicewiki.org\/it\/mangiare-dormire\/","url":"https:\/\/venicewiki.org\/it\/mangiare-dormire\/","name":"Mangiare \/ dormire - Venicewiki","isPartOf":{"@id":"https:\/\/venicewiki.org\/it\/#website"},"datePublished":"2020-05-03T17:01:10+00:00","dateModified":"2024-02-03T14:59:40+00:00","description":"Assapora la cucina tradizionale di Venezia attraverso i famosi cicchetti dei caratteristici bacari della citt\u00e0. Vieni a scoprire i nostri consigli.","breadcrumb":{"@id":"https:\/\/venicewiki.org\/it\/mangiare-dormire\/#breadcrumb"},"inLanguage":"it-IT","potentialAction":[{"@type":"ReadAction","target":["https:\/\/venicewiki.org\/it\/mangiare-dormire\/"]}]},{"@type":"BreadcrumbList","@id":"https:\/\/venicewiki.org\/it\/mangiare-dormire\/#breadcrumb","itemListElement":[{"@type":"ListItem","position":1,"name":"Home","item":"https:\/\/venicewiki.org\/it\/"},{"@type":"ListItem","position":2,"name":"Mangiare \/ dormire"}]},{"@type":"WebSite","@id":"https:\/\/venicewiki.org\/it\/#website","url":"https:\/\/venicewiki.org\/it\/","name":"Venicewiki","description":"La guida di Venezia","publisher":{"@id":"https:\/\/venicewiki.org\/it\/#organization"},"potentialAction":[{"@type":"SearchAction","target":{"@type":"EntryPoint","urlTemplate":"https:\/\/venicewiki.org\/it\/?s={search_term_string}"},"query-input":"required name=search_term_string"}],"inLanguage":"it-IT"},{"@type":"Organization","@id":"https:\/\/venicewiki.org\/it\/#organization","name":"Venicewiki","url":"https:\/\/venicewiki.org\/it\/","sameAs":[],"logo":{"@type":"ImageObject","inLanguage":"it-IT","@id":"https:\/\/venicewiki.org\/it\/#\/schema\/logo\/image\/","url":"https:\/\/venicewiki.org\/it\/wp-content\/uploads\/2022\/12\/Logo-sfondo-rosso.png","contentUrl":"https:\/\/venicewiki.org\/it\/wp-content\/uploads\/2022\/12\/Logo-sfondo-rosso.png","width":1000,"height":1000,"caption":"Venicewiki"},"image":{"@id":"https:\/\/venicewiki.org\/it\/#\/schema\/logo\/image\/"}}]}},"_links":{"self":[{"href":"https:\/\/venicewiki.org\/it\/wp-json\/wp\/v2\/pages\/1886"}],"collection":[{"href":"https:\/\/venicewiki.org\/it\/wp-json\/wp\/v2\/pages"}],"about":[{"href":"https:\/\/venicewiki.org\/it\/wp-json\/wp\/v2\/types\/page"}],"author":[{"embeddable":true,"href":"https:\/\/venicewiki.org\/it\/wp-json\/wp\/v2\/users\/2"}],"replies":[{"embeddable":true,"href":"https:\/\/venicewiki.org\/it\/wp-json\/wp\/v2\/comments?post=1886"}],"version-history":[{"count":16,"href":"https:\/\/venicewiki.org\/it\/wp-json\/wp\/v2\/pages\/1886\/revisions"}],"predecessor-version":[{"id":6297,"href":"https:\/\/venicewiki.org\/it\/wp-json\/wp\/v2\/pages\/1886\/revisions\/6297"}],"wp:attachment":[{"href":"https:\/\/venicewiki.org\/it\/wp-json\/wp\/v2\/media?parent=1886"}],"curies":[{"name":"wp","href":"https:\/\/api.w.org\/{rel}","templated":true}]}}