{"id":1888,"date":"2020-05-03T19:02:09","date_gmt":"2020-05-03T17:02:09","guid":{"rendered":"https:\/\/venicewiki.org\/it\/?page_id=1888"},"modified":"2023-03-13T19:12:31","modified_gmt":"2023-03-13T18:12:31","slug":"eventi","status":"publish","type":"page","link":"https:\/\/venicewiki.org\/it\/eventi\/","title":{"rendered":"Eventi"},"content":{"rendered":"<p>[vc_row][vc_column][vc_column_text]<\/p>\n<h1 style=\"text-align: center;\">Eventi a Venezia<\/h1>\n<p>[\/vc_column_text][\/vc_column][\/vc_row][vc_row][vc_column][vc_column_text]Venezia \u00e8 una citt\u00e0 che offre molto ai suoi visitatori. Oltre ai suoi monumenti e ai suoi paesaggi unici, la citt\u00e0 \u00e8 famosa per i suoi eventi annuali, che attirano visitatori da tutto il mondo. In questo articolo, ti parler\u00f2 dei quattro eventi principali che si svolgono ogni anno a Venezia: il Carnevale, il <a href=\"https:\/\/venicewiki.org\/it\/tradizioni\/redentore\/\">Redentore<\/a>, la Voga Longa e la Regata Storica.[\/vc_column_text][\/vc_column][\/vc_row][vc_row][vc_column][vc_column_text]<\/p>\n<h2>Carnevale di Venezia<\/h2>\n<p>[\/vc_column_text][vc_column_text]Il Carnevale di Venezia \u00e8 uno dei pi\u00f9 famosi al mondo. Si svolge ogni anno durante la settimana precedente al mercoled\u00ec delle ceneri. Il Carnevale di Venezia \u00e8 famoso per le sue maschere, che sono un simbolo della citt\u00e0 e della sua storia. Durante il Carnevale, le strade di Venezia si riempiono di visitatori che indossano costumi elaborati e maschere tradizionali. Ci sono anche sfilate, spettacoli e balli in maschera.[\/vc_column_text][\/vc_column][\/vc_row][vc_row][vc_column][vc_column_text]<\/p>\n<h2>Il <a href=\"https:\/\/venicewiki.org\/it\/tradizioni\/redentore\/\">Redentore<\/a><\/h2>\n<p>[\/vc_column_text][vc_column_text]Il <a href=\"https:\/\/venicewiki.org\/it\/tradizioni\/redentore\/\">Redentore<\/a> \u00e8 una festa religiosa che si svolge ogni anno il terzo sabato di luglio. La festa \u00e8 stata istituita nel 1577 per ringraziare Dio per la fine della peste che aveva colpito la citt\u00e0. Durante il Redentore, una lunga passerella di barche viene costruita sul <a href=\"https:\/\/venicewiki.org\/it\/cose-veneziane\/canale-della-giudecca\/\">Canale della Giudecca<\/a> per permettere ai visitatori di attraversare il canale a piedi. In serata, la citt\u00e0 si illumina di fuochi d&#8217;artificio spettacolari.[\/vc_column_text][\/vc_column][\/vc_row][vc_row][vc_column][vc_column_text]<\/p>\n<h2>Voga Longa<\/h2>\n<p>[\/vc_column_text][vc_column_text]La Voga Longa \u00e8 una gara non competitiva di canottaggio che si svolge ogni anno durante di maggio. La gara vede i vogatori che percorrono 32 chilometri attraverso la <a href=\"https:\/\/venicewiki.org\/it\/cose-veneziane\/la_laguna_di_venezia\/\">laguna veneziana<\/a>, partendo dal <a href=\"https:\/\/venicewiki.org\/it\/la-citta\/bacino-di-san-marco\/\">Bacino di San Marco<\/a> e toccando <a href=\"https:\/\/venicewiki.org\/it\/isole-della-laguna\/burano\/\">Burano<\/a> pre tornare a punto di partenza. La Voga Longa \u00e8 una festa per gli occhi, con migliaia di barche, tra tradizionali veneziane e voga all&#8217;inglese, che sfrecciano attraverso i canali della citt\u00e0.[\/vc_column_text][\/vc_column][\/vc_row][vc_row][vc_column][vc_column_text]<\/p>\n<h2>Regata Storica<\/h2>\n<p>[\/vc_column_text][vc_column_text]La Regata Storica si svolge il primo weekend di settembre. \u00c8 la pi\u00f9 importante gara di voga alla veneta della citt\u00e0, durante la quale le barche tradizionali veneziane competono in una serie di regate. La gara principale \u00e8 la &#8220;<strong>Campioni su <a href=\"https:\/\/venicewiki.org\/it\/cose-veneziane\/gondola\/\">Gondolini<\/a><\/strong>&#8220;, nella quale i vogatori competono su barche a due remi. La Regata Storica \u00e8 anche un&#8217;occasione per vedere le pi\u00f9 barche storiche e tradizionali di Venezia.[\/vc_column_text][\/vc_column][\/vc_row]<\/p>\n","protected":false},"excerpt":{"rendered":"<p>Scopri gli eventi a Venezia: Mostre, Musei, Concerti, Teatri, Spettacoli, Feste, Manifestazioni, Sport e Musica dal vivo.<\/p>\n","protected":false},"author":2,"featured_media":0,"parent":0,"menu_order":0,"comment_status":"closed","ping_status":"closed","template":"","meta":{"_editorskit_title_hidden":false,"_editorskit_reading_time":0},"yoast_head":"<!-- This site is optimized with the Yoast SEO plugin v19.7.1 - https:\/\/yoast.com\/wordpress\/plugins\/seo\/ -->\n<title>Eventi - Venicewiki<\/title>\n<meta name=\"description\" content=\"Scopri gli eventi a Venezia: Mostre, Musei, Concerti, Teatri, Spettacoli, Feste, Manifestazioni, Sport e Musica dal vivo.\" \/>\n<meta name=\"robots\" content=\"index, follow, max-snippet:-1, max-image-preview:large, max-video-preview:-1\" \/>\n<link rel=\"canonical\" href=\"https:\/\/venicewiki.org\/it\/eventi\/\" \/>\n<meta property=\"og:locale\" content=\"it_IT\" \/>\n<meta property=\"og:type\" content=\"article\" \/>\n<meta property=\"og:title\" content=\"Eventi - Venicewiki\" \/>\n<meta property=\"og:description\" content=\"Scopri gli eventi a Venezia: Mostre, Musei, Concerti, Teatri, Spettacoli, Feste, Manifestazioni, Sport e Musica dal vivo.\" \/>\n<meta property=\"og:url\" content=\"https:\/\/venicewiki.org\/it\/eventi\/\" \/>\n<meta property=\"og:site_name\" content=\"Venicewiki\" \/>\n<meta property=\"article:modified_time\" content=\"2023-03-13T18:12:31+00:00\" \/>\n<meta name=\"twitter:card\" content=\"summary_large_image\" \/>\n<meta name=\"twitter:label1\" content=\"Est. reading time\" \/>\n\t<meta name=\"twitter:data1\" content=\"2 minuti\" \/>\n<script type=\"application\/ld+json\" class=\"yoast-schema-graph\">{\"@context\":\"https:\/\/schema.org\",\"@graph\":[{\"@type\":\"WebPage\",\"@id\":\"https:\/\/venicewiki.org\/it\/eventi\/\",\"url\":\"https:\/\/venicewiki.org\/it\/eventi\/\",\"name\":\"Eventi - Venicewiki\",\"isPartOf\":{\"@id\":\"https:\/\/venicewiki.org\/it\/#website\"},\"datePublished\":\"2020-05-03T17:02:09+00:00\",\"dateModified\":\"2023-03-13T18:12:31+00:00\",\"description\":\"Scopri gli eventi a Venezia: Mostre, Musei, Concerti, Teatri, Spettacoli, Feste, Manifestazioni, Sport e Musica dal vivo.\",\"breadcrumb\":{\"@id\":\"https:\/\/venicewiki.org\/it\/eventi\/#breadcrumb\"},\"inLanguage\":\"it-IT\",\"potentialAction\":[{\"@type\":\"ReadAction\",\"target\":[\"https:\/\/venicewiki.org\/it\/eventi\/\"]}]},{\"@type\":\"BreadcrumbList\",\"@id\":\"https:\/\/venicewiki.org\/it\/eventi\/#breadcrumb\",\"itemListElement\":[{\"@type\":\"ListItem\",\"position\":1,\"name\":\"Home\",\"item\":\"https:\/\/venicewiki.org\/it\/\"},{\"@type\":\"ListItem\",\"position\":2,\"name\":\"Eventi\"}]},{\"@type\":\"WebSite\",\"@id\":\"https:\/\/venicewiki.org\/it\/#website\",\"url\":\"https:\/\/venicewiki.org\/it\/\",\"name\":\"Venicewiki\",\"description\":\"La guida di Venezia\",\"publisher\":{\"@id\":\"https:\/\/venicewiki.org\/it\/#organization\"},\"potentialAction\":[{\"@type\":\"SearchAction\",\"target\":{\"@type\":\"EntryPoint\",\"urlTemplate\":\"https:\/\/venicewiki.org\/it\/?s={search_term_string}\"},\"query-input\":\"required name=search_term_string\"}],\"inLanguage\":\"it-IT\"},{\"@type\":\"Organization\",\"@id\":\"https:\/\/venicewiki.org\/it\/#organization\",\"name\":\"Venicewiki\",\"url\":\"https:\/\/venicewiki.org\/it\/\",\"sameAs\":[],\"logo\":{\"@type\":\"ImageObject\",\"inLanguage\":\"it-IT\",\"@id\":\"https:\/\/venicewiki.org\/it\/#\/schema\/logo\/image\/\",\"url\":\"https:\/\/venicewiki.org\/it\/wp-content\/uploads\/2022\/12\/Logo-sfondo-rosso.png\",\"contentUrl\":\"https:\/\/venicewiki.org\/it\/wp-content\/uploads\/2022\/12\/Logo-sfondo-rosso.png\",\"width\":1000,\"height\":1000,\"caption\":\"Venicewiki\"},\"image\":{\"@id\":\"https:\/\/venicewiki.org\/it\/#\/schema\/logo\/image\/\"}}]}<\/script>\n<!-- \/ Yoast SEO plugin. -->","yoast_head_json":{"title":"Eventi - Venicewiki","description":"Scopri gli eventi a Venezia: Mostre, Musei, Concerti, Teatri, Spettacoli, Feste, Manifestazioni, Sport e Musica dal vivo.","robots":{"index":"index","follow":"follow","max-snippet":"max-snippet:-1","max-image-preview":"max-image-preview:large","max-video-preview":"max-video-preview:-1"},"canonical":"https:\/\/venicewiki.org\/it\/eventi\/","og_locale":"it_IT","og_type":"article","og_title":"Eventi - Venicewiki","og_description":"Scopri gli eventi a Venezia: Mostre, Musei, Concerti, Teatri, Spettacoli, Feste, Manifestazioni, Sport e Musica dal vivo.","og_url":"https:\/\/venicewiki.org\/it\/eventi\/","og_site_name":"Venicewiki","article_modified_time":"2023-03-13T18:12:31+00:00","twitter_card":"summary_large_image","twitter_misc":{"Est. reading time":"2 minuti"},"schema":{"@context":"https:\/\/schema.org","@graph":[{"@type":"WebPage","@id":"https:\/\/venicewiki.org\/it\/eventi\/","url":"https:\/\/venicewiki.org\/it\/eventi\/","name":"Eventi - Venicewiki","isPartOf":{"@id":"https:\/\/venicewiki.org\/it\/#website"},"datePublished":"2020-05-03T17:02:09+00:00","dateModified":"2023-03-13T18:12:31+00:00","description":"Scopri gli eventi a Venezia: Mostre, Musei, Concerti, Teatri, Spettacoli, Feste, Manifestazioni, Sport e Musica dal vivo.","breadcrumb":{"@id":"https:\/\/venicewiki.org\/it\/eventi\/#breadcrumb"},"inLanguage":"it-IT","potentialAction":[{"@type":"ReadAction","target":["https:\/\/venicewiki.org\/it\/eventi\/"]}]},{"@type":"BreadcrumbList","@id":"https:\/\/venicewiki.org\/it\/eventi\/#breadcrumb","itemListElement":[{"@type":"ListItem","position":1,"name":"Home","item":"https:\/\/venicewiki.org\/it\/"},{"@type":"ListItem","position":2,"name":"Eventi"}]},{"@type":"WebSite","@id":"https:\/\/venicewiki.org\/it\/#website","url":"https:\/\/venicewiki.org\/it\/","name":"Venicewiki","description":"La guida di Venezia","publisher":{"@id":"https:\/\/venicewiki.org\/it\/#organization"},"potentialAction":[{"@type":"SearchAction","target":{"@type":"EntryPoint","urlTemplate":"https:\/\/venicewiki.org\/it\/?s={search_term_string}"},"query-input":"required name=search_term_string"}],"inLanguage":"it-IT"},{"@type":"Organization","@id":"https:\/\/venicewiki.org\/it\/#organization","name":"Venicewiki","url":"https:\/\/venicewiki.org\/it\/","sameAs":[],"logo":{"@type":"ImageObject","inLanguage":"it-IT","@id":"https:\/\/venicewiki.org\/it\/#\/schema\/logo\/image\/","url":"https:\/\/venicewiki.org\/it\/wp-content\/uploads\/2022\/12\/Logo-sfondo-rosso.png","contentUrl":"https:\/\/venicewiki.org\/it\/wp-content\/uploads\/2022\/12\/Logo-sfondo-rosso.png","width":1000,"height":1000,"caption":"Venicewiki"},"image":{"@id":"https:\/\/venicewiki.org\/it\/#\/schema\/logo\/image\/"}}]}},"_links":{"self":[{"href":"https:\/\/venicewiki.org\/it\/wp-json\/wp\/v2\/pages\/1888"}],"collection":[{"href":"https:\/\/venicewiki.org\/it\/wp-json\/wp\/v2\/pages"}],"about":[{"href":"https:\/\/venicewiki.org\/it\/wp-json\/wp\/v2\/types\/page"}],"author":[{"embeddable":true,"href":"https:\/\/venicewiki.org\/it\/wp-json\/wp\/v2\/users\/2"}],"replies":[{"embeddable":true,"href":"https:\/\/venicewiki.org\/it\/wp-json\/wp\/v2\/comments?post=1888"}],"version-history":[{"count":7,"href":"https:\/\/venicewiki.org\/it\/wp-json\/wp\/v2\/pages\/1888\/revisions"}],"predecessor-version":[{"id":5982,"href":"https:\/\/venicewiki.org\/it\/wp-json\/wp\/v2\/pages\/1888\/revisions\/5982"}],"wp:attachment":[{"href":"https:\/\/venicewiki.org\/it\/wp-json\/wp\/v2\/media?parent=1888"}],"curies":[{"name":"wp","href":"https:\/\/api.w.org\/{rel}","templated":true}]}}