{"id":1939,"date":"2020-05-03T21:51:50","date_gmt":"2020-05-03T19:51:50","guid":{"rendered":"https:\/\/venicewiki.org\/it\/?page_id=1939"},"modified":"2023-03-08T15:31:59","modified_gmt":"2023-03-08T14:31:59","slug":"giorni-a-venezia","status":"publish","type":"page","link":"https:\/\/venicewiki.org\/it\/vedere-fare\/giorni-a-venezia\/","title":{"rendered":"Cosa vedere e cosa fare a Venezia"},"content":{"rendered":"<p>[vc_row][vc_column][vc_column_text]<\/p>\n<h1 style=\"text-align: center;\">Cosa vedere e cosa fare a Venezia<\/h1>\n<p>[\/vc_column_text][\/vc_column][\/vc_row][vc_row][vc_column][vc_column_text]<\/p>\n<p>Venezia \u00e8 una citt\u00e0 unica al mondo, conosciuta per la sua bellezza mozzafiato e il suo fascino senza tempo.<\/p>\n\n<p>Se stai pianificando un viaggio a Venezia, ci sono moltissime cose da vedere e da fare. La citt\u00e0 \u00e8 famosa per i suoi edifici storici, come il <a href=\"https:\/\/venicewiki.org\/it\/ponti-di-venezia\/ponte_di_rialto\/\">Ponte di Rialto<\/a> e il <a href=\"https:\/\/venicewiki.org\/it\/chiese-palazzi-venezia\/palazzo_ducale\/\">Palazzo Ducale<\/a>, nonch\u00e9 per i suoi numerosi musei, come il <a href=\"https:\/\/venicewiki.org\/it\/chiese-palazzi-venezia\/fondaco_dei_turchi\/\">Museo di Storia Naturale<\/a> di Venezia e il <a href=\"https:\/\/venicewiki.org\/it\/la-citta\/museo_correr\/\">Museo Correr<\/a>.<\/p>\n\n<p>Ma Venezia offre anche molte altre esperienze da fare, come passeggiare lungo i canali e ammirare la citt\u00e0 dall&#8217;acqua, fare un giro in <a href=\"https:\/\/venicewiki.org\/it\/cose-veneziane\/gondola\/\">gondola<\/a>, o semplicemente sedersi a un tavolo all&#8217;aperto di uno dei tanti ristoranti della citt\u00e0 e assaggiare la deliziosa cucina locale.<\/p>\n\n<p>Inoltre, Venezia \u00e8 anche famosa per la sua vivace vita notturna, con una vasta scelta di bar e pub dove potrai divertirti fino a tardi.<\/p>\n\n<p>Insomma, c&#8217;\u00e8 davvero qualcosa per tutti a Venezia, quindi non perdere l&#8217;occasione di scoprire tutto ci\u00f2 che questa meravigliosa citt\u00e0 ha da offrire.<\/p>\n<p>[\/vc_column_text][\/vc_column][\/vc_row][vc_row][vc_column width=&#8221;1\/4&#8243;]<div class=\"content-list column-1 style-3 pagination-active\"><div class=\"item\"><div class=\"post-list-styles post-list-style-3\"><div class=\"image\"><a href=\"https:\/\/venicewiki.org\/it\/vedere-fare\/venezia-in-un-giorno\/\" title=\"Venezia in un giorno\"><img src=\"https:\/\/venicewiki.org\/it\/wp-content\/uploads\/2020\/04\/canmandawe-ftTsK4QinMw-unsplash-370x218.jpg\" alt=\"Venezia in un giorno\" \/><\/a><\/div><div class=\"content\"><div class=\"title\"><a href=\"https:\/\/venicewiki.org\/it\/vedere-fare\/venezia-in-un-giorno\/\" title=\"Venezia in un giorno\">Venezia in un giorno<\/a><\/div><div class=\"excerpt\">Scopri cosa vedere a Venezia in un solo giorno con i nostri consigli! Pianifica la tua visita per ammirare i luoghi pi\u00f9 suggestivi e cogliere la magia della citt\u00e0.<\/div><\/div><\/div><\/div><\/div>[\/vc_column][vc_column width=&#8221;1\/4&#8243;]<div class=\"content-list column-1 style-3 pagination-active\"><div class=\"item\"><div class=\"post-list-styles post-list-style-3\"><div class=\"image\"><a href=\"https:\/\/venicewiki.org\/it\/vedere-fare\/cosa-vedere-a-venezia-in-due-giorni\/\" title=\"Cosa vedere a Venezia in due giorni\"><img src=\"https:\/\/venicewiki.org\/it\/wp-content\/uploads\/2020\/04\/joshua-stannard-YXZnE1jFdFo-unsplash-370x218.jpg\" alt=\"Cosa vedere a Venezia in due giorni\" \/><\/a><\/div><div class=\"content\"><div class=\"title\"><a href=\"https:\/\/venicewiki.org\/it\/vedere-fare\/cosa-vedere-a-venezia-in-due-giorni\/\" title=\"Cosa vedere a Venezia in due giorni\">Cosa vedere a Venezia in due giorni<\/a><\/div><div class=\"excerpt\">Scopri cosa vedere a Venezia in due giorni con i nostri consigli! Pianifica la tua visita per ammirare i luoghi pi\u00f9 suggestivi e cogliere la magia della citt\u00e0.<\/div><\/div><\/div><\/div><\/div>[\/vc_column][vc_column width=&#8221;1\/4&#8243;]<div class=\"content-list column-1 style-3 pagination-active\"><div class=\"item\"><div class=\"post-list-styles post-list-style-3\"><div class=\"image\"><a href=\"https:\/\/venicewiki.org\/it\/vedere-fare\/cosa-vedere-a-venezia-in-tre-giorni\/\" title=\"Cosa vedere a Venezia in tre giorni\"><img src=\"https:\/\/venicewiki.org\/it\/wp-content\/uploads\/2020\/04\/luca-micheli-B8DrRjLHWC0-unsplash-370x218.jpg\" alt=\"Cosa vedere a Venezia in tre giorni\" \/><\/a><\/div><div class=\"content\"><div class=\"title\"><a href=\"https:\/\/venicewiki.org\/it\/vedere-fare\/cosa-vedere-a-venezia-in-tre-giorni\/\" title=\"Cosa vedere a Venezia in tre giorni\">Cosa vedere a Venezia in tre giorni<\/a><\/div><div class=\"excerpt\">Scopri cosa vedere a Venezia in tre giorni con i nostri consigli! Pianifica la tua visita per ammirare i luoghi pi\u00f9 suggestivi e cogliere la magia della citt\u00e0.<\/div><\/div><\/div><\/div><\/div>[\/vc_column][vc_column width=&#8221;1\/4&#8243;]<div class=\"content-list column-1 style-3 pagination-active\"><div class=\"item\"><div class=\"post-list-styles post-list-style-3\"><div class=\"image\"><a href=\"https:\/\/venicewiki.org\/it\/vedere-fare\/cosa-vedere-venezia-quattro-giorni\/\" title=\"Cosa vedere a Venezia in quattro giorni\"><img src=\"https:\/\/venicewiki.org\/it\/wp-content\/uploads\/2020\/04\/lopez-robin-XZPHNxsWSDU-unsplash-370x218.jpg\" alt=\"Cosa vedere a Venezia in quattro giorni\" \/><\/a><\/div><div class=\"content\"><div class=\"title\"><a href=\"https:\/\/venicewiki.org\/it\/vedere-fare\/cosa-vedere-venezia-quattro-giorni\/\" title=\"Cosa vedere a Venezia in quattro giorni\">Cosa vedere a Venezia in quattro giorni<\/a><\/div><div class=\"excerpt\">Scopri cosa vedere a Venezia in quattro giorni con i nostri consigli! Pianifica la tua visita per ammirare i luoghi pi\u00f9 suggestivi e cogliere la magia della citt\u00e0.<\/div><\/div><\/div><\/div><\/div>[\/vc_column][\/vc_row][vc_row][vc_column][vc_raw_html]JTNDZGl2JTIwZGF0YS1neWctaHJlZiUzRCUyMmh0dHBzJTNBJTJGJTJGd2lkZ2V0LmdldHlvdXJndWlkZS5jb20lMkZkZWZhdWx0JTJGYWN0aXZpdGllcy5mcmFtZSUyMiUyMGRhdGEtZ3lnLWxvY2FsZS1jb2RlJTNEJTIyaXQtSVQlMjIlMjBkYXRhLWd5Zy13aWRnZXQlM0QlMjJhY3Rpdml0aWVzJTIyJTIwZGF0YS1neWctbnVtYmVyLW9mLWl0ZW1zJTNEJTIyNCUyMiUyMGRhdGEtZ3lnLXBhcnRuZXItaWQlM0QlMjJKOFhOUkQ2JTIyJTIwZGF0YS1neWctcGxhY2VtZW50JTNEJTIyY29udGVudC1taWRkbGUlMjIlMjBkYXRhLWd5Zy10b3VyLWlkcyUzRCUyMjIzNDExNyUyQzM5NzMyNiUyQzE5MjMwMyUyQzI2Mjg1NyUyMiUzRSUzQyUyRmRpdiUzRQ==[\/vc_raw_html][\/vc_column][\/vc_row][vc_row][vc_column][vc_raw_html]JTNDZGl2JTIwZGF0YS1neWctaHJlZiUzRCUyMmh0dHBzJTNBJTJGJTJGd2lkZ2V0LmdldHlvdXJndWlkZS5jb20lMkZkZWZhdWx0JTJGYWN0aXZpdGllcy5mcmFtZSUyMiUyMGRhdGEtZ3lnLWxvY2FsZS1jb2RlJTNEJTIyaXQtSVQlMjIlMjBkYXRhLWd5Zy13aWRnZXQlM0QlMjJhY3Rpdml0aWVzJTIyJTIwZGF0YS1neWctbnVtYmVyLW9mLWl0ZW1zJTNEJTIyNCUyMiUyMGRhdGEtZ3lnLXBhcnRuZXItaWQlM0QlMjJKOFhOUkQ2JTIyJTIwZGF0YS1neWctcGxhY2VtZW50JTNEJTIyY29udGVudC1taWRkbGUlMjIlMjBkYXRhLWd5Zy10b3VyLWlkcyUzRCUyMjY0MDc3JTJDMTM5MjA1JTJDMTA3NDg1JTJDMTk5Nzc0JTIyJTNFJTNDJTJGZGl2JTNF[\/vc_raw_html][\/vc_column][\/vc_row]<\/p>\n","protected":false},"excerpt":{"rendered":"<p>Pianifica il tuo viaggio a Venezia: scopri edifici storici e musei. Non perdere l&#8217;occasione di scoprire tutto ci\u00f2 che questa meravigliosa citt\u00e0 ha da offrire.<\/p>\n","protected":false},"author":2,"featured_media":0,"parent":1884,"menu_order":0,"comment_status":"closed","ping_status":"closed","template":"","meta":{"_editorskit_title_hidden":false,"_editorskit_reading_time":1},"yoast_head":"<!-- This site is optimized with the Yoast SEO plugin v19.7.1 - https:\/\/yoast.com\/wordpress\/plugins\/seo\/ -->\n<title>Cosa vedere e cosa fare a Venezia - Venicewiki<\/title>\n<meta name=\"description\" content=\"Pianifica il tuo viaggio a Venezia: scopri edifici storici e musei. Non perdere l&#039;occasione di scoprire tutto ci\u00f2 che questa meravigliosa citt\u00e0 ha da offrire.\" \/>\n<meta name=\"robots\" content=\"index, follow, max-snippet:-1, max-image-preview:large, max-video-preview:-1\" \/>\n<link rel=\"canonical\" href=\"https:\/\/venicewiki.org\/it\/vedere-fare\/giorni-a-venezia\/\" \/>\n<meta property=\"og:locale\" content=\"it_IT\" \/>\n<meta property=\"og:type\" content=\"article\" \/>\n<meta property=\"og:title\" content=\"Cosa vedere e cosa fare a Venezia - Venicewiki\" \/>\n<meta property=\"og:description\" content=\"Pianifica il tuo viaggio a Venezia: scopri edifici storici e musei. Non perdere l&#039;occasione di scoprire tutto ci\u00f2 che questa meravigliosa citt\u00e0 ha da offrire.\" \/>\n<meta property=\"og:url\" content=\"https:\/\/venicewiki.org\/it\/vedere-fare\/giorni-a-venezia\/\" \/>\n<meta property=\"og:site_name\" content=\"Venicewiki\" \/>\n<meta property=\"article:modified_time\" content=\"2023-03-08T14:31:59+00:00\" \/>\n<meta name=\"twitter:card\" content=\"summary_large_image\" \/>\n<meta name=\"twitter:label1\" content=\"Est. reading time\" \/>\n\t<meta name=\"twitter:data1\" content=\"2 minuti\" \/>\n<script type=\"application\/ld+json\" class=\"yoast-schema-graph\">{\"@context\":\"https:\/\/schema.org\",\"@graph\":[{\"@type\":\"WebPage\",\"@id\":\"https:\/\/venicewiki.org\/it\/vedere-fare\/giorni-a-venezia\/\",\"url\":\"https:\/\/venicewiki.org\/it\/vedere-fare\/giorni-a-venezia\/\",\"name\":\"Cosa vedere e cosa fare a Venezia - Venicewiki\",\"isPartOf\":{\"@id\":\"https:\/\/venicewiki.org\/it\/#website\"},\"datePublished\":\"2020-05-03T19:51:50+00:00\",\"dateModified\":\"2023-03-08T14:31:59+00:00\",\"description\":\"Pianifica il tuo viaggio a Venezia: scopri edifici storici e musei. Non perdere l'occasione di scoprire tutto ci\u00f2 che questa meravigliosa citt\u00e0 ha da offrire.\",\"breadcrumb\":{\"@id\":\"https:\/\/venicewiki.org\/it\/vedere-fare\/giorni-a-venezia\/#breadcrumb\"},\"inLanguage\":\"it-IT\",\"potentialAction\":[{\"@type\":\"ReadAction\",\"target\":[\"https:\/\/venicewiki.org\/it\/vedere-fare\/giorni-a-venezia\/\"]}]},{\"@type\":\"BreadcrumbList\",\"@id\":\"https:\/\/venicewiki.org\/it\/vedere-fare\/giorni-a-venezia\/#breadcrumb\",\"itemListElement\":[{\"@type\":\"ListItem\",\"position\":1,\"name\":\"Home\",\"item\":\"https:\/\/venicewiki.org\/it\/\"},{\"@type\":\"ListItem\",\"position\":2,\"name\":\"Cosa vedere e fare\",\"item\":\"https:\/\/venicewiki.org\/it\/vedere-fare\/\"},{\"@type\":\"ListItem\",\"position\":3,\"name\":\"Cosa vedere e cosa fare a Venezia\"}]},{\"@type\":\"WebSite\",\"@id\":\"https:\/\/venicewiki.org\/it\/#website\",\"url\":\"https:\/\/venicewiki.org\/it\/\",\"name\":\"Venicewiki\",\"description\":\"La guida di Venezia\",\"publisher\":{\"@id\":\"https:\/\/venicewiki.org\/it\/#organization\"},\"potentialAction\":[{\"@type\":\"SearchAction\",\"target\":{\"@type\":\"EntryPoint\",\"urlTemplate\":\"https:\/\/venicewiki.org\/it\/?s={search_term_string}\"},\"query-input\":\"required name=search_term_string\"}],\"inLanguage\":\"it-IT\"},{\"@type\":\"Organization\",\"@id\":\"https:\/\/venicewiki.org\/it\/#organization\",\"name\":\"Venicewiki\",\"url\":\"https:\/\/venicewiki.org\/it\/\",\"sameAs\":[],\"logo\":{\"@type\":\"ImageObject\",\"inLanguage\":\"it-IT\",\"@id\":\"https:\/\/venicewiki.org\/it\/#\/schema\/logo\/image\/\",\"url\":\"https:\/\/venicewiki.org\/it\/wp-content\/uploads\/2022\/12\/Logo-sfondo-rosso.png\",\"contentUrl\":\"https:\/\/venicewiki.org\/it\/wp-content\/uploads\/2022\/12\/Logo-sfondo-rosso.png\",\"width\":1000,\"height\":1000,\"caption\":\"Venicewiki\"},\"image\":{\"@id\":\"https:\/\/venicewiki.org\/it\/#\/schema\/logo\/image\/\"}}]}<\/script>\n<!-- \/ Yoast SEO plugin. -->","yoast_head_json":{"title":"Cosa vedere e cosa fare a Venezia - Venicewiki","description":"Pianifica il tuo viaggio a Venezia: scopri edifici storici e musei. Non perdere l'occasione di scoprire tutto ci\u00f2 che questa meravigliosa citt\u00e0 ha da offrire.","robots":{"index":"index","follow":"follow","max-snippet":"max-snippet:-1","max-image-preview":"max-image-preview:large","max-video-preview":"max-video-preview:-1"},"canonical":"https:\/\/venicewiki.org\/it\/vedere-fare\/giorni-a-venezia\/","og_locale":"it_IT","og_type":"article","og_title":"Cosa vedere e cosa fare a Venezia - Venicewiki","og_description":"Pianifica il tuo viaggio a Venezia: scopri edifici storici e musei. Non perdere l'occasione di scoprire tutto ci\u00f2 che questa meravigliosa citt\u00e0 ha da offrire.","og_url":"https:\/\/venicewiki.org\/it\/vedere-fare\/giorni-a-venezia\/","og_site_name":"Venicewiki","article_modified_time":"2023-03-08T14:31:59+00:00","twitter_card":"summary_large_image","twitter_misc":{"Est. reading time":"2 minuti"},"schema":{"@context":"https:\/\/schema.org","@graph":[{"@type":"WebPage","@id":"https:\/\/venicewiki.org\/it\/vedere-fare\/giorni-a-venezia\/","url":"https:\/\/venicewiki.org\/it\/vedere-fare\/giorni-a-venezia\/","name":"Cosa vedere e cosa fare a Venezia - Venicewiki","isPartOf":{"@id":"https:\/\/venicewiki.org\/it\/#website"},"datePublished":"2020-05-03T19:51:50+00:00","dateModified":"2023-03-08T14:31:59+00:00","description":"Pianifica il tuo viaggio a Venezia: scopri edifici storici e musei. Non perdere l'occasione di scoprire tutto ci\u00f2 che questa meravigliosa citt\u00e0 ha da offrire.","breadcrumb":{"@id":"https:\/\/venicewiki.org\/it\/vedere-fare\/giorni-a-venezia\/#breadcrumb"},"inLanguage":"it-IT","potentialAction":[{"@type":"ReadAction","target":["https:\/\/venicewiki.org\/it\/vedere-fare\/giorni-a-venezia\/"]}]},{"@type":"BreadcrumbList","@id":"https:\/\/venicewiki.org\/it\/vedere-fare\/giorni-a-venezia\/#breadcrumb","itemListElement":[{"@type":"ListItem","position":1,"name":"Home","item":"https:\/\/venicewiki.org\/it\/"},{"@type":"ListItem","position":2,"name":"Cosa vedere e fare","item":"https:\/\/venicewiki.org\/it\/vedere-fare\/"},{"@type":"ListItem","position":3,"name":"Cosa vedere e cosa fare a Venezia"}]},{"@type":"WebSite","@id":"https:\/\/venicewiki.org\/it\/#website","url":"https:\/\/venicewiki.org\/it\/","name":"Venicewiki","description":"La guida di Venezia","publisher":{"@id":"https:\/\/venicewiki.org\/it\/#organization"},"potentialAction":[{"@type":"SearchAction","target":{"@type":"EntryPoint","urlTemplate":"https:\/\/venicewiki.org\/it\/?s={search_term_string}"},"query-input":"required name=search_term_string"}],"inLanguage":"it-IT"},{"@type":"Organization","@id":"https:\/\/venicewiki.org\/it\/#organization","name":"Venicewiki","url":"https:\/\/venicewiki.org\/it\/","sameAs":[],"logo":{"@type":"ImageObject","inLanguage":"it-IT","@id":"https:\/\/venicewiki.org\/it\/#\/schema\/logo\/image\/","url":"https:\/\/venicewiki.org\/it\/wp-content\/uploads\/2022\/12\/Logo-sfondo-rosso.png","contentUrl":"https:\/\/venicewiki.org\/it\/wp-content\/uploads\/2022\/12\/Logo-sfondo-rosso.png","width":1000,"height":1000,"caption":"Venicewiki"},"image":{"@id":"https:\/\/venicewiki.org\/it\/#\/schema\/logo\/image\/"}}]}},"_links":{"self":[{"href":"https:\/\/venicewiki.org\/it\/wp-json\/wp\/v2\/pages\/1939"}],"collection":[{"href":"https:\/\/venicewiki.org\/it\/wp-json\/wp\/v2\/pages"}],"about":[{"href":"https:\/\/venicewiki.org\/it\/wp-json\/wp\/v2\/types\/page"}],"author":[{"embeddable":true,"href":"https:\/\/venicewiki.org\/it\/wp-json\/wp\/v2\/users\/2"}],"replies":[{"embeddable":true,"href":"https:\/\/venicewiki.org\/it\/wp-json\/wp\/v2\/comments?post=1939"}],"version-history":[{"count":18,"href":"https:\/\/venicewiki.org\/it\/wp-json\/wp\/v2\/pages\/1939\/revisions"}],"predecessor-version":[{"id":5889,"href":"https:\/\/venicewiki.org\/it\/wp-json\/wp\/v2\/pages\/1939\/revisions\/5889"}],"up":[{"embeddable":true,"href":"https:\/\/venicewiki.org\/it\/wp-json\/wp\/v2\/pages\/1884"}],"wp:attachment":[{"href":"https:\/\/venicewiki.org\/it\/wp-json\/wp\/v2\/media?parent=1939"}],"curies":[{"name":"wp","href":"https:\/\/api.w.org\/{rel}","templated":true}]}}