{"id":1955,"date":"2020-05-03T22:24:47","date_gmt":"2020-05-03T20:24:47","guid":{"rendered":"https:\/\/venicewiki.org\/it\/?page_id=1955"},"modified":"2023-03-09T18:07:15","modified_gmt":"2023-03-09T17:07:15","slug":"isole-della-laguna","status":"publish","type":"page","link":"https:\/\/venicewiki.org\/it\/la-citta\/isole-della-laguna\/","title":{"rendered":"Isole della laguna"},"content":{"rendered":"<p>[vc_row][vc_column][vc_column_text]<\/p>\n<h1 style=\"text-align: center;\">Isole della laguna<\/h1>\n<p>[\/vc_column_text][\/vc_column][\/vc_row][vc_row][vc_column][vc_column_text]Venezia \u00e8 una citt\u00e0 ricca di storia, cultura e bellezze naturali, ma forse c&#8217;\u00e8 pochissima gente che sa che la <a href=\"https:\/\/venicewiki.org\/it\/cose-veneziane\/la_laguna_di_venezia\/\">Laguna di Venezia<\/a> \u00e8 ricca di isole che meritano di essere visitate. Oltre alle famose <a href=\"https:\/\/venicewiki.org\/it\/isole-della-laguna\/murano\/\">Murano<\/a>, <a href=\"https:\/\/venicewiki.org\/it\/isole-della-laguna\/burano\/\">Burano<\/a> e <a href=\"https:\/\/venicewiki.org\/it\/isole-della-laguna\/torcello\/\">Torcello<\/a>, ci sono altre isole degne di una visita, come <a href=\"https:\/\/venicewiki.org\/it\/altre-localita\/chioggia_e_sottomarina\/\">Chioggia<\/a>, <a href=\"https:\/\/venicewiki.org\/it\/isole-della-laguna\/pellestrina\/\">Pellestrina<\/a> e San Francesco del Deserto. In questo post, parleremo di queste isole e di quello che sono in grado di offrire.[\/vc_column_text][\/vc_column][\/vc_row][vc_row][vc_column][vc_column_text]<\/p>\n<h2>La Geografia della Laguna<\/h2>\n<p>[\/vc_column_text][vc_column_text]La Laguna di Venezia \u00e8 un&#8217;area paludosa costituita da una serie di isole collegate da ponti e canali. La conformazione della laguna ha contribuito a preservare la storia e la cultura veneziana per secoli. Ognuna delle isole ha una storia unica, e ciascuna ha delle caratteristiche che la rendono unica.[\/vc_column_text][\/vc_column][\/vc_row][vc_row][vc_column][vc_column_text]<\/p>\n<h2>Funzioni delle Isole<\/h2>\n<p>[\/vc_column_text][vc_column_text]Le isole della Laguna di Venezia sono state importanti per Venezia per secoli, come luoghi di riposo, luoghi di isolamento per le epidemie che si sono succedute come il Lazzaretto, centri di produzione e centri di commercio. Ogni isola ha una sua funzione e la sua storia. Ad esempio, <a href=\"https:\/\/venicewiki.org\/it\/isole-della-laguna\/murano\/\">Murano<\/a> \u00e8 importante come centro di produzione di vetro da diversi secoli e <a href=\"https:\/\/venicewiki.org\/it\/isole-della-laguna\/burano\/\">Burano<\/a> \u00e8 conosciuta per i suoi merletti. <a href=\"https:\/\/venicewiki.org\/it\/isole-della-laguna\/torcello\/\">Torcello<\/a> \u00e8 stata una delle prime colonie della laguna e ancora oggi mantiene la sua atmosfera di pace e tranquillit\u00e0. <a href=\"https:\/\/venicewiki.org\/it\/altre-localita\/chioggia_e_sottomarina\/\">Chioggia<\/a> \u00e8 un importante porto di pesca, mentre Sant&#8217;Erasmo e <a href=\"https:\/\/venicewiki.org\/it\/isole-della-laguna\/pellestrina\/\">Pellestrina<\/a>\u00a0sono entrambi importanti centri di produzione agricola.[\/vc_column_text][\/vc_column][\/vc_row]<\/p>\n","protected":false},"excerpt":{"rendered":"<p>Scopri le meraviglie nascoste di Venezia! Oltre a Murano, Burano e Torcello, ci sono isole meno conosciute ma altrettanto belle, come Chioggia e Pellestrina<\/p>\n","protected":false},"author":2,"featured_media":0,"parent":1966,"menu_order":0,"comment_status":"closed","ping_status":"closed","template":"","meta":{"_editorskit_title_hidden":false,"_editorskit_reading_time":0},"yoast_head":"<!-- This site is optimized with the Yoast SEO plugin v19.7.1 - https:\/\/yoast.com\/wordpress\/plugins\/seo\/ -->\n<title>Isole della laguna - Venicewiki<\/title>\n<meta name=\"description\" content=\"Scopri le meraviglie nascoste di Venezia! Oltre a Murano, Burano e Torcello, ci sono isole meno conosciute ma altrettanto belle, come Chioggia e Pellestrina\" \/>\n<meta name=\"robots\" content=\"index, follow, max-snippet:-1, max-image-preview:large, max-video-preview:-1\" \/>\n<link rel=\"canonical\" href=\"https:\/\/venicewiki.org\/it\/la-citta\/isole-della-laguna\/\" \/>\n<meta property=\"og:locale\" content=\"it_IT\" \/>\n<meta property=\"og:type\" content=\"article\" \/>\n<meta property=\"og:title\" content=\"Isole della laguna - Venicewiki\" \/>\n<meta property=\"og:description\" content=\"Scopri le meraviglie nascoste di Venezia! Oltre a Murano, Burano e Torcello, ci sono isole meno conosciute ma altrettanto belle, come Chioggia e Pellestrina\" \/>\n<meta property=\"og:url\" content=\"https:\/\/venicewiki.org\/it\/la-citta\/isole-della-laguna\/\" \/>\n<meta property=\"og:site_name\" content=\"Venicewiki\" \/>\n<meta property=\"article:modified_time\" content=\"2023-03-09T17:07:15+00:00\" \/>\n<meta name=\"twitter:card\" content=\"summary_large_image\" \/>\n<meta name=\"twitter:label1\" content=\"Est. reading time\" \/>\n\t<meta name=\"twitter:data1\" content=\"2 minuti\" \/>\n<script type=\"application\/ld+json\" class=\"yoast-schema-graph\">{\"@context\":\"https:\/\/schema.org\",\"@graph\":[{\"@type\":\"WebPage\",\"@id\":\"https:\/\/venicewiki.org\/it\/la-citta\/isole-della-laguna\/\",\"url\":\"https:\/\/venicewiki.org\/it\/la-citta\/isole-della-laguna\/\",\"name\":\"Isole della laguna - Venicewiki\",\"isPartOf\":{\"@id\":\"https:\/\/venicewiki.org\/it\/#website\"},\"datePublished\":\"2020-05-03T20:24:47+00:00\",\"dateModified\":\"2023-03-09T17:07:15+00:00\",\"description\":\"Scopri le meraviglie nascoste di Venezia! Oltre a Murano, Burano e Torcello, ci sono isole meno conosciute ma altrettanto belle, come Chioggia e Pellestrina\",\"breadcrumb\":{\"@id\":\"https:\/\/venicewiki.org\/it\/la-citta\/isole-della-laguna\/#breadcrumb\"},\"inLanguage\":\"it-IT\",\"potentialAction\":[{\"@type\":\"ReadAction\",\"target\":[\"https:\/\/venicewiki.org\/it\/la-citta\/isole-della-laguna\/\"]}]},{\"@type\":\"BreadcrumbList\",\"@id\":\"https:\/\/venicewiki.org\/it\/la-citta\/isole-della-laguna\/#breadcrumb\",\"itemListElement\":[{\"@type\":\"ListItem\",\"position\":1,\"name\":\"Home\",\"item\":\"https:\/\/venicewiki.org\/it\/\"},{\"@type\":\"ListItem\",\"position\":2,\"name\":\"La citt\u00e0\",\"item\":\"https:\/\/venicewiki.org\/it\/la-citta\/\"},{\"@type\":\"ListItem\",\"position\":3,\"name\":\"Isole della laguna\"}]},{\"@type\":\"WebSite\",\"@id\":\"https:\/\/venicewiki.org\/it\/#website\",\"url\":\"https:\/\/venicewiki.org\/it\/\",\"name\":\"Venicewiki\",\"description\":\"La guida di Venezia\",\"publisher\":{\"@id\":\"https:\/\/venicewiki.org\/it\/#organization\"},\"potentialAction\":[{\"@type\":\"SearchAction\",\"target\":{\"@type\":\"EntryPoint\",\"urlTemplate\":\"https:\/\/venicewiki.org\/it\/?s={search_term_string}\"},\"query-input\":\"required name=search_term_string\"}],\"inLanguage\":\"it-IT\"},{\"@type\":\"Organization\",\"@id\":\"https:\/\/venicewiki.org\/it\/#organization\",\"name\":\"Venicewiki\",\"url\":\"https:\/\/venicewiki.org\/it\/\",\"sameAs\":[],\"logo\":{\"@type\":\"ImageObject\",\"inLanguage\":\"it-IT\",\"@id\":\"https:\/\/venicewiki.org\/it\/#\/schema\/logo\/image\/\",\"url\":\"https:\/\/venicewiki.org\/it\/wp-content\/uploads\/2022\/12\/Logo-sfondo-rosso.png\",\"contentUrl\":\"https:\/\/venicewiki.org\/it\/wp-content\/uploads\/2022\/12\/Logo-sfondo-rosso.png\",\"width\":1000,\"height\":1000,\"caption\":\"Venicewiki\"},\"image\":{\"@id\":\"https:\/\/venicewiki.org\/it\/#\/schema\/logo\/image\/\"}}]}<\/script>\n<!-- \/ Yoast SEO plugin. -->","yoast_head_json":{"title":"Isole della laguna - Venicewiki","description":"Scopri le meraviglie nascoste di Venezia! Oltre a Murano, Burano e Torcello, ci sono isole meno conosciute ma altrettanto belle, come Chioggia e Pellestrina","robots":{"index":"index","follow":"follow","max-snippet":"max-snippet:-1","max-image-preview":"max-image-preview:large","max-video-preview":"max-video-preview:-1"},"canonical":"https:\/\/venicewiki.org\/it\/la-citta\/isole-della-laguna\/","og_locale":"it_IT","og_type":"article","og_title":"Isole della laguna - Venicewiki","og_description":"Scopri le meraviglie nascoste di Venezia! Oltre a Murano, Burano e Torcello, ci sono isole meno conosciute ma altrettanto belle, come Chioggia e Pellestrina","og_url":"https:\/\/venicewiki.org\/it\/la-citta\/isole-della-laguna\/","og_site_name":"Venicewiki","article_modified_time":"2023-03-09T17:07:15+00:00","twitter_card":"summary_large_image","twitter_misc":{"Est. reading time":"2 minuti"},"schema":{"@context":"https:\/\/schema.org","@graph":[{"@type":"WebPage","@id":"https:\/\/venicewiki.org\/it\/la-citta\/isole-della-laguna\/","url":"https:\/\/venicewiki.org\/it\/la-citta\/isole-della-laguna\/","name":"Isole della laguna - Venicewiki","isPartOf":{"@id":"https:\/\/venicewiki.org\/it\/#website"},"datePublished":"2020-05-03T20:24:47+00:00","dateModified":"2023-03-09T17:07:15+00:00","description":"Scopri le meraviglie nascoste di Venezia! Oltre a Murano, Burano e Torcello, ci sono isole meno conosciute ma altrettanto belle, come Chioggia e Pellestrina","breadcrumb":{"@id":"https:\/\/venicewiki.org\/it\/la-citta\/isole-della-laguna\/#breadcrumb"},"inLanguage":"it-IT","potentialAction":[{"@type":"ReadAction","target":["https:\/\/venicewiki.org\/it\/la-citta\/isole-della-laguna\/"]}]},{"@type":"BreadcrumbList","@id":"https:\/\/venicewiki.org\/it\/la-citta\/isole-della-laguna\/#breadcrumb","itemListElement":[{"@type":"ListItem","position":1,"name":"Home","item":"https:\/\/venicewiki.org\/it\/"},{"@type":"ListItem","position":2,"name":"La citt\u00e0","item":"https:\/\/venicewiki.org\/it\/la-citta\/"},{"@type":"ListItem","position":3,"name":"Isole della laguna"}]},{"@type":"WebSite","@id":"https:\/\/venicewiki.org\/it\/#website","url":"https:\/\/venicewiki.org\/it\/","name":"Venicewiki","description":"La guida di Venezia","publisher":{"@id":"https:\/\/venicewiki.org\/it\/#organization"},"potentialAction":[{"@type":"SearchAction","target":{"@type":"EntryPoint","urlTemplate":"https:\/\/venicewiki.org\/it\/?s={search_term_string}"},"query-input":"required name=search_term_string"}],"inLanguage":"it-IT"},{"@type":"Organization","@id":"https:\/\/venicewiki.org\/it\/#organization","name":"Venicewiki","url":"https:\/\/venicewiki.org\/it\/","sameAs":[],"logo":{"@type":"ImageObject","inLanguage":"it-IT","@id":"https:\/\/venicewiki.org\/it\/#\/schema\/logo\/image\/","url":"https:\/\/venicewiki.org\/it\/wp-content\/uploads\/2022\/12\/Logo-sfondo-rosso.png","contentUrl":"https:\/\/venicewiki.org\/it\/wp-content\/uploads\/2022\/12\/Logo-sfondo-rosso.png","width":1000,"height":1000,"caption":"Venicewiki"},"image":{"@id":"https:\/\/venicewiki.org\/it\/#\/schema\/logo\/image\/"}}]}},"_links":{"self":[{"href":"https:\/\/venicewiki.org\/it\/wp-json\/wp\/v2\/pages\/1955"}],"collection":[{"href":"https:\/\/venicewiki.org\/it\/wp-json\/wp\/v2\/pages"}],"about":[{"href":"https:\/\/venicewiki.org\/it\/wp-json\/wp\/v2\/types\/page"}],"author":[{"embeddable":true,"href":"https:\/\/venicewiki.org\/it\/wp-json\/wp\/v2\/users\/2"}],"replies":[{"embeddable":true,"href":"https:\/\/venicewiki.org\/it\/wp-json\/wp\/v2\/comments?post=1955"}],"version-history":[{"count":7,"href":"https:\/\/venicewiki.org\/it\/wp-json\/wp\/v2\/pages\/1955\/revisions"}],"predecessor-version":[{"id":5936,"href":"https:\/\/venicewiki.org\/it\/wp-json\/wp\/v2\/pages\/1955\/revisions\/5936"}],"up":[{"embeddable":true,"href":"https:\/\/venicewiki.org\/it\/wp-json\/wp\/v2\/pages\/1966"}],"wp:attachment":[{"href":"https:\/\/venicewiki.org\/it\/wp-json\/wp\/v2\/media?parent=1955"}],"curies":[{"name":"wp","href":"https:\/\/api.w.org\/{rel}","templated":true}]}}