{"id":1962,"date":"2020-05-03T22:28:07","date_gmt":"2020-05-03T20:28:07","guid":{"rendered":"https:\/\/venicewiki.org\/it\/?page_id=1962"},"modified":"2023-03-11T17:57:17","modified_gmt":"2023-03-11T16:57:17","slug":"mostre-e-musei","status":"publish","type":"page","link":"https:\/\/venicewiki.org\/it\/la-citta\/mostre-e-musei\/","title":{"rendered":"Mostre e musei"},"content":{"rendered":"<p>[vc_row][vc_column][vc_column_text]<\/p>\n<h1 style=\"text-align: center;\">Mostre e Musei a Venezia<\/h1>\n<p>[\/vc_column_text][\/vc_column][\/vc_row][vc_row][vc_column][vc_column_text]Venezia \u00e8 una citt\u00e0 ricca di storia e cultura, ed \u00e8 un luogo ideale per chi ama i musei e le mostre. Ci sono molti luoghi da visitare, tra cui alcune tra le pi\u00f9 famose mostre e musei italiani. In questo articolo, ne citeremo alcuni.[\/vc_column_text][\/vc_column][\/vc_row][vc_row][vc_column][vc_column_text]<\/p>\n<h2>Le Gallerie dell&#8217;Accademia di Venezia<\/h2>\n<p>[\/vc_column_text][vc_column_text]Le <a href=\"https:\/\/venicewiki.org\/it\/la-citta\/gallerie_dellaccademia\/\">Gallerie dell&#8217;Accademia<\/a> di Venezia sono una delle pi\u00f9 importanti gallerie d&#8217;arte italiane, ed \u00e8 un luogo che vale la pena visitare.<\/p>\n<p>Le <strong><a href=\"https:\/\/venicewiki.org\/it\/la-citta\/gallerie_dellaccademia\/\">Gallerie dell&#8217;Accademia<\/a> di Venezia<\/strong> costituiscono la pi\u00f9 importante collezione di pittura veneta al mondo. Ospitano 37 sale con capolavori come &#8220;La Tempesta&#8221; di <a href=\"https:\/\/venicewiki.org\/it\/storia-di-venezia\/giorgione\/\">Giorgione<\/a>, &#8220;La Piet\u00e0&#8221; di <a href=\"https:\/\/venicewiki.org\/it\/storia-di-venezia\/tiziano_vecellio\/\">Tiziano<\/a>, &#8220;Il Ciclo delle Storie di Sant&#8217;Orsola&#8221; di <a href=\"https:\/\/venicewiki.org\/it\/storia-di-venezia\/vittore_carpaccio\/\">Carpaccio<\/a> e &#8220;Il Convito in Casa di Levi&#8221; del <a href=\"https:\/\/venicewiki.org\/it\/storia-di-venezia\/paolo_veronese\/\">Veronese<\/a>, formando la pi\u00f9 importante collezione di pittura veneta al mondo. Il complesso architettonico \u00e8 formato da chiesa di <a href=\"https:\/\/venicewiki.org\/it\/la-citta\/scuola-grande-di-santa-maria-della-carita\/\">Santa Maria della Carit\u00e0<\/a>, il suo convento &#8211; nel quale \u00e8 intervenuto anche <a href=\"https:\/\/venicewiki.org\/it\/architetti-e-scultori\/palladio\/\">Palladio<\/a> &#8211; e gli spazi della Scuola Grande omonima.[\/vc_column_text][\/vc_column][\/vc_row][vc_row][vc_column][vc_column_text]<\/p>\n<h2>Museo Correr<\/h2>\n<p>[\/vc_column_text][vc_column_text]Il Museo Correr \u00e8 uno dei pi\u00f9 grandi musei di Venezia, dedicato alla storia della citt\u00e0 e all&#8217;arte veneziana. Offre diversi, appassionanti itinerari per scoprire l&#8217;arte e la storia della citt\u00e0.<\/p>\n<p>Il primo percorso si snoda lungo le sale \u201cimperiali\u201d del <strong>Palazzo Reale<\/strong>, dove l\u2019Imperatrice Elisabetta d\u2019Austria risiedette durante le sue visite. Nelle <a href=\"https:\/\/venicewiki.org\/it\/chiese-palazzi-venezia\/procuratie_nuove\/\">Procuratie Nuove<\/a>, progettate dall\u2019architetto <a href=\"https:\/\/venicewiki.org\/it\/architetti-e-scultori\/vincenzo_scamozzi\/\">Vincenzo Scamozzi<\/a>, si possono ammirare diversi aspetti della Civilt\u00e0 Veneziana, dalla vita quotidiana alle istituzioni, dalle imprese marinare alle feste cittadine.<\/p>\n<p>Al secondo piano si trova la Quadreria, che ospita importanti capolavori dell\u2019arte veneta dalle origini al Cinquecento. Diciannove sale in cui celebri opere sono esposte in un allestimento di Carlo Scarpa. La Quadreria \u00e8 chiusa al pubblico fino al 13 febbraio 2022 a causa delle norme per il contenimento dell\u2019emergenza sanitaria.<\/p>\n<p>Infine, tornando al primo piano, si possono ammirare le Sale Neoclassiche e la Collezione canoviana recentemente restaurate. Nelle cinque nuove sale delle Procuratie, tutte le opere del grande scultore presenti nella collezione sono state riportate all&#8217;originario splendore neoclassico, insieme agli apparati decorativi dell&#8217;intera sezione dedicata ad Antonio Canova.<\/p>\n<p>Si possono acquistare i biglietti per il museo <a href=\"https:\/\/www.getyourguide.it\/s\/?et=59545&amp;psrc=widget&amp;partner_id=J8XNRD6&amp;utm_medium=online_publisher&amp;currency=EUR&amp;q=Venezia&amp;queryMatch=all&amp;widget=activities&amp;wid=a78eb824-4917-57d6-a11a-c90501987133&amp;visitor_id=F872E9654CEC4BBAA59A267DFFA14AE4\">cliccando il link<\/a> qui sotto.[\/vc_column_text][vc_raw_html]JTNDZGl2JTIwZGF0YS1neWctaHJlZiUzRCUyMmh0dHBzJTNBJTJGJTJGd2lkZ2V0LmdldHlvdXJndWlkZS5jb20lMkZkZWZhdWx0JTJGYWN0aXZpdGllcy5mcmFtZSUyMiUyMGRhdGEtZ3lnLWxvY2FsZS1jb2RlJTNEJTIyaXQtSVQlMjIlMjBkYXRhLWd5Zy13aWRnZXQlM0QlMjJhY3Rpdml0aWVzJTIyJTIwZGF0YS1neWctbnVtYmVyLW9mLWl0ZW1zJTNEJTIyMSUyMiUyMGRhdGEtZ3lnLXBhcnRuZXItaWQlM0QlMjJKOFhOUkQ2JTIyJTIwZGF0YS1neWctcGxhY2VtZW50JTNEJTIyY29udGVudC1taWRkbGUlMjIlMjBkYXRhLWd5Zy10b3VyLWlkcyUzRCUyMjU5NTQ1JTIyJTNFJTNDJTJGZGl2JTNF[\/vc_raw_html][\/vc_column][\/vc_row][vc_row][vc_column][vc_column_text]<\/p>\n<h2>Peggy Guggenheim Collection<\/h2>\n<p>[\/vc_column_text][vc_column_text]La <a href=\"https:\/\/venicewiki.org\/it\/la-citta\/peggy_guggenheim_collection\/\">Collezione Peggy Guggenheim<\/a> \u00e8 uno dei pi\u00f9 importanti musei in Italia per l&#8217;arte europea ed americana della prima met\u00e0 del XX secolo. Si trova a Venezia, presso <a href=\"https:\/\/venicewiki.org\/it\/chiese-palazzi-venezia\/palazzo_venier_dei_leoni\/\">Palazzo Venier dei Leoni<\/a>, sul <a href=\"https:\/\/venicewiki.org\/it\/la-citta\/canal_grande\/\">Canal Grande<\/a>, nell&#8217;ex abitazione di Peggy Guggenheim.<\/p>\n<p>Il museo ospita la sua collezione personale di arte del ventesimo secolo, cos\u00ec come i capolavori della Collezione Gianni Mattioli, il Giardino delle sculture Nasher e mostre temporanee. Dal 2012, fa parte della collezione anche una buona parte delle opere della Collezione Hannelore B. e Rudolph B. Schulhof, lascito Hannelore B. Schulhof, che rimangono in visione permanente. Tra gli artisti presenti nella mostra ci sono alcuni dei pi\u00f9 grandi nomi dell&#8217;arte moderna, come Picasso, Duchamp e Mondrian.<\/p>\n<p>Si possono acquistare i biglietti <a href=\"https:\/\/www.getyourguide.it\/s\/?et=64077&amp;psrc=widget&amp;partner_id=J8XNRD6&amp;utm_medium=online_publisher&amp;currency=EUR&amp;q=Venezia&amp;queryMatch=all&amp;widget=activities&amp;wid=fa7a25cb-38f4-57d2-a759-6dbbafd65557&amp;visitor_id=F872E9654CEC4BBAA59A267DFFA14AE4\">cliccando sul link<\/a> qui sotto.[\/vc_column_text][vc_raw_html]JTNDZGl2JTIwZGF0YS1neWctaHJlZiUzRCUyMmh0dHBzJTNBJTJGJTJGd2lkZ2V0LmdldHlvdXJndWlkZS5jb20lMkZkZWZhdWx0JTJGYWN0aXZpdGllcy5mcmFtZSUyMiUyMGRhdGEtZ3lnLWxvY2FsZS1jb2RlJTNEJTIyaXQtSVQlMjIlMjBkYXRhLWd5Zy13aWRnZXQlM0QlMjJhY3Rpdml0aWVzJTIyJTIwZGF0YS1neWctbnVtYmVyLW9mLWl0ZW1zJTNEJTIyMSUyMiUyMGRhdGEtZ3lnLXBhcnRuZXItaWQlM0QlMjJKOFhOUkQ2JTIyJTIwZGF0YS1neWctcGxhY2VtZW50JTNEJTIyY29udGVudC1taWRkbGUlMjIlMjBkYXRhLWd5Zy10b3VyLWlkcyUzRCUyMjY0MDc3JTIyJTNFJTNDJTJGZGl2JTNF[\/vc_raw_html][\/vc_column][\/vc_row]<\/p>\n","protected":false},"excerpt":{"rendered":"<p>Scopri la storia e la cultura di Venezia, tra i musei e le mostre pi\u00f9 famosi d&#8217;Italia. Visita una citt\u00e0 unica nel suo genere con i nostri consigli!<\/p>\n","protected":false},"author":2,"featured_media":0,"parent":1966,"menu_order":0,"comment_status":"closed","ping_status":"closed","template":"","meta":{"_editorskit_title_hidden":false,"_editorskit_reading_time":0},"yoast_head":"<!-- This site is optimized with the Yoast SEO plugin v19.7.1 - https:\/\/yoast.com\/wordpress\/plugins\/seo\/ -->\n<title>Mostre e musei - Venicewiki<\/title>\n<meta name=\"description\" content=\"Scopri la storia e la cultura di Venezia, tra i musei e le mostre pi\u00f9 famosi d&#039;Italia. Visita una citt\u00e0 unica nel suo genere con i nostri consigli!\" \/>\n<meta name=\"robots\" content=\"index, follow, max-snippet:-1, max-image-preview:large, max-video-preview:-1\" \/>\n<link rel=\"canonical\" href=\"https:\/\/venicewiki.org\/it\/la-citta\/mostre-e-musei\/\" \/>\n<meta property=\"og:locale\" content=\"it_IT\" \/>\n<meta property=\"og:type\" content=\"article\" \/>\n<meta property=\"og:title\" content=\"Mostre e musei - Venicewiki\" \/>\n<meta property=\"og:description\" content=\"Scopri la storia e la cultura di Venezia, tra i musei e le mostre pi\u00f9 famosi d&#039;Italia. Visita una citt\u00e0 unica nel suo genere con i nostri consigli!\" \/>\n<meta property=\"og:url\" content=\"https:\/\/venicewiki.org\/it\/la-citta\/mostre-e-musei\/\" \/>\n<meta property=\"og:site_name\" content=\"Venicewiki\" \/>\n<meta property=\"article:modified_time\" content=\"2023-03-11T16:57:17+00:00\" \/>\n<meta name=\"twitter:card\" content=\"summary_large_image\" \/>\n<meta name=\"twitter:label1\" content=\"Est. reading time\" \/>\n\t<meta name=\"twitter:data1\" content=\"3 minuti\" \/>\n<script type=\"application\/ld+json\" class=\"yoast-schema-graph\">{\"@context\":\"https:\/\/schema.org\",\"@graph\":[{\"@type\":\"WebPage\",\"@id\":\"https:\/\/venicewiki.org\/it\/la-citta\/mostre-e-musei\/\",\"url\":\"https:\/\/venicewiki.org\/it\/la-citta\/mostre-e-musei\/\",\"name\":\"Mostre e musei - Venicewiki\",\"isPartOf\":{\"@id\":\"https:\/\/venicewiki.org\/it\/#website\"},\"datePublished\":\"2020-05-03T20:28:07+00:00\",\"dateModified\":\"2023-03-11T16:57:17+00:00\",\"description\":\"Scopri la storia e la cultura di Venezia, tra i musei e le mostre pi\u00f9 famosi d'Italia. Visita una citt\u00e0 unica nel suo genere con i nostri consigli!\",\"breadcrumb\":{\"@id\":\"https:\/\/venicewiki.org\/it\/la-citta\/mostre-e-musei\/#breadcrumb\"},\"inLanguage\":\"it-IT\",\"potentialAction\":[{\"@type\":\"ReadAction\",\"target\":[\"https:\/\/venicewiki.org\/it\/la-citta\/mostre-e-musei\/\"]}]},{\"@type\":\"BreadcrumbList\",\"@id\":\"https:\/\/venicewiki.org\/it\/la-citta\/mostre-e-musei\/#breadcrumb\",\"itemListElement\":[{\"@type\":\"ListItem\",\"position\":1,\"name\":\"Home\",\"item\":\"https:\/\/venicewiki.org\/it\/\"},{\"@type\":\"ListItem\",\"position\":2,\"name\":\"La citt\u00e0\",\"item\":\"https:\/\/venicewiki.org\/it\/la-citta\/\"},{\"@type\":\"ListItem\",\"position\":3,\"name\":\"Mostre e musei\"}]},{\"@type\":\"WebSite\",\"@id\":\"https:\/\/venicewiki.org\/it\/#website\",\"url\":\"https:\/\/venicewiki.org\/it\/\",\"name\":\"Venicewiki\",\"description\":\"La guida di Venezia\",\"publisher\":{\"@id\":\"https:\/\/venicewiki.org\/it\/#organization\"},\"potentialAction\":[{\"@type\":\"SearchAction\",\"target\":{\"@type\":\"EntryPoint\",\"urlTemplate\":\"https:\/\/venicewiki.org\/it\/?s={search_term_string}\"},\"query-input\":\"required name=search_term_string\"}],\"inLanguage\":\"it-IT\"},{\"@type\":\"Organization\",\"@id\":\"https:\/\/venicewiki.org\/it\/#organization\",\"name\":\"Venicewiki\",\"url\":\"https:\/\/venicewiki.org\/it\/\",\"sameAs\":[],\"logo\":{\"@type\":\"ImageObject\",\"inLanguage\":\"it-IT\",\"@id\":\"https:\/\/venicewiki.org\/it\/#\/schema\/logo\/image\/\",\"url\":\"https:\/\/venicewiki.org\/it\/wp-content\/uploads\/2022\/12\/Logo-sfondo-rosso.png\",\"contentUrl\":\"https:\/\/venicewiki.org\/it\/wp-content\/uploads\/2022\/12\/Logo-sfondo-rosso.png\",\"width\":1000,\"height\":1000,\"caption\":\"Venicewiki\"},\"image\":{\"@id\":\"https:\/\/venicewiki.org\/it\/#\/schema\/logo\/image\/\"}}]}<\/script>\n<!-- \/ Yoast SEO plugin. -->","yoast_head_json":{"title":"Mostre e musei - Venicewiki","description":"Scopri la storia e la cultura di Venezia, tra i musei e le mostre pi\u00f9 famosi d'Italia. Visita una citt\u00e0 unica nel suo genere con i nostri consigli!","robots":{"index":"index","follow":"follow","max-snippet":"max-snippet:-1","max-image-preview":"max-image-preview:large","max-video-preview":"max-video-preview:-1"},"canonical":"https:\/\/venicewiki.org\/it\/la-citta\/mostre-e-musei\/","og_locale":"it_IT","og_type":"article","og_title":"Mostre e musei - Venicewiki","og_description":"Scopri la storia e la cultura di Venezia, tra i musei e le mostre pi\u00f9 famosi d'Italia. Visita una citt\u00e0 unica nel suo genere con i nostri consigli!","og_url":"https:\/\/venicewiki.org\/it\/la-citta\/mostre-e-musei\/","og_site_name":"Venicewiki","article_modified_time":"2023-03-11T16:57:17+00:00","twitter_card":"summary_large_image","twitter_misc":{"Est. reading time":"3 minuti"},"schema":{"@context":"https:\/\/schema.org","@graph":[{"@type":"WebPage","@id":"https:\/\/venicewiki.org\/it\/la-citta\/mostre-e-musei\/","url":"https:\/\/venicewiki.org\/it\/la-citta\/mostre-e-musei\/","name":"Mostre e musei - Venicewiki","isPartOf":{"@id":"https:\/\/venicewiki.org\/it\/#website"},"datePublished":"2020-05-03T20:28:07+00:00","dateModified":"2023-03-11T16:57:17+00:00","description":"Scopri la storia e la cultura di Venezia, tra i musei e le mostre pi\u00f9 famosi d'Italia. Visita una citt\u00e0 unica nel suo genere con i nostri consigli!","breadcrumb":{"@id":"https:\/\/venicewiki.org\/it\/la-citta\/mostre-e-musei\/#breadcrumb"},"inLanguage":"it-IT","potentialAction":[{"@type":"ReadAction","target":["https:\/\/venicewiki.org\/it\/la-citta\/mostre-e-musei\/"]}]},{"@type":"BreadcrumbList","@id":"https:\/\/venicewiki.org\/it\/la-citta\/mostre-e-musei\/#breadcrumb","itemListElement":[{"@type":"ListItem","position":1,"name":"Home","item":"https:\/\/venicewiki.org\/it\/"},{"@type":"ListItem","position":2,"name":"La citt\u00e0","item":"https:\/\/venicewiki.org\/it\/la-citta\/"},{"@type":"ListItem","position":3,"name":"Mostre e musei"}]},{"@type":"WebSite","@id":"https:\/\/venicewiki.org\/it\/#website","url":"https:\/\/venicewiki.org\/it\/","name":"Venicewiki","description":"La guida di Venezia","publisher":{"@id":"https:\/\/venicewiki.org\/it\/#organization"},"potentialAction":[{"@type":"SearchAction","target":{"@type":"EntryPoint","urlTemplate":"https:\/\/venicewiki.org\/it\/?s={search_term_string}"},"query-input":"required name=search_term_string"}],"inLanguage":"it-IT"},{"@type":"Organization","@id":"https:\/\/venicewiki.org\/it\/#organization","name":"Venicewiki","url":"https:\/\/venicewiki.org\/it\/","sameAs":[],"logo":{"@type":"ImageObject","inLanguage":"it-IT","@id":"https:\/\/venicewiki.org\/it\/#\/schema\/logo\/image\/","url":"https:\/\/venicewiki.org\/it\/wp-content\/uploads\/2022\/12\/Logo-sfondo-rosso.png","contentUrl":"https:\/\/venicewiki.org\/it\/wp-content\/uploads\/2022\/12\/Logo-sfondo-rosso.png","width":1000,"height":1000,"caption":"Venicewiki"},"image":{"@id":"https:\/\/venicewiki.org\/it\/#\/schema\/logo\/image\/"}}]}},"_links":{"self":[{"href":"https:\/\/venicewiki.org\/it\/wp-json\/wp\/v2\/pages\/1962"}],"collection":[{"href":"https:\/\/venicewiki.org\/it\/wp-json\/wp\/v2\/pages"}],"about":[{"href":"https:\/\/venicewiki.org\/it\/wp-json\/wp\/v2\/types\/page"}],"author":[{"embeddable":true,"href":"https:\/\/venicewiki.org\/it\/wp-json\/wp\/v2\/users\/2"}],"replies":[{"embeddable":true,"href":"https:\/\/venicewiki.org\/it\/wp-json\/wp\/v2\/comments?post=1962"}],"version-history":[{"count":9,"href":"https:\/\/venicewiki.org\/it\/wp-json\/wp\/v2\/pages\/1962\/revisions"}],"predecessor-version":[{"id":5950,"href":"https:\/\/venicewiki.org\/it\/wp-json\/wp\/v2\/pages\/1962\/revisions\/5950"}],"up":[{"embeddable":true,"href":"https:\/\/venicewiki.org\/it\/wp-json\/wp\/v2\/pages\/1966"}],"wp:attachment":[{"href":"https:\/\/venicewiki.org\/it\/wp-json\/wp\/v2\/media?parent=1962"}],"curies":[{"name":"wp","href":"https:\/\/api.w.org\/{rel}","templated":true}]}}