{"id":1964,"date":"2020-05-03T22:29:16","date_gmt":"2020-05-03T20:29:16","guid":{"rendered":"https:\/\/venicewiki.org\/it\/?page_id=1964"},"modified":"2023-03-08T18:57:00","modified_gmt":"2023-03-08T17:57:00","slug":"tour-ed-esperienze","status":"publish","type":"page","link":"https:\/\/venicewiki.org\/it\/vedere-fare\/tour-ed-esperienze\/","title":{"rendered":"Tour ed esperienze"},"content":{"rendered":"<p>[vc_row][vc_column][vc_column_text]<\/p>\n<h1 style=\"text-align: center;\">Tour ed esperienze<\/h1>\n<p>[\/vc_column_text][\/vc_column][\/vc_row][vc_row][vc_column][vc_column_text]Venezia \u00e8 una delle citt\u00e0 pi\u00f9 belle e visitate al mondo, ricca di storia, arte e cultura. Permette ai visitatori di immergersi in un mondo di antiche tradizioni, di cui \u00e8 ancora impregnata. Una visita a Venezia pu\u00f2 essere programmata in modo da soddisfare le esigenze di ogni visitatore, sia che si disponga di solo un giorno o di pi\u00f9 giorni per esplorare la citt\u00e0.[\/vc_column_text][\/vc_column][\/vc_row][vc_row][vc_column][vc_column_text]<\/p>\n<h2>Tour di un giorno<\/h2>\n<p>[\/vc_column_text][vc_column_text]Visita alcune delle principali attrazioni di Venezia come <a href=\"https:\/\/venicewiki.org\/it\/la-citta\/piazza_san_marco\/\">Piazza San Marco<\/a>, con i suoi negozi, caff\u00e8 e ristoranti. Il famoso <a href=\"https:\/\/venicewiki.org\/it\/la-citta\/canal_grande\/\">Canal Grande<\/a>, con i suoi ponti e suoi edifici storici, \u00e8 un&#8217;altra grande attrazione. E non dimenticare la <a href=\"https:\/\/venicewiki.org\/it\/chiese-palazzi-venezia\/basilica_di_san_marco\/\">Basilica di San Marco<\/a>, risalente al X secolo, con la sua famosa cupola a ombrello e la sua ricca decorazione in mosaico. Oppure, per un&#8217;esperienza pi\u00f9 classica, visita il <a href=\"https:\/\/venicewiki.org\/it\/chiese-palazzi-venezia\/palazzo_ducale\/\">Palazzo Ducale<\/a>, sede della magistratura veneziana e del governo veneziano dal XVI secolo. Se hai tempo, perch\u00e8 non fai una gita in gondola lungo il <a href=\"https:\/\/venicewiki.org\/it\/la-citta\/canal_grande\/\">Canal Grande<\/a>? Potrai ammirare la bellissima architettura della citt\u00e0 da una prospettiva diversa. Oppure, se preferisci, puoi visitare i numerosi musei, gallerie e chiese di Venezia, come le <a href=\"https:\/\/venicewiki.org\/it\/la-citta\/gallerie_dellaccademia\/\">Gallerie dell&#8217;Accademia<\/a> e la <a href=\"https:\/\/venicewiki.org\/it\/chiese-palazzi-venezia\/basilica_di_san_giorgio\/\">Chiesa di San Giorgio Maggiore<\/a>. Si tratta di un&#8217;esperienza unica che non puoi perderti![\/vc_column_text][vc_raw_html]JTNDZGl2JTIwZGF0YS1neWctaHJlZiUzRCUyMmh0dHBzJTNBJTJGJTJGd2lkZ2V0LmdldHlvdXJndWlkZS5jb20lMkZkZWZhdWx0JTJGYWN0aXZpdGllcy5mcmFtZSUyMiUyMGRhdGEtZ3lnLWxvY2FsZS1jb2RlJTNEJTIyaXQtSVQlMjIlMjBkYXRhLWd5Zy13aWRnZXQlM0QlMjJhY3Rpdml0aWVzJTIyJTIwZGF0YS1neWctbnVtYmVyLW9mLWl0ZW1zJTNEJTIyMyUyMiUyMGRhdGEtZ3lnLXBhcnRuZXItaWQlM0QlMjJKOFhOUkQ2JTIyJTIwZGF0YS1neWctdG91ci1pZHMlM0QlMjI0MTYxNjAlMkM3MTA4MCUyQzQ4NDYzJTIyJTNFJTNDJTJGZGl2JTNF[\/vc_raw_html][\/vc_column][\/vc_row][vc_row][vc_column][vc_column_text]<\/p>\n<h2>Tour di due o pi\u00f9 giorni<\/h2>\n<p>[\/vc_column_text][vc_column_text]Dopo aver ammirato i famosi siti della citt\u00e0, prenditi il tempo di esplorare alcune delle pi\u00f9 piccole isole della laguna. Murano, Burano e Torcello sono luoghi davvero magici, con una storia e un&#8217;atmosfera uniche. Per approfittare al meglio della tua visita, fermati per gustare i sapori della cucina tipica di Venezia in una delle trattorie locali. Assapora piatti tradizionali come baccal\u00e0 alla vicentina, risotto al nero di seppia o spaghetti con le vongole. Vivere questa esperienza ti far\u00e0 sentire proprio come un vero veneziano![\/vc_column_text][vc_raw_html]JTNDZGl2JTIwZGF0YS1neWctaHJlZiUzRCUyMmh0dHBzJTNBJTJGJTJGd2lkZ2V0LmdldHlvdXJndWlkZS5jb20lMkZkZWZhdWx0JTJGYWN0aXZpdGllcy5mcmFtZSUyMiUyMGRhdGEtZ3lnLWxvY2FsZS1jb2RlJTNEJTIyaXQtSVQlMjIlMjBkYXRhLWd5Zy13aWRnZXQlM0QlMjJhY3Rpdml0aWVzJTIyJTIwZGF0YS1neWctbnVtYmVyLW9mLWl0ZW1zJTNEJTIyMyUyMiUyMGRhdGEtZ3lnLXBhcnRuZXItaWQlM0QlMjJKOFhOUkQ2JTIyJTIwZGF0YS1neWctdG91ci1pZHMlM0QlMjI0MTQ5MzYlMkMyMjEzODIlMkM4Nzg2OSUyMiUzRSUzQyUyRmRpdiUzRQ==[\/vc_raw_html][\/vc_column][\/vc_row][vc_row][vc_column][vc_column_text]<\/p>\n<h2>Tour di tre giorni<\/h2>\n<p>[\/vc_column_text][vc_column_text]Trascorri un giorno intero esplorando le strade della citt\u00e0 di Venezia, con tutte le sue bellezze architettoniche, i suoi canali romantici e le sue botteghe artigianali. Il giorno successivo, prenditi una pausa dai tour e rilassati con una gita in barca per esplorare la laguna, dove potrai ammirare i paesaggi mozzafiato e persino avvistare delfini e uccelli marini. A Venezia ci sono anche molte aree verdi, come i Giardini della Biennale, dove potrai trascorrere una giornata all&#8217;aria aperta, in mezzo a prati fioriti, fontane, statue e ponti. Qui potrai anche goderti una vista spettacolare della citt\u00e0.[\/vc_column_text][vc_raw_html]JTNDZGl2JTIwZGF0YS1neWctaHJlZiUzRCUyMmh0dHBzJTNBJTJGJTJGd2lkZ2V0LmdldHlvdXJndWlkZS5jb20lMkZkZWZhdWx0JTJGYWN0aXZpdGllcy5mcmFtZSUyMiUyMGRhdGEtZ3lnLWxvY2FsZS1jb2RlJTNEJTIyaXQtSVQlMjIlMjBkYXRhLWd5Zy13aWRnZXQlM0QlMjJhY3Rpdml0aWVzJTIyJTIwZGF0YS1neWctbnVtYmVyLW9mLWl0ZW1zJTNEJTIyMyUyMiUyMGRhdGEtZ3lnLXBhcnRuZXItaWQlM0QlMjJKOFhOUkQ2JTIyJTIwZGF0YS1neWctdG91ci1pZHMlM0QlMjIyNjI4NTclMkM0MDk3NyUyQzY0MDc3JTIyJTNFJTNDJTJGZGl2JTNF[\/vc_raw_html][\/vc_column][\/vc_row]<\/p>\n","protected":false},"excerpt":{"rendered":"<p>Pianifica la tua visita per immergerti nelle antiche tradizioni e scoprire i tesori della citt\u00e0. Scopri quali sono i tour e le esperienze da fare nella citt\u00e0 lagunare.<\/p>\n","protected":false},"author":2,"featured_media":0,"parent":1884,"menu_order":0,"comment_status":"closed","ping_status":"closed","template":"","meta":{"_editorskit_title_hidden":false,"_editorskit_reading_time":1},"yoast_head":"<!-- This site is optimized with the Yoast SEO plugin v19.7.1 - https:\/\/yoast.com\/wordpress\/plugins\/seo\/ -->\n<title>Tour ed esperienze - Venicewiki<\/title>\n<meta name=\"description\" content=\"Pianifica la tua visita per immergerti nelle antiche tradizioni e scoprire i tesori della citt\u00e0. Scopri quali sono i tour e le esperienze da fare nella citt\u00e0 lagunare.\" \/>\n<meta name=\"robots\" content=\"index, follow, max-snippet:-1, max-image-preview:large, max-video-preview:-1\" \/>\n<link rel=\"canonical\" href=\"https:\/\/venicewiki.org\/it\/vedere-fare\/tour-ed-esperienze\/\" \/>\n<meta property=\"og:locale\" content=\"it_IT\" \/>\n<meta property=\"og:type\" content=\"article\" \/>\n<meta property=\"og:title\" content=\"Tour ed esperienze - Venicewiki\" \/>\n<meta property=\"og:description\" content=\"Pianifica la tua visita per immergerti nelle antiche tradizioni e scoprire i tesori della citt\u00e0. Scopri quali sono i tour e le esperienze da fare nella citt\u00e0 lagunare.\" \/>\n<meta property=\"og:url\" content=\"https:\/\/venicewiki.org\/it\/vedere-fare\/tour-ed-esperienze\/\" \/>\n<meta property=\"og:site_name\" content=\"Venicewiki\" \/>\n<meta property=\"article:modified_time\" content=\"2023-03-08T17:57:00+00:00\" \/>\n<meta name=\"twitter:card\" content=\"summary_large_image\" \/>\n<meta name=\"twitter:label1\" content=\"Est. reading time\" \/>\n\t<meta name=\"twitter:data1\" content=\"3 minuti\" \/>\n<script type=\"application\/ld+json\" class=\"yoast-schema-graph\">{\"@context\":\"https:\/\/schema.org\",\"@graph\":[{\"@type\":\"WebPage\",\"@id\":\"https:\/\/venicewiki.org\/it\/vedere-fare\/tour-ed-esperienze\/\",\"url\":\"https:\/\/venicewiki.org\/it\/vedere-fare\/tour-ed-esperienze\/\",\"name\":\"Tour ed esperienze - Venicewiki\",\"isPartOf\":{\"@id\":\"https:\/\/venicewiki.org\/it\/#website\"},\"datePublished\":\"2020-05-03T20:29:16+00:00\",\"dateModified\":\"2023-03-08T17:57:00+00:00\",\"description\":\"Pianifica la tua visita per immergerti nelle antiche tradizioni e scoprire i tesori della citt\u00e0. Scopri quali sono i tour e le esperienze da fare nella citt\u00e0 lagunare.\",\"breadcrumb\":{\"@id\":\"https:\/\/venicewiki.org\/it\/vedere-fare\/tour-ed-esperienze\/#breadcrumb\"},\"inLanguage\":\"it-IT\",\"potentialAction\":[{\"@type\":\"ReadAction\",\"target\":[\"https:\/\/venicewiki.org\/it\/vedere-fare\/tour-ed-esperienze\/\"]}]},{\"@type\":\"BreadcrumbList\",\"@id\":\"https:\/\/venicewiki.org\/it\/vedere-fare\/tour-ed-esperienze\/#breadcrumb\",\"itemListElement\":[{\"@type\":\"ListItem\",\"position\":1,\"name\":\"Home\",\"item\":\"https:\/\/venicewiki.org\/it\/\"},{\"@type\":\"ListItem\",\"position\":2,\"name\":\"Cosa vedere e fare\",\"item\":\"https:\/\/venicewiki.org\/it\/vedere-fare\/\"},{\"@type\":\"ListItem\",\"position\":3,\"name\":\"Tour ed esperienze\"}]},{\"@type\":\"WebSite\",\"@id\":\"https:\/\/venicewiki.org\/it\/#website\",\"url\":\"https:\/\/venicewiki.org\/it\/\",\"name\":\"Venicewiki\",\"description\":\"La guida di Venezia\",\"publisher\":{\"@id\":\"https:\/\/venicewiki.org\/it\/#organization\"},\"potentialAction\":[{\"@type\":\"SearchAction\",\"target\":{\"@type\":\"EntryPoint\",\"urlTemplate\":\"https:\/\/venicewiki.org\/it\/?s={search_term_string}\"},\"query-input\":\"required name=search_term_string\"}],\"inLanguage\":\"it-IT\"},{\"@type\":\"Organization\",\"@id\":\"https:\/\/venicewiki.org\/it\/#organization\",\"name\":\"Venicewiki\",\"url\":\"https:\/\/venicewiki.org\/it\/\",\"sameAs\":[],\"logo\":{\"@type\":\"ImageObject\",\"inLanguage\":\"it-IT\",\"@id\":\"https:\/\/venicewiki.org\/it\/#\/schema\/logo\/image\/\",\"url\":\"https:\/\/venicewiki.org\/it\/wp-content\/uploads\/2022\/12\/Logo-sfondo-rosso.png\",\"contentUrl\":\"https:\/\/venicewiki.org\/it\/wp-content\/uploads\/2022\/12\/Logo-sfondo-rosso.png\",\"width\":1000,\"height\":1000,\"caption\":\"Venicewiki\"},\"image\":{\"@id\":\"https:\/\/venicewiki.org\/it\/#\/schema\/logo\/image\/\"}}]}<\/script>\n<!-- \/ Yoast SEO plugin. -->","yoast_head_json":{"title":"Tour ed esperienze - Venicewiki","description":"Pianifica la tua visita per immergerti nelle antiche tradizioni e scoprire i tesori della citt\u00e0. Scopri quali sono i tour e le esperienze da fare nella citt\u00e0 lagunare.","robots":{"index":"index","follow":"follow","max-snippet":"max-snippet:-1","max-image-preview":"max-image-preview:large","max-video-preview":"max-video-preview:-1"},"canonical":"https:\/\/venicewiki.org\/it\/vedere-fare\/tour-ed-esperienze\/","og_locale":"it_IT","og_type":"article","og_title":"Tour ed esperienze - Venicewiki","og_description":"Pianifica la tua visita per immergerti nelle antiche tradizioni e scoprire i tesori della citt\u00e0. Scopri quali sono i tour e le esperienze da fare nella citt\u00e0 lagunare.","og_url":"https:\/\/venicewiki.org\/it\/vedere-fare\/tour-ed-esperienze\/","og_site_name":"Venicewiki","article_modified_time":"2023-03-08T17:57:00+00:00","twitter_card":"summary_large_image","twitter_misc":{"Est. reading time":"3 minuti"},"schema":{"@context":"https:\/\/schema.org","@graph":[{"@type":"WebPage","@id":"https:\/\/venicewiki.org\/it\/vedere-fare\/tour-ed-esperienze\/","url":"https:\/\/venicewiki.org\/it\/vedere-fare\/tour-ed-esperienze\/","name":"Tour ed esperienze - Venicewiki","isPartOf":{"@id":"https:\/\/venicewiki.org\/it\/#website"},"datePublished":"2020-05-03T20:29:16+00:00","dateModified":"2023-03-08T17:57:00+00:00","description":"Pianifica la tua visita per immergerti nelle antiche tradizioni e scoprire i tesori della citt\u00e0. Scopri quali sono i tour e le esperienze da fare nella citt\u00e0 lagunare.","breadcrumb":{"@id":"https:\/\/venicewiki.org\/it\/vedere-fare\/tour-ed-esperienze\/#breadcrumb"},"inLanguage":"it-IT","potentialAction":[{"@type":"ReadAction","target":["https:\/\/venicewiki.org\/it\/vedere-fare\/tour-ed-esperienze\/"]}]},{"@type":"BreadcrumbList","@id":"https:\/\/venicewiki.org\/it\/vedere-fare\/tour-ed-esperienze\/#breadcrumb","itemListElement":[{"@type":"ListItem","position":1,"name":"Home","item":"https:\/\/venicewiki.org\/it\/"},{"@type":"ListItem","position":2,"name":"Cosa vedere e fare","item":"https:\/\/venicewiki.org\/it\/vedere-fare\/"},{"@type":"ListItem","position":3,"name":"Tour ed esperienze"}]},{"@type":"WebSite","@id":"https:\/\/venicewiki.org\/it\/#website","url":"https:\/\/venicewiki.org\/it\/","name":"Venicewiki","description":"La guida di Venezia","publisher":{"@id":"https:\/\/venicewiki.org\/it\/#organization"},"potentialAction":[{"@type":"SearchAction","target":{"@type":"EntryPoint","urlTemplate":"https:\/\/venicewiki.org\/it\/?s={search_term_string}"},"query-input":"required name=search_term_string"}],"inLanguage":"it-IT"},{"@type":"Organization","@id":"https:\/\/venicewiki.org\/it\/#organization","name":"Venicewiki","url":"https:\/\/venicewiki.org\/it\/","sameAs":[],"logo":{"@type":"ImageObject","inLanguage":"it-IT","@id":"https:\/\/venicewiki.org\/it\/#\/schema\/logo\/image\/","url":"https:\/\/venicewiki.org\/it\/wp-content\/uploads\/2022\/12\/Logo-sfondo-rosso.png","contentUrl":"https:\/\/venicewiki.org\/it\/wp-content\/uploads\/2022\/12\/Logo-sfondo-rosso.png","width":1000,"height":1000,"caption":"Venicewiki"},"image":{"@id":"https:\/\/venicewiki.org\/it\/#\/schema\/logo\/image\/"}}]}},"_links":{"self":[{"href":"https:\/\/venicewiki.org\/it\/wp-json\/wp\/v2\/pages\/1964"}],"collection":[{"href":"https:\/\/venicewiki.org\/it\/wp-json\/wp\/v2\/pages"}],"about":[{"href":"https:\/\/venicewiki.org\/it\/wp-json\/wp\/v2\/types\/page"}],"author":[{"embeddable":true,"href":"https:\/\/venicewiki.org\/it\/wp-json\/wp\/v2\/users\/2"}],"replies":[{"embeddable":true,"href":"https:\/\/venicewiki.org\/it\/wp-json\/wp\/v2\/comments?post=1964"}],"version-history":[{"count":15,"href":"https:\/\/venicewiki.org\/it\/wp-json\/wp\/v2\/pages\/1964\/revisions"}],"predecessor-version":[{"id":5918,"href":"https:\/\/venicewiki.org\/it\/wp-json\/wp\/v2\/pages\/1964\/revisions\/5918"}],"up":[{"embeddable":true,"href":"https:\/\/venicewiki.org\/it\/wp-json\/wp\/v2\/pages\/1884"}],"wp:attachment":[{"href":"https:\/\/venicewiki.org\/it\/wp-json\/wp\/v2\/media?parent=1964"}],"curies":[{"name":"wp","href":"https:\/\/api.w.org\/{rel}","templated":true}]}}