{"id":1966,"date":"2020-05-03T22:29:42","date_gmt":"2020-05-03T20:29:42","guid":{"rendered":"https:\/\/venicewiki.org\/it\/?page_id=1966"},"modified":"2023-03-08T19:20:42","modified_gmt":"2023-03-08T18:20:42","slug":"la-citta","status":"publish","type":"page","link":"https:\/\/venicewiki.org\/it\/la-citta\/","title":{"rendered":"La citt\u00e0"},"content":{"rendered":"<p>[vc_row][vc_column][vc_column_text]<\/p>\n<h1 style=\"text-align: center;\">La citt\u00e0 di Venezia<\/h1>\n<p>[\/vc_column_text][\/vc_column][\/vc_row][vc_row][vc_column][vc_column_text]<\/p>\n<p>Venezia \u00e8 una citt\u00e0 unica al mondo, situata nella regione del Veneto, in Italia. Famosa in tutto il mondo per la sua bellezza mozzafiato e il suo fascino senza tempo, Venezia \u00e8 costruita su una serie di isole interconnesse da canali e ponti, rendendola una destinazione turistica molto ambita.<\/p>\n\n<p>La storia di Venezia \u00e8 lunga e affascinante, e la citt\u00e0 \u00e8 piena di edifici storici e monumenti che testimoniano la sua ricca eredit\u00e0 culturale. Tra i luoghi pi\u00f9 famosi da visitare ci sono il <a href=\"https:\/\/venicewiki.org\/it\/ponti-di-venezia\/ponte_di_rialto\/\">Ponte di Rialto<\/a>, il <a href=\"https:\/\/venicewiki.org\/it\/chiese-palazzi-venezia\/palazzo_ducale\/\">Palazzo Ducale<\/a> e il <a href=\"https:\/\/venicewiki.org\/it\/la-citta\/campanile\/\">Campanile di San Marco<\/a>, solo per citarne alcuni.<\/p>\n\n<p>Ma Venezia non \u00e8 solo una citt\u00e0 da vedere, \u00e8 anche un luogo dove vivere pienamente l&#8217;esperienza. Passeggiare lungo le sue calli, fare un giro in gondola o sedersi a un tavolo all&#8217;aperto di uno dei tanti ristoranti della citt\u00e0 sono solo alcune delle esperienze che potrai fare a Venezia.<\/p>\n\n<p>Inoltre, Venezia \u00e8 famosa per la sua vivace vita notturna, con una vasta scelta di bar, pub e discoteche dove potrai divertirti fino a tardi.<\/p>\n\n<p>Insomma, c&#8217;\u00e8 davvero qualcosa per tutti a Venezia, quindi non perdere l&#8217;occasione di scoprire tutto ci\u00f2 che questa meravigliosa citt\u00e0 ha da offrire.<\/p>\n\n<p>&nbsp;<\/p>\n<p>[\/vc_column_text][\/vc_column][\/vc_row]<\/p>\n","protected":false},"excerpt":{"rendered":"<p>Esplora Venezia: ammira la sua bellezza mozzafiato e il fascino senza tempo, tra isole collegate da canali e ponti. Una meta turistica ambita da scoprire.<\/p>\n","protected":false},"author":2,"featured_media":0,"parent":0,"menu_order":0,"comment_status":"closed","ping_status":"closed","template":"","meta":{"_editorskit_title_hidden":false,"_editorskit_reading_time":1},"yoast_head":"<!-- This site is optimized with the Yoast SEO plugin v19.7.1 - https:\/\/yoast.com\/wordpress\/plugins\/seo\/ -->\n<title>La citt\u00e0 - Venicewiki<\/title>\n<meta name=\"description\" content=\"Esplora Venezia: ammira la sua bellezza mozzafiato e il fascino senza tempo, tra isole collegate da canali e ponti. Una meta turistica ambita da scoprire.\" \/>\n<meta name=\"robots\" content=\"index, follow, max-snippet:-1, max-image-preview:large, max-video-preview:-1\" \/>\n<link rel=\"canonical\" href=\"https:\/\/venicewiki.org\/it\/la-citta\/\" \/>\n<meta property=\"og:locale\" content=\"it_IT\" \/>\n<meta property=\"og:type\" content=\"article\" \/>\n<meta property=\"og:title\" content=\"La citt\u00e0 - Venicewiki\" \/>\n<meta property=\"og:description\" content=\"Esplora Venezia: ammira la sua bellezza mozzafiato e il fascino senza tempo, tra isole collegate da canali e ponti. Una meta turistica ambita da scoprire.\" \/>\n<meta property=\"og:url\" content=\"https:\/\/venicewiki.org\/it\/la-citta\/\" \/>\n<meta property=\"og:site_name\" content=\"Venicewiki\" \/>\n<meta property=\"article:modified_time\" content=\"2023-03-08T18:20:42+00:00\" \/>\n<meta name=\"twitter:card\" content=\"summary_large_image\" \/>\n<meta name=\"twitter:label1\" content=\"Est. reading time\" \/>\n\t<meta name=\"twitter:data1\" content=\"2 minuti\" \/>\n<script type=\"application\/ld+json\" class=\"yoast-schema-graph\">{\"@context\":\"https:\/\/schema.org\",\"@graph\":[{\"@type\":\"WebPage\",\"@id\":\"https:\/\/venicewiki.org\/it\/la-citta\/\",\"url\":\"https:\/\/venicewiki.org\/it\/la-citta\/\",\"name\":\"La citt\u00e0 - Venicewiki\",\"isPartOf\":{\"@id\":\"https:\/\/venicewiki.org\/it\/#website\"},\"datePublished\":\"2020-05-03T20:29:42+00:00\",\"dateModified\":\"2023-03-08T18:20:42+00:00\",\"description\":\"Esplora Venezia: ammira la sua bellezza mozzafiato e il fascino senza tempo, tra isole collegate da canali e ponti. Una meta turistica ambita da scoprire.\",\"breadcrumb\":{\"@id\":\"https:\/\/venicewiki.org\/it\/la-citta\/#breadcrumb\"},\"inLanguage\":\"it-IT\",\"potentialAction\":[{\"@type\":\"ReadAction\",\"target\":[\"https:\/\/venicewiki.org\/it\/la-citta\/\"]}]},{\"@type\":\"BreadcrumbList\",\"@id\":\"https:\/\/venicewiki.org\/it\/la-citta\/#breadcrumb\",\"itemListElement\":[{\"@type\":\"ListItem\",\"position\":1,\"name\":\"Home\",\"item\":\"https:\/\/venicewiki.org\/it\/\"},{\"@type\":\"ListItem\",\"position\":2,\"name\":\"La citt\u00e0\"}]},{\"@type\":\"WebSite\",\"@id\":\"https:\/\/venicewiki.org\/it\/#website\",\"url\":\"https:\/\/venicewiki.org\/it\/\",\"name\":\"Venicewiki\",\"description\":\"La guida di Venezia\",\"publisher\":{\"@id\":\"https:\/\/venicewiki.org\/it\/#organization\"},\"potentialAction\":[{\"@type\":\"SearchAction\",\"target\":{\"@type\":\"EntryPoint\",\"urlTemplate\":\"https:\/\/venicewiki.org\/it\/?s={search_term_string}\"},\"query-input\":\"required name=search_term_string\"}],\"inLanguage\":\"it-IT\"},{\"@type\":\"Organization\",\"@id\":\"https:\/\/venicewiki.org\/it\/#organization\",\"name\":\"Venicewiki\",\"url\":\"https:\/\/venicewiki.org\/it\/\",\"sameAs\":[],\"logo\":{\"@type\":\"ImageObject\",\"inLanguage\":\"it-IT\",\"@id\":\"https:\/\/venicewiki.org\/it\/#\/schema\/logo\/image\/\",\"url\":\"https:\/\/venicewiki.org\/it\/wp-content\/uploads\/2022\/12\/Logo-sfondo-rosso.png\",\"contentUrl\":\"https:\/\/venicewiki.org\/it\/wp-content\/uploads\/2022\/12\/Logo-sfondo-rosso.png\",\"width\":1000,\"height\":1000,\"caption\":\"Venicewiki\"},\"image\":{\"@id\":\"https:\/\/venicewiki.org\/it\/#\/schema\/logo\/image\/\"}}]}<\/script>\n<!-- \/ Yoast SEO plugin. -->","yoast_head_json":{"title":"La citt\u00e0 - Venicewiki","description":"Esplora Venezia: ammira la sua bellezza mozzafiato e il fascino senza tempo, tra isole collegate da canali e ponti. Una meta turistica ambita da scoprire.","robots":{"index":"index","follow":"follow","max-snippet":"max-snippet:-1","max-image-preview":"max-image-preview:large","max-video-preview":"max-video-preview:-1"},"canonical":"https:\/\/venicewiki.org\/it\/la-citta\/","og_locale":"it_IT","og_type":"article","og_title":"La citt\u00e0 - Venicewiki","og_description":"Esplora Venezia: ammira la sua bellezza mozzafiato e il fascino senza tempo, tra isole collegate da canali e ponti. Una meta turistica ambita da scoprire.","og_url":"https:\/\/venicewiki.org\/it\/la-citta\/","og_site_name":"Venicewiki","article_modified_time":"2023-03-08T18:20:42+00:00","twitter_card":"summary_large_image","twitter_misc":{"Est. reading time":"2 minuti"},"schema":{"@context":"https:\/\/schema.org","@graph":[{"@type":"WebPage","@id":"https:\/\/venicewiki.org\/it\/la-citta\/","url":"https:\/\/venicewiki.org\/it\/la-citta\/","name":"La citt\u00e0 - Venicewiki","isPartOf":{"@id":"https:\/\/venicewiki.org\/it\/#website"},"datePublished":"2020-05-03T20:29:42+00:00","dateModified":"2023-03-08T18:20:42+00:00","description":"Esplora Venezia: ammira la sua bellezza mozzafiato e il fascino senza tempo, tra isole collegate da canali e ponti. Una meta turistica ambita da scoprire.","breadcrumb":{"@id":"https:\/\/venicewiki.org\/it\/la-citta\/#breadcrumb"},"inLanguage":"it-IT","potentialAction":[{"@type":"ReadAction","target":["https:\/\/venicewiki.org\/it\/la-citta\/"]}]},{"@type":"BreadcrumbList","@id":"https:\/\/venicewiki.org\/it\/la-citta\/#breadcrumb","itemListElement":[{"@type":"ListItem","position":1,"name":"Home","item":"https:\/\/venicewiki.org\/it\/"},{"@type":"ListItem","position":2,"name":"La citt\u00e0"}]},{"@type":"WebSite","@id":"https:\/\/venicewiki.org\/it\/#website","url":"https:\/\/venicewiki.org\/it\/","name":"Venicewiki","description":"La guida di Venezia","publisher":{"@id":"https:\/\/venicewiki.org\/it\/#organization"},"potentialAction":[{"@type":"SearchAction","target":{"@type":"EntryPoint","urlTemplate":"https:\/\/venicewiki.org\/it\/?s={search_term_string}"},"query-input":"required name=search_term_string"}],"inLanguage":"it-IT"},{"@type":"Organization","@id":"https:\/\/venicewiki.org\/it\/#organization","name":"Venicewiki","url":"https:\/\/venicewiki.org\/it\/","sameAs":[],"logo":{"@type":"ImageObject","inLanguage":"it-IT","@id":"https:\/\/venicewiki.org\/it\/#\/schema\/logo\/image\/","url":"https:\/\/venicewiki.org\/it\/wp-content\/uploads\/2022\/12\/Logo-sfondo-rosso.png","contentUrl":"https:\/\/venicewiki.org\/it\/wp-content\/uploads\/2022\/12\/Logo-sfondo-rosso.png","width":1000,"height":1000,"caption":"Venicewiki"},"image":{"@id":"https:\/\/venicewiki.org\/it\/#\/schema\/logo\/image\/"}}]}},"_links":{"self":[{"href":"https:\/\/venicewiki.org\/it\/wp-json\/wp\/v2\/pages\/1966"}],"collection":[{"href":"https:\/\/venicewiki.org\/it\/wp-json\/wp\/v2\/pages"}],"about":[{"href":"https:\/\/venicewiki.org\/it\/wp-json\/wp\/v2\/types\/page"}],"author":[{"embeddable":true,"href":"https:\/\/venicewiki.org\/it\/wp-json\/wp\/v2\/users\/2"}],"replies":[{"embeddable":true,"href":"https:\/\/venicewiki.org\/it\/wp-json\/wp\/v2\/comments?post=1966"}],"version-history":[{"count":5,"href":"https:\/\/venicewiki.org\/it\/wp-json\/wp\/v2\/pages\/1966\/revisions"}],"predecessor-version":[{"id":5925,"href":"https:\/\/venicewiki.org\/it\/wp-json\/wp\/v2\/pages\/1966\/revisions\/5925"}],"wp:attachment":[{"href":"https:\/\/venicewiki.org\/it\/wp-json\/wp\/v2\/media?parent=1966"}],"curies":[{"name":"wp","href":"https:\/\/api.w.org\/{rel}","templated":true}]}}