{"id":3650,"date":"2021-09-09T07:47:04","date_gmt":"2021-09-09T05:47:04","guid":{"rendered":"https:\/\/venicewiki.org\/it\/?page_id=3650"},"modified":"2023-03-08T19:12:34","modified_gmt":"2023-03-08T18:12:34","slug":"bacari","status":"publish","type":"page","link":"https:\/\/venicewiki.org\/it\/bacari\/","title":{"rendered":"Cosa sono i bacari"},"content":{"rendered":"<p>[vc_row][vc_column][vc_column_text]<\/p>\n<div class=\"w-full border-b border-black\/10 dark:border-gray-900\/50 text-gray-800 dark:text-gray-100 group bg-gray-50 dark:bg-[#444654]\">\n<div class=\"text-base gap-6 m-auto md:max-w-2xl lg:max-w-2xl xl:max-w-3xl p-4 md:py-6 flex lg:px-0\">\n<div class=\"relative flex w-full flex-col lg:w-[calc(100%-115px)]\">\n<div class=\"flex flex-col gap-3\">\n<div class=\"min-h-[20px] flex flex-col items-start gap-4 whitespace-pre-wrap\">\n<div class=\"markdown prose break-words dark:prose-invert dark\">\n<h1 style=\"text-align: center;\">Cosa sono i bacari<\/h1>\n<\/div>\n<\/div>\n<\/div>\n<\/div>\n<\/div>\n<\/div>\n<p>[\/vc_column_text][\/vc_column][\/vc_row][vc_row][vc_column][vc_column_text]<\/p>\n<div class=\"w-full border-b border-black\/10 dark:border-gray-900\/50 text-gray-800 dark:text-gray-100 group bg-gray-50 dark:bg-[#444654]\">\n<div class=\"text-base gap-6 m-auto md:max-w-2xl lg:max-w-2xl xl:max-w-3xl p-4 md:py-6 flex lg:px-0\">\n<div class=\"relative flex w-full flex-col lg:w-[calc(100%-115px)]\">\n<div class=\"flex flex-col gap-3\">\n<div class=\"min-h-[20px] flex flex-col items-start gap-4 whitespace-pre-wrap\">\n<div class=\"markdown prose break-words dark:prose-invert dark\">\n<p>I <strong>bacari<\/strong> di Venezia sono dei piccoli bar tipici della citt\u00e0 lagunare, un luogo suggestivo ed evocativo, che offre un&#8217;atmosfera unica e autentica, dove si pu\u00f2 gustare una buona ombra di vino accompagnata da <strong>cicchetti<\/strong>, ovvero piccole porzioni di cibo, spesso a base di pesce, che vengono servite come aperitivo. Questi locali sono spesso luoghi informali e allo stesso tempo molto accoglienti, dove \u00e8 possibile trascorrere una serata in compagnia degli amici e assaggiare le specialit\u00e0 locali. I <strong>bacari<\/strong> offrono un&#8217;ampia gamma di piatti gustosi, dai crostini ai tramezzini, dai fritti alle insalate, con sapori che variano a seconda del periodo e delle ricette tradizionali. Inoltre, \u00e8 possibile trovare piatti a base di pesce come il <strong>baccal\u00e0<\/strong> o i <strong>polpi<\/strong>, che rappresentano una prelibatezza tipica della tradizione veneziana.<\/p>\n<p>Inoltre, i <strong>bacari<\/strong> sono anche dei luoghi ricchi di storia, dove si pu\u00f2 godere della vera Venezia, con la sua cultura e la sua storia, in un&#8217;atmosfera di convivialit\u00e0 e allegria. Si tratta di un&#8217;esperienza indimenticabile per assaporare al meglio la magia di questa citt\u00e0 unica. Dalle atmosfere romantiche dei canali ai turisti che passeggiano per le strette calli, i bacari sono un modo divertente per conoscere la vera anima di Venezia, quella autentica che solo i veneziani conoscono. \u00c8 un&#8217;occasione per scoprire l&#8217;autenticit\u00e0 di questa citt\u00e0 unica, godendo di una serata in compagnia di amici, assaggiando ottimi piatti e bevendo <strong>ombre<\/strong> di vino.<\/p>\n<\/div>\n<\/div>\n<\/div>\n<\/div>\n<\/div>\n<\/div>\n<p>[\/vc_column_text][\/vc_column][\/vc_row][vc_row][vc_column][vc_column_text]<\/p>\n<div class=\"w-full border-b border-black\/10 dark:border-gray-900\/50 text-gray-800 dark:text-gray-100 group bg-gray-50 dark:bg-[#444654]\">\n<div class=\"text-base gap-6 m-auto md:max-w-2xl lg:max-w-2xl xl:max-w-3xl p-4 md:py-6 flex lg:px-0\">\n<div class=\"relative flex w-full flex-col lg:w-[calc(100%-115px)]\">\n<div class=\"flex flex-col gap-3\">\n<div class=\"min-h-[20px] flex flex-col items-start gap-4 whitespace-pre-wrap\">\n<div class=\"markdown prose break-words dark:prose-invert dark\">\n<h2>Una selezione dei migliori bacaro tour<\/h2>\n<\/div>\n<\/div>\n<\/div>\n<\/div>\n<\/div>\n<\/div>\n<p>[\/vc_column_text][vc_raw_html]JTNDZGl2JTIwZGF0YS1neWctaHJlZiUzRCUyMmh0dHBzJTNBJTJGJTJGd2lkZ2V0LmdldHlvdXJndWlkZS5jb20lMkZkZWZhdWx0JTJGYWN0aXZpdGllcy5mcmFtZSUyMiUyMGRhdGEtZ3lnLWxvY2FsZS1jb2RlJTNEJTIyaXQtSVQlMjIlMjBkYXRhLWd5Zy13aWRnZXQlM0QlMjJhY3Rpdml0aWVzJTIyJTIwZGF0YS1neWctbnVtYmVyLW9mLWl0ZW1zJTNEJTIyNCUyMiUyMGRhdGEtZ3lnLXBhcnRuZXItaWQlM0QlMjJKOFhOUkQ2JTIyJTIwZGF0YS1neWctdG91ci1pZHMlM0QlMjI4Nzg2OSUyQzQxNDA5OSUyQzk0NDklMkMxOTIzMDMlMjIlM0UlM0MlMkZkaXYlM0U=[\/vc_raw_html][\/vc_column][\/vc_row]<\/p>\n","protected":false},"excerpt":{"rendered":"<p>Scopri l&#8217;atmosfera autentica di Venezia nei suoi tipici bacari, dove puoi gustare il vino locale e i cicchetti, piccole porzioni di cibo a base di pesce.<\/p>\n","protected":false},"author":2,"featured_media":0,"parent":0,"menu_order":0,"comment_status":"closed","ping_status":"closed","template":"","meta":{"_editorskit_title_hidden":false,"_editorskit_reading_time":1},"yoast_head":"<!-- This site is optimized with the Yoast SEO plugin v19.7.1 - https:\/\/yoast.com\/wordpress\/plugins\/seo\/ -->\n<title>Cosa sono i bacari - Venicewiki<\/title>\n<meta name=\"description\" content=\"Scopri l&#039;atmosfera autentica di Venezia nei suoi tipici bacari, dove puoi gustare il vino locale e i cicchetti, piccole porzioni di cibo a base di pesce.\" \/>\n<meta name=\"robots\" content=\"index, follow, max-snippet:-1, max-image-preview:large, max-video-preview:-1\" \/>\n<link rel=\"canonical\" href=\"https:\/\/venicewiki.org\/it\/bacari\/\" \/>\n<meta property=\"og:locale\" content=\"it_IT\" \/>\n<meta property=\"og:type\" content=\"article\" \/>\n<meta property=\"og:title\" content=\"Cosa sono i bacari - Venicewiki\" \/>\n<meta property=\"og:description\" content=\"Scopri l&#039;atmosfera autentica di Venezia nei suoi tipici bacari, dove puoi gustare il vino locale e i cicchetti, piccole porzioni di cibo a base di pesce.\" \/>\n<meta property=\"og:url\" content=\"https:\/\/venicewiki.org\/it\/bacari\/\" \/>\n<meta property=\"og:site_name\" content=\"Venicewiki\" \/>\n<meta property=\"article:modified_time\" content=\"2023-03-08T18:12:34+00:00\" \/>\n<meta name=\"twitter:card\" content=\"summary_large_image\" \/>\n<meta name=\"twitter:label1\" content=\"Est. reading time\" \/>\n\t<meta name=\"twitter:data1\" content=\"2 minuti\" \/>\n<script type=\"application\/ld+json\" class=\"yoast-schema-graph\">{\"@context\":\"https:\/\/schema.org\",\"@graph\":[{\"@type\":\"WebPage\",\"@id\":\"https:\/\/venicewiki.org\/it\/bacari\/\",\"url\":\"https:\/\/venicewiki.org\/it\/bacari\/\",\"name\":\"Cosa sono i bacari - Venicewiki\",\"isPartOf\":{\"@id\":\"https:\/\/venicewiki.org\/it\/#website\"},\"datePublished\":\"2021-09-09T05:47:04+00:00\",\"dateModified\":\"2023-03-08T18:12:34+00:00\",\"description\":\"Scopri l'atmosfera autentica di Venezia nei suoi tipici bacari, dove puoi gustare il vino locale e i cicchetti, piccole porzioni di cibo a base di pesce.\",\"breadcrumb\":{\"@id\":\"https:\/\/venicewiki.org\/it\/bacari\/#breadcrumb\"},\"inLanguage\":\"it-IT\",\"potentialAction\":[{\"@type\":\"ReadAction\",\"target\":[\"https:\/\/venicewiki.org\/it\/bacari\/\"]}]},{\"@type\":\"BreadcrumbList\",\"@id\":\"https:\/\/venicewiki.org\/it\/bacari\/#breadcrumb\",\"itemListElement\":[{\"@type\":\"ListItem\",\"position\":1,\"name\":\"Home\",\"item\":\"https:\/\/venicewiki.org\/it\/\"},{\"@type\":\"ListItem\",\"position\":2,\"name\":\"Cosa sono i bacari\"}]},{\"@type\":\"WebSite\",\"@id\":\"https:\/\/venicewiki.org\/it\/#website\",\"url\":\"https:\/\/venicewiki.org\/it\/\",\"name\":\"Venicewiki\",\"description\":\"La guida di Venezia\",\"publisher\":{\"@id\":\"https:\/\/venicewiki.org\/it\/#organization\"},\"potentialAction\":[{\"@type\":\"SearchAction\",\"target\":{\"@type\":\"EntryPoint\",\"urlTemplate\":\"https:\/\/venicewiki.org\/it\/?s={search_term_string}\"},\"query-input\":\"required name=search_term_string\"}],\"inLanguage\":\"it-IT\"},{\"@type\":\"Organization\",\"@id\":\"https:\/\/venicewiki.org\/it\/#organization\",\"name\":\"Venicewiki\",\"url\":\"https:\/\/venicewiki.org\/it\/\",\"sameAs\":[],\"logo\":{\"@type\":\"ImageObject\",\"inLanguage\":\"it-IT\",\"@id\":\"https:\/\/venicewiki.org\/it\/#\/schema\/logo\/image\/\",\"url\":\"https:\/\/venicewiki.org\/it\/wp-content\/uploads\/2022\/12\/Logo-sfondo-rosso.png\",\"contentUrl\":\"https:\/\/venicewiki.org\/it\/wp-content\/uploads\/2022\/12\/Logo-sfondo-rosso.png\",\"width\":1000,\"height\":1000,\"caption\":\"Venicewiki\"},\"image\":{\"@id\":\"https:\/\/venicewiki.org\/it\/#\/schema\/logo\/image\/\"}}]}<\/script>\n<!-- \/ Yoast SEO plugin. -->","yoast_head_json":{"title":"Cosa sono i bacari - Venicewiki","description":"Scopri l'atmosfera autentica di Venezia nei suoi tipici bacari, dove puoi gustare il vino locale e i cicchetti, piccole porzioni di cibo a base di pesce.","robots":{"index":"index","follow":"follow","max-snippet":"max-snippet:-1","max-image-preview":"max-image-preview:large","max-video-preview":"max-video-preview:-1"},"canonical":"https:\/\/venicewiki.org\/it\/bacari\/","og_locale":"it_IT","og_type":"article","og_title":"Cosa sono i bacari - Venicewiki","og_description":"Scopri l'atmosfera autentica di Venezia nei suoi tipici bacari, dove puoi gustare il vino locale e i cicchetti, piccole porzioni di cibo a base di pesce.","og_url":"https:\/\/venicewiki.org\/it\/bacari\/","og_site_name":"Venicewiki","article_modified_time":"2023-03-08T18:12:34+00:00","twitter_card":"summary_large_image","twitter_misc":{"Est. reading time":"2 minuti"},"schema":{"@context":"https:\/\/schema.org","@graph":[{"@type":"WebPage","@id":"https:\/\/venicewiki.org\/it\/bacari\/","url":"https:\/\/venicewiki.org\/it\/bacari\/","name":"Cosa sono i bacari - Venicewiki","isPartOf":{"@id":"https:\/\/venicewiki.org\/it\/#website"},"datePublished":"2021-09-09T05:47:04+00:00","dateModified":"2023-03-08T18:12:34+00:00","description":"Scopri l'atmosfera autentica di Venezia nei suoi tipici bacari, dove puoi gustare il vino locale e i cicchetti, piccole porzioni di cibo a base di pesce.","breadcrumb":{"@id":"https:\/\/venicewiki.org\/it\/bacari\/#breadcrumb"},"inLanguage":"it-IT","potentialAction":[{"@type":"ReadAction","target":["https:\/\/venicewiki.org\/it\/bacari\/"]}]},{"@type":"BreadcrumbList","@id":"https:\/\/venicewiki.org\/it\/bacari\/#breadcrumb","itemListElement":[{"@type":"ListItem","position":1,"name":"Home","item":"https:\/\/venicewiki.org\/it\/"},{"@type":"ListItem","position":2,"name":"Cosa sono i bacari"}]},{"@type":"WebSite","@id":"https:\/\/venicewiki.org\/it\/#website","url":"https:\/\/venicewiki.org\/it\/","name":"Venicewiki","description":"La guida di Venezia","publisher":{"@id":"https:\/\/venicewiki.org\/it\/#organization"},"potentialAction":[{"@type":"SearchAction","target":{"@type":"EntryPoint","urlTemplate":"https:\/\/venicewiki.org\/it\/?s={search_term_string}"},"query-input":"required name=search_term_string"}],"inLanguage":"it-IT"},{"@type":"Organization","@id":"https:\/\/venicewiki.org\/it\/#organization","name":"Venicewiki","url":"https:\/\/venicewiki.org\/it\/","sameAs":[],"logo":{"@type":"ImageObject","inLanguage":"it-IT","@id":"https:\/\/venicewiki.org\/it\/#\/schema\/logo\/image\/","url":"https:\/\/venicewiki.org\/it\/wp-content\/uploads\/2022\/12\/Logo-sfondo-rosso.png","contentUrl":"https:\/\/venicewiki.org\/it\/wp-content\/uploads\/2022\/12\/Logo-sfondo-rosso.png","width":1000,"height":1000,"caption":"Venicewiki"},"image":{"@id":"https:\/\/venicewiki.org\/it\/#\/schema\/logo\/image\/"}}]}},"_links":{"self":[{"href":"https:\/\/venicewiki.org\/it\/wp-json\/wp\/v2\/pages\/3650"}],"collection":[{"href":"https:\/\/venicewiki.org\/it\/wp-json\/wp\/v2\/pages"}],"about":[{"href":"https:\/\/venicewiki.org\/it\/wp-json\/wp\/v2\/types\/page"}],"author":[{"embeddable":true,"href":"https:\/\/venicewiki.org\/it\/wp-json\/wp\/v2\/users\/2"}],"replies":[{"embeddable":true,"href":"https:\/\/venicewiki.org\/it\/wp-json\/wp\/v2\/comments?post=3650"}],"version-history":[{"count":10,"href":"https:\/\/venicewiki.org\/it\/wp-json\/wp\/v2\/pages\/3650\/revisions"}],"predecessor-version":[{"id":5921,"href":"https:\/\/venicewiki.org\/it\/wp-json\/wp\/v2\/pages\/3650\/revisions\/5921"}],"wp:attachment":[{"href":"https:\/\/venicewiki.org\/it\/wp-json\/wp\/v2\/media?parent=3650"}],"curies":[{"name":"wp","href":"https:\/\/api.w.org\/{rel}","templated":true}]}}