{"id":4034,"date":"2022-10-06T12:09:26","date_gmt":"2022-10-06T10:09:26","guid":{"rendered":"https:\/\/venicewiki.org\/it\/?page_id=4034"},"modified":"2023-07-03T19:27:25","modified_gmt":"2023-07-03T17:27:25","slug":"murano-cosa-vedere","status":"publish","type":"page","link":"https:\/\/venicewiki.org\/it\/vedere-fare\/murano-cosa-vedere\/","title":{"rendered":"Murano: cosa vedere"},"content":{"rendered":"<p>[vc_row][vc_column][vc_column_text]<\/p>\n<h1 style=\"text-align: center;\">Murano: cosa vedere<\/h1>\n<p>[\/vc_column_text][\/vc_column][\/vc_row][vc_row][vc_column][vc_column_text]<\/p>\n<figure class=\"wp-block-image alignright\"><a href=\"https:\/\/venicewiki.org\/wiki\/Immagine:Museo_del_Vetro_%28Murano%29.jpg\"><img src=\"https:\/\/venicewiki.org\/images\/thumb\/0\/0f\/Museo_del_Vetro_%28Murano%29.jpg\/350px-Museo_del_Vetro_%28Murano%29.jpg\" alt=\"\" \/><\/a><\/figure>\n\n<p>Trascorrere una giornata a Murano \u00e8 un&#8217;esperienza fantastica.<br \/>Trovarsi sull&#8217;isola dove gli artisti pi\u00f9 insigni hanno disegnato e disegnano i vetri, le coppe, i bicchieri, i vasi pi\u00f9 ricercati e costosi al mondo, vuol dire cercare di capire come il vetro si trasforma da sabbia silicea ad opera d&#8217;arte.<\/p>\n<p>Ma Murano non \u00e8 solo vetro!<\/p>\n<p>Cosa si pu\u00f2 andare a vedere a\u00a0<a href=\"https:\/\/venicewiki.org\/wiki\/Murano\">Murano<\/a>?<br \/>La\u00a0<a href=\"https:\/\/venicewiki.org\/wiki\/Basilica_dei_Santi_Maria_e_Donato\">Basilica dei Santi Maria e Donato<\/a>,<br \/>Il\u00a0<a href=\"https:\/\/venicewiki.org\/wiki\/Museo_del_Vetro_%28Murano%29\">Museo del Vetro<\/a><br \/>Il trecentesco\u00a0<a href=\"https:\/\/venicewiki.org\/wiki\/Palazzo_Da_Mula\">Palazzo Da Mula<\/a><br \/><strong>Chiesa degli Angeli<\/strong><br \/><a href=\"https:\/\/venicewiki.org\/wiki\/Chiesa_di_San_Pietro_Martire_%28Murano%29\">Chiesa di San Pietro Martire<\/a>\u00a0con quadri di\u00a0<a href=\"https:\/\/venicewiki.org\/wiki\/Giovanni_Bellini\">Giovanni Bellini<\/a>\u00a0e\u00a0<a href=\"https:\/\/venicewiki.org\/wiki\/Paolo_Veronese\">Paolo Veronese<\/a><br \/><strong>Faro<\/strong><\/p>\n<p>Arrivati alla\u00a0<a href=\"https:\/\/venicewiki.org\/wiki\/Ferrovia\">Ferrovia<\/a>\u00a0si prende il vaporetto che porta direttamente a\u00a0<a href=\"https:\/\/venicewiki.org\/wiki\/Murano\">Murano<\/a>, la linea 4.1 il cui imbarcadero si trova a sinistra del\u00a0<a href=\"https:\/\/venicewiki.org\/wiki\/Ponte_degli_Scalzi\">Ponte degli Scalzi<\/a>.<br \/><\/p>\n\n<p>Dopo 35 minuti di navigazione e 9 fermate, si arriva alla fermata\u00a0<strong>Museo<\/strong>\u00a0di\u00a0<a href=\"https:\/\/venicewiki.org\/wiki\/Murano\">Murano<\/a>.<\/p>\n\n<div class=\"wp-block-image\">\n<figure class=\"alignright is-resized\"><a href=\"https:\/\/farm3.static.flickr.com\/2167\/1865474971_93aab75989.jpg\"><img loading=\"lazy\" src=\"https:\/\/farm3.static.flickr.com\/2167\/1865474971_93aab75989_m.jpg\" alt=\"Exposi\u00e7\u00e3o \" width=\"234\" height=\"312\" \/><\/a><\/figure><\/div>\n<p>La fermata\u00a0<strong>Museo<\/strong>\u00a0non \u00e8 la prima di\u00a0<a href=\"https:\/\/venicewiki.org\/wiki\/Murano\">Murano<\/a>, per cui bisogna fare bene attenzione e scendere a\u00a0<strong>Museo<\/strong>\u00a0per essere pi\u00f9 vicini all&#8217;inizio del nostro itinerario.<\/p>\n<p>Appena scesi dall&#8217;imbarcadero si prende a destra lungo la fondamenta che costeggia il\u00a0<a href=\"https:\/\/venicewiki.org\/wiki\/Canal_Grande\">Canal Grande<\/a>\u00a0di\u00a0<a href=\"https:\/\/venicewiki.org\/wiki\/Murano\">Murano<\/a>\u00a0per continuare fino all&#8217;angolo dove si \u00e8 obbligati a girare a sinistra lungo la successiva fondamenta e, percorsi 50 metri, si arriva all&#8217;ingresso del\u00a0<a href=\"https:\/\/venicewiki.org\/wiki\/Museo_del_Vetro_%28Murano%29\">Museo del Vetro<\/a>.<br \/><\/p>\n\n<p>L&#8217;ingresso al Museo costa \u20ac 10,00, ridotto \u20ac 7,50, ma il costo del biglietto \u00e8 ben ripagato dalla grande mole di opere esposte. Il percorso museale pu\u00f2 essere compuito in ore 1,30-2,30 a seconda degli interessi.<\/p>\n\n<div class=\"wp-block-image\">\n<figure class=\"alignright is-resized\"><a href=\"https:\/\/farm3.static.flickr.com\/2060\/1866251374_75b791cff4.jpg\"><img loading=\"lazy\" src=\"https:\/\/farm3.static.flickr.com\/2060\/1866251374_75b791cff4_m.jpg\" alt=\"Exposi\u00e7\u00e3o \" width=\"243\" height=\"324\" \/><\/a><\/figure><\/div>\n<p>Il museo racconta fin dalle origini la storia del vetro: dai primi vetri romani del I e III secolo d.C. alle creazioni rinascimentale di virtuosissimi vetri soffiati, per arrivare alle sperimentazioni del secolo scorso. Sperimentazioni che ancora oggi continuano nelle numerose fornaci ancora attive e operanti a\u00a0<a href=\"https:\/\/venicewiki.org\/wiki\/Murano\">Murano<\/a>. Vetri soffiati finissimi che sembra galleggino in aria; vetri colorati dai colori pi\u00f9 sgargianti come il rosso acceso o il\u00a0<em>rosso rubino<\/em> (quest&#8217;ultimo si ottiene con l&#8217;aggiunta di oro puro nella miscela); murrine colorate inserite in lavorazioni particolari; lampadari eleganti per ambienti speciali; lavorazioni a <em>zanfirico<\/em> che sembrano merletti. Settecento anni di vetro nei quali si trova la storia e la passione dei maestri muranesi.<br \/>Le nuove sale presso le\u00a0<strong>Conterie<\/strong>, luogo dove si producevano le finissime perle di infiniti colori, ospitano delle mostre temporanee sempre legate, ovviamente, al mondo del vetro.<\/p>\n\n<div class=\"wp-block-image\">\n<figure class=\"alignright\"><a href=\"https:\/\/venicewiki.org\/wiki\/Immagine:Basilica_dei_santi_maria_e_donato%2C_murano-2722.jpg\"><img src=\"https:\/\/venicewiki.org\/images\/thumb\/e\/e2\/Basilica_dei_santi_maria_e_donato%2C_murano-2722.jpg\/400px-Basilica_dei_santi_maria_e_donato%2C_murano-2722.jpg\" alt=\"\" \/><\/a><\/figure><\/div>\n\n<p>Proseguendo lungo la fondamenta che in precedenza abbiamo percorso, si trova la\u00a0<a href=\"https:\/\/venicewiki.org\/wiki\/Basilica_dei_Santi_Maria_e_Donato\">Basilica dei Santi Maria e Donato<\/a>, San Don\u00e0 per i muranesi. Situata al centro dell&#8217;isola, \u00e8 una delle pi\u00f9 antiche chiese della\u00a0<a href=\"https:\/\/venicewiki.org\/wiki\/Laguna\">Laguna<\/a>. La sua caratteristica forma romanica, i\u00a0<a href=\"https:\/\/venicewiki.org\/wiki\/Mosaici_Medievali\">mosaici<\/a>\u00a0che adornano il pavimento, non si pu\u00f2 che rimanere incantati di fronte alle due superbe file di archi bizantini che, sorretti da coppie di colonne marmoree, una diversa dall&#8217;altra, su capitelli alternativamente in rosso verona e marmo istriano, si stagliano nel caldo cotto delle pietre della parte absidale.<\/p>\n\n<p>La parte che si nota immediatamente \u00e8 l&#8217;abside circolare, ma l&#8217;ingresso, ovviamente, si trova dalla parte opposta. Il portale monumentale \u00e8 in classico stile romanico veneto ed ha come basamenti antichi manufatti romani, molto probabilmente portati da\u00a0<strong>Altino<\/strong>\u00a0durante il passaggio delle genti venete nelle acque della laguna.<\/p>\n<p>Dal vecchio ponte che attraversa il canale dietro la chiesa si vede a destra, giusto di fronte all\u2019ingresso del\u00a0<a href=\"https:\/\/venicewiki.org\/wiki\/Museo_del_Vetro_%28Murano%29\">Museo del Vetro<\/a>, la\u00a0<a href=\"https:\/\/venicewiki.org\/wiki\/Trattoria_Valmarana\">Trattoria Valmarana<\/a>\u00a0dove si pu\u00f2 mangiare i tipici piatti della cucina della tradizione veneziana. Imperdibile \u00e8 il grande\u00a0<strong>antipasto valmarana<\/strong>, composto da una serie di pesci stagionali tra i quali le\u00a0<strong><a href=\"https:\/\/venicewiki.org\/wiki\/Sardee_in_saor\">Sardee in saor<\/a><\/strong>, i\u00a0<strong>moscardini<\/strong>, le\u00a0<strong>canoce<\/strong>\u00a0(cicale di mare), le\u00a0<strong>capasante gratinate al forno<\/strong>, il\u00a0<strong>baccal\u00e0 con polenta<\/strong>.<br \/>Tra i primi piatti: il\u00a0<strong>risotto di scampi e rucola<\/strong>\u00a0e gli\u00a0<strong>spaghetti allo scoglio<\/strong>.<br \/>Infine, trionfo di secondi con il\u00a0<strong>bisato in tecia<\/strong>\u00a0e il\u00a0<strong>rombo al forno<\/strong>, il\u00a0<strong>fritto valmarana<\/strong>\u00a0e il\u00a0<strong>granchio pazzo al forno<\/strong>.<br \/>Se prima di sedervi al tavolo o durante il pasto indicate ad\u00a0<strong>Adriano<\/strong>, il titolare del ristorante, la pagina di\u00a0<strong>Venicewiki.org<\/strong>\u00a0che parla di lui, verrete omaggiati di un oggetto fabbricato a\u00a0<a href=\"https:\/\/venicewiki.org\/wiki\/Murano\">Murano<\/a>.<\/p>\n<p>Usciti dal ristorante si pu\u00f2 entrare in una fornace e vedere come si lavora il vetro.<\/p>\n\n<div class=\"wp-block-image\">\n<figure class=\"alignright is-resized\"><a href=\"https:\/\/farm4.static.flickr.com\/3072\/2871790117_e5865f1cf2.jpg\"><img loading=\"lazy\" src=\"https:\/\/farm4.static.flickr.com\/3072\/2871790117_e5865f1cf2_m.jpg\" alt=\"Palazzo Da Mula Murano\" width=\"284\" height=\"213\" \/><\/a><\/figure><\/div>\n\n<p>Per vedere l&#8217;antica lavorazione del vetro con un maestro dell&#8217;arte vetraria, bisogna tornare all&#8217;imbarcadero\u00a0<strong>Museo<\/strong>\u00a0dal quale si era scesi e proseguire fino a raggiungere un grande ponte. Attraversando il\u00a0<a href=\"https:\/\/venicewiki.org\/wiki\/Canal_Grande\">Canal Grande<\/a>\u00a0di\u00a0<a href=\"https:\/\/venicewiki.org\/wiki\/Murano\">Murano<\/a>\u00a0sul grande ponte di ferro che unisce le due sponde, sulla destra si noti il\u00a0<a href=\"https:\/\/venicewiki.org\/wiki\/Palazzo_Da_Mula\">Palazzo Da Mula<\/a>, una costruzione trecentesca dove i veneziani venivano a trascorrere un periodo di vacanza in una zona tranquilla.<\/p>\n\n<div class=\"wp-block-image\">\n<figure class=\"alignright is-resized\"><a href=\"https:\/\/farm4.static.flickr.com\/3080\/2924584793_fa0df78b84.jpg\"><img loading=\"lazy\" src=\"https:\/\/farm4.static.flickr.com\/3080\/2924584793_fa0df78b84_m.jpg\" alt=\"DSCN8170\" width=\"294\" height=\"221\" \/><\/a><\/figure><\/div>\n\n<p>Proseguendo per il\u00a0<a href=\"https:\/\/venicewiki.org\/wiki\/Rio_dei_Vetrai\">Rio dei Vetrai<\/a>\u00a0si arriva alla Chiesa di San Pietro Martire, dove si trovano, oltre ad altre opere minori, la\u00a0<em>Vergine in trono fra San Marco, che presenta il Doge Agostino Barbarigo, e Sant&#8217;Agostino Vescovo<\/em>, opera di\u00a0<a href=\"https:\/\/venicewiki.org\/wiki\/Giovanni_Bellini\">Giovanni Bellini<\/a>\u00a0del 1488, e\u00a0<em>San Girolamo nel deserto<\/em>\u00a0di\u00a0<a href=\"https:\/\/venicewiki.org\/wiki\/Paolo_Veronese\">Paolo Veronese<\/a>\u00a0del 1566.<\/p>\n\n<p><br \/>Seguendo le indicazioni della pagina\u00a0<a href=\"https:\/\/venicewiki.org\/wiki\/Prenotare_visita_alla_fornace\">Prenotare visita alla fornace<\/a>\u00a0un maestro vetraio vi mostrer\u00e0 come un\u00a0<em>bolo<\/em>\u00a0di vetro incandescente diventa un oggetto d\u2019arte, prezioso e decorativo, adatto ad ogni ambientazione domestica.<\/p>\n<p>Prima che inizi a far buio si ha giusto il tempo di riprendere il battello che riporter\u00e0 alla\u00a0<a href=\"https:\/\/venicewiki.org\/wiki\/Ferrovia\">Ferrovia<\/a>.<\/p>\n\n<div class=\"wp-block-image\">\n<figure class=\"alignright is-resized\"><a href=\"https:\/\/venicewiki.org\/wiki\/Immagine:Rio_dei_vetrai.jpg\"><img loading=\"lazy\" src=\"https:\/\/venicewiki.org\/images\/thumb\/c\/c6\/Rio_dei_vetrai.jpg\/540px-Rio_dei_vetrai.jpg\" alt=\"\" width=\"373\" height=\"260\" \/><\/a><\/figure><\/div>\n\n\n<ul>\n<li><a href=\"https:\/\/venicewiki.org\/wiki\/Murano\">Murano<\/a><\/li>\n<li><a href=\"https:\/\/venicewiki.org\/wiki\/Murano:_come_arrivare\">Murano: come arrivare<\/a><\/li>\n<li><a href=\"https:\/\/venicewiki.org\/wiki\/Un_giorno_a_Murano\">Un giorno a Murano<\/a><\/li>\n<li><a href=\"https:\/\/venicewiki.org\/wiki\/Prenotare_visita_alla_fornace\">Prenotare visita alla fornace<\/a><\/li>\n<li><a href=\"https:\/\/venicewiki.org\/wiki\/Chiesa_di_San_Pietro_Martire_%28Murano%29\">Chiesa di San Pietro Martire (Murano)<\/a><\/li>\n<li><a href=\"https:\/\/venicewiki.org\/wiki\/Basilica_dei_Santi_Maria_e_Donato\">Basilica dei Santi Maria e Donato<\/a><\/li>\n<li><a href=\"https:\/\/venicewiki.org\/wiki\/Museo_del_Vetro_%28Murano%29\">Museo del Vetro (Murano)<\/a><\/li>\n<li><a href=\"https:\/\/venicewiki.org\/wiki\/Glossario_del_vetro\">Glossario del vetro<\/a><\/li>\n<li><a href=\"https:\/\/venicewiki.org\/wiki\/Vetro_di_Murano\">Vetro di Murano<\/a><\/li>\n<li><a href=\"https:\/\/venicewiki.org\/wiki\/Marchio_Vetro_artistico_di_Murano\">Marchio Vetro artistico di Murano<\/a><\/li>\n<li><a href=\"https:\/\/venicewiki.org\/wiki\/E-commerce_Vetro_di_Murano\">E-commerce Vetro di Murano\u200e<\/a><\/li>\n<li><a href=\"https:\/\/venicewiki.org\/wiki\/San_Nicol%C3%B2_protettore_dei_vetrai_di_Murano\">San Nicol\u00f2 protettore dei vetrai di Murano<\/a><\/li>\n<li><a href=\"https:\/\/venicewiki.org\/wiki\/Vetrerie\">Vetrerie<\/a><\/li>\n<li><a href=\"https:\/\/venicewiki.org\/wiki\/Vetro_di_Murano:_come_acquistare\">Vetro di Murano: come acquistare<\/a><\/li>\n<li><a href=\"https:\/\/venicewiki.org\/wiki\/Colonna_romana_%28Murano%29\">Colonna romana (Murano)<\/a><\/li>\n<li><a href=\"https:\/\/venicewiki.org\/wiki\/Mosaici_Medievali\">Mosaici Medievali<\/a><\/li>\n<li><a href=\"https:\/\/venicewiki.org\/wiki\/Casino_Mocenigo\">Casino Mocenigo<\/a><\/li>\n<\/ul>\n\n<p>&nbsp;<\/p>\n<p>[\/vc_column_text][\/vc_column][\/vc_row]<\/p>\n","protected":false},"excerpt":{"rendered":"<p>Scopri cosa vedere a Murano oltre alle rinomate opere di vetro. Trascorri una giornata indimenticabile sull&#8217;isola con i nostri consigli.<\/p>\n","protected":false},"author":3,"featured_media":0,"parent":1884,"menu_order":0,"comment_status":"closed","ping_status":"closed","template":"","meta":{"_editorskit_title_hidden":false,"_editorskit_reading_time":0},"yoast_head":"<!-- This site is optimized with the Yoast SEO plugin v19.7.1 - https:\/\/yoast.com\/wordpress\/plugins\/seo\/ -->\n<title>Murano: cosa vedere - Venicewiki<\/title>\n<meta name=\"description\" content=\"Scopri cosa vedere a Murano oltre alle rinomate opere di vetro. Trascorri una giornata indimenticabile sull&#039;isola con i nostri consigli.\" \/>\n<meta name=\"robots\" content=\"index, follow, max-snippet:-1, max-image-preview:large, max-video-preview:-1\" \/>\n<link rel=\"canonical\" href=\"https:\/\/venicewiki.org\/it\/vedere-fare\/murano-cosa-vedere\/\" \/>\n<meta property=\"og:locale\" content=\"it_IT\" \/>\n<meta property=\"og:type\" content=\"article\" \/>\n<meta property=\"og:title\" content=\"Murano: cosa vedere - Venicewiki\" \/>\n<meta property=\"og:description\" content=\"Scopri cosa vedere a Murano oltre alle rinomate opere di vetro. Trascorri una giornata indimenticabile sull&#039;isola con i nostri consigli.\" \/>\n<meta property=\"og:url\" content=\"https:\/\/venicewiki.org\/it\/vedere-fare\/murano-cosa-vedere\/\" \/>\n<meta property=\"og:site_name\" content=\"Venicewiki\" \/>\n<meta property=\"article:modified_time\" content=\"2023-07-03T17:27:25+00:00\" \/>\n<meta property=\"og:image\" content=\"https:\/\/venicewiki.org\/images\/thumb\/0\/0f\/Museo_del_Vetro_%28Murano%29.jpg\/350px-Museo_del_Vetro_%28Murano%29.jpg\" \/>\n<meta name=\"twitter:card\" content=\"summary_large_image\" \/>\n<meta name=\"twitter:label1\" content=\"Est. reading time\" \/>\n\t<meta name=\"twitter:data1\" content=\"7 minuti\" \/>\n<script type=\"application\/ld+json\" class=\"yoast-schema-graph\">{\"@context\":\"https:\/\/schema.org\",\"@graph\":[{\"@type\":\"WebPage\",\"@id\":\"https:\/\/venicewiki.org\/it\/vedere-fare\/murano-cosa-vedere\/\",\"url\":\"https:\/\/venicewiki.org\/it\/vedere-fare\/murano-cosa-vedere\/\",\"name\":\"Murano: cosa vedere - Venicewiki\",\"isPartOf\":{\"@id\":\"https:\/\/venicewiki.org\/it\/#website\"},\"datePublished\":\"2022-10-06T10:09:26+00:00\",\"dateModified\":\"2023-07-03T17:27:25+00:00\",\"description\":\"Scopri cosa vedere a Murano oltre alle rinomate opere di vetro. Trascorri una giornata indimenticabile sull'isola con i nostri consigli.\",\"breadcrumb\":{\"@id\":\"https:\/\/venicewiki.org\/it\/vedere-fare\/murano-cosa-vedere\/#breadcrumb\"},\"inLanguage\":\"it-IT\",\"potentialAction\":[{\"@type\":\"ReadAction\",\"target\":[\"https:\/\/venicewiki.org\/it\/vedere-fare\/murano-cosa-vedere\/\"]}]},{\"@type\":\"BreadcrumbList\",\"@id\":\"https:\/\/venicewiki.org\/it\/vedere-fare\/murano-cosa-vedere\/#breadcrumb\",\"itemListElement\":[{\"@type\":\"ListItem\",\"position\":1,\"name\":\"Home\",\"item\":\"https:\/\/venicewiki.org\/it\/\"},{\"@type\":\"ListItem\",\"position\":2,\"name\":\"Cosa vedere e fare\",\"item\":\"https:\/\/venicewiki.org\/it\/vedere-fare\/\"},{\"@type\":\"ListItem\",\"position\":3,\"name\":\"Murano: cosa vedere\"}]},{\"@type\":\"WebSite\",\"@id\":\"https:\/\/venicewiki.org\/it\/#website\",\"url\":\"https:\/\/venicewiki.org\/it\/\",\"name\":\"Venicewiki\",\"description\":\"La guida di Venezia\",\"publisher\":{\"@id\":\"https:\/\/venicewiki.org\/it\/#organization\"},\"potentialAction\":[{\"@type\":\"SearchAction\",\"target\":{\"@type\":\"EntryPoint\",\"urlTemplate\":\"https:\/\/venicewiki.org\/it\/?s={search_term_string}\"},\"query-input\":\"required name=search_term_string\"}],\"inLanguage\":\"it-IT\"},{\"@type\":\"Organization\",\"@id\":\"https:\/\/venicewiki.org\/it\/#organization\",\"name\":\"Venicewiki\",\"url\":\"https:\/\/venicewiki.org\/it\/\",\"sameAs\":[],\"logo\":{\"@type\":\"ImageObject\",\"inLanguage\":\"it-IT\",\"@id\":\"https:\/\/venicewiki.org\/it\/#\/schema\/logo\/image\/\",\"url\":\"https:\/\/venicewiki.org\/it\/wp-content\/uploads\/2022\/12\/Logo-sfondo-rosso.png\",\"contentUrl\":\"https:\/\/venicewiki.org\/it\/wp-content\/uploads\/2022\/12\/Logo-sfondo-rosso.png\",\"width\":1000,\"height\":1000,\"caption\":\"Venicewiki\"},\"image\":{\"@id\":\"https:\/\/venicewiki.org\/it\/#\/schema\/logo\/image\/\"}}]}<\/script>\n<!-- \/ Yoast SEO plugin. -->","yoast_head_json":{"title":"Murano: cosa vedere - Venicewiki","description":"Scopri cosa vedere a Murano oltre alle rinomate opere di vetro. Trascorri una giornata indimenticabile sull'isola con i nostri consigli.","robots":{"index":"index","follow":"follow","max-snippet":"max-snippet:-1","max-image-preview":"max-image-preview:large","max-video-preview":"max-video-preview:-1"},"canonical":"https:\/\/venicewiki.org\/it\/vedere-fare\/murano-cosa-vedere\/","og_locale":"it_IT","og_type":"article","og_title":"Murano: cosa vedere - Venicewiki","og_description":"Scopri cosa vedere a Murano oltre alle rinomate opere di vetro. Trascorri una giornata indimenticabile sull'isola con i nostri consigli.","og_url":"https:\/\/venicewiki.org\/it\/vedere-fare\/murano-cosa-vedere\/","og_site_name":"Venicewiki","article_modified_time":"2023-07-03T17:27:25+00:00","og_image":[{"url":"https:\/\/venicewiki.org\/images\/thumb\/0\/0f\/Museo_del_Vetro_%28Murano%29.jpg\/350px-Museo_del_Vetro_%28Murano%29.jpg"}],"twitter_card":"summary_large_image","twitter_misc":{"Est. reading time":"7 minuti"},"schema":{"@context":"https:\/\/schema.org","@graph":[{"@type":"WebPage","@id":"https:\/\/venicewiki.org\/it\/vedere-fare\/murano-cosa-vedere\/","url":"https:\/\/venicewiki.org\/it\/vedere-fare\/murano-cosa-vedere\/","name":"Murano: cosa vedere - Venicewiki","isPartOf":{"@id":"https:\/\/venicewiki.org\/it\/#website"},"datePublished":"2022-10-06T10:09:26+00:00","dateModified":"2023-07-03T17:27:25+00:00","description":"Scopri cosa vedere a Murano oltre alle rinomate opere di vetro. Trascorri una giornata indimenticabile sull'isola con i nostri consigli.","breadcrumb":{"@id":"https:\/\/venicewiki.org\/it\/vedere-fare\/murano-cosa-vedere\/#breadcrumb"},"inLanguage":"it-IT","potentialAction":[{"@type":"ReadAction","target":["https:\/\/venicewiki.org\/it\/vedere-fare\/murano-cosa-vedere\/"]}]},{"@type":"BreadcrumbList","@id":"https:\/\/venicewiki.org\/it\/vedere-fare\/murano-cosa-vedere\/#breadcrumb","itemListElement":[{"@type":"ListItem","position":1,"name":"Home","item":"https:\/\/venicewiki.org\/it\/"},{"@type":"ListItem","position":2,"name":"Cosa vedere e fare","item":"https:\/\/venicewiki.org\/it\/vedere-fare\/"},{"@type":"ListItem","position":3,"name":"Murano: cosa vedere"}]},{"@type":"WebSite","@id":"https:\/\/venicewiki.org\/it\/#website","url":"https:\/\/venicewiki.org\/it\/","name":"Venicewiki","description":"La guida di Venezia","publisher":{"@id":"https:\/\/venicewiki.org\/it\/#organization"},"potentialAction":[{"@type":"SearchAction","target":{"@type":"EntryPoint","urlTemplate":"https:\/\/venicewiki.org\/it\/?s={search_term_string}"},"query-input":"required name=search_term_string"}],"inLanguage":"it-IT"},{"@type":"Organization","@id":"https:\/\/venicewiki.org\/it\/#organization","name":"Venicewiki","url":"https:\/\/venicewiki.org\/it\/","sameAs":[],"logo":{"@type":"ImageObject","inLanguage":"it-IT","@id":"https:\/\/venicewiki.org\/it\/#\/schema\/logo\/image\/","url":"https:\/\/venicewiki.org\/it\/wp-content\/uploads\/2022\/12\/Logo-sfondo-rosso.png","contentUrl":"https:\/\/venicewiki.org\/it\/wp-content\/uploads\/2022\/12\/Logo-sfondo-rosso.png","width":1000,"height":1000,"caption":"Venicewiki"},"image":{"@id":"https:\/\/venicewiki.org\/it\/#\/schema\/logo\/image\/"}}]}},"_links":{"self":[{"href":"https:\/\/venicewiki.org\/it\/wp-json\/wp\/v2\/pages\/4034"}],"collection":[{"href":"https:\/\/venicewiki.org\/it\/wp-json\/wp\/v2\/pages"}],"about":[{"href":"https:\/\/venicewiki.org\/it\/wp-json\/wp\/v2\/types\/page"}],"author":[{"embeddable":true,"href":"https:\/\/venicewiki.org\/it\/wp-json\/wp\/v2\/users\/3"}],"replies":[{"embeddable":true,"href":"https:\/\/venicewiki.org\/it\/wp-json\/wp\/v2\/comments?post=4034"}],"version-history":[{"count":6,"href":"https:\/\/venicewiki.org\/it\/wp-json\/wp\/v2\/pages\/4034\/revisions"}],"predecessor-version":[{"id":6247,"href":"https:\/\/venicewiki.org\/it\/wp-json\/wp\/v2\/pages\/4034\/revisions\/6247"}],"up":[{"embeddable":true,"href":"https:\/\/venicewiki.org\/it\/wp-json\/wp\/v2\/pages\/1884"}],"wp:attachment":[{"href":"https:\/\/venicewiki.org\/it\/wp-json\/wp\/v2\/media?parent=4034"}],"curies":[{"name":"wp","href":"https:\/\/api.w.org\/{rel}","templated":true}]}}