{"id":4782,"date":"2022-12-20T16:48:59","date_gmt":"2022-12-20T15:48:59","guid":{"rendered":"https:\/\/venicewiki.org\/it\/?page_id=4782"},"modified":"2023-03-11T12:38:58","modified_gmt":"2023-03-11T11:38:58","slug":"cose-veneziane","status":"publish","type":"page","link":"https:\/\/venicewiki.org\/it\/cose-veneziane\/","title":{"rendered":"Cose veneziane"},"content":{"rendered":"<p>[vc_row][vc_column][vc_column_text]<\/p>\n<h1 style=\"text-align: center;\">Cose veneziane<\/h1>\n<p>[\/vc_column_text][\/vc_column][\/vc_row][vc_row][vc_column][vc_column_text]Venezia \u00e8 una citt\u00e0 unica nel suo genere, caratterizzata da una storia millenaria, da fondamenta costruite diversamente da qualsiasi altra citt\u00e0 e da toponomastica complessa. In questo articolo esploreremo le \u201ccose\u201d tipiche di Venezia.[\/vc_column_text][\/vc_column][\/vc_row][vc_row][vc_column][vc_column_text]<\/p>\n<h2>La sua storia<\/h2>\n<p>[\/vc_column_text][vc_column_text]Venezia \u00e8 una citt\u00e0 millenaria, fondata nel lontano 421 d.C., ma che \u00e8 diventata una realt\u00e0 significativa nel corso dei secoli dal IX al XII secolo quando si \u00e8 trasformata nella Serenissima Repubblica di Venezia. La sua storia ha da sempre influenzato la sua cultura.[\/vc_column_text][\/vc_column][\/vc_row][vc_row][vc_column][vc_column_text]<\/p>\n<h2>Fondamenta, campi, calli, campielli, ponti e canali<\/h2>\n<p>[\/vc_column_text][vc_column_text]Le fondamenta di Venezia sono costruite su pali che affondano profondamente nei fondali della laguna. Abbiamo scritto un articolo <a href=\"https:\/\/venicewiki.org\/it\/cose-veneziane\/fondazioni_degli_edifici_veneziani\/\">approfondito a riguardo qui<\/a>.<\/p>\n<p>La toponomastica della citt\u00e0 \u00e8 unica nel suo genere ed \u00e8 suddivisa in <a href=\"https:\/\/venicewiki.org\/it\/architettura-e-urbanistica\/campo\/\">campi<\/a>, campielli, <a href=\"https:\/\/venicewiki.org\/it\/cose-veneziane\/calle\/\">calli<\/a>, <a href=\"https:\/\/venicewiki.org\/it\/cose-veneziane\/ponti-e-canali\/\">ponti<\/a> e canali. I campi sono le aree pi\u00f9 grandi, mentre i campielli sono le aree pi\u00f9 piccole. I ponti connettono i campi tra loro, mentre i canali connettono i campi e i campielli.[\/vc_column_text][\/vc_column][\/vc_row][vc_row][vc_column][vc_column_text]<\/p>\n<h2>Edifici storici<\/h2>\n<p>[\/vc_column_text][vc_column_text]Venezia \u00e8 una citt\u00e0 ricca di edifici storici, alcuni dei quali risalgono addirittura al X secolo. Tra i pi\u00f9 conosciuti e iconici vi \u00e8 senza dubbio il <a href=\"https:\/\/venicewiki.org\/it\/chiese-palazzi-venezia\/palazzo_ducale\/\">Palazzo Ducale<\/a>, che \u00e8 stato la sede della Serenissima Repubblica di Venezia e che ancora oggi \u00e8 un simbolo di grandezza e potere. Altri edifici storici di Venezia, che sono una tappa obbligatoria per chi visita la citt\u00e0, sono la <a href=\"https:\/\/venicewiki.org\/it\/chiese-palazzi-venezia\/basilica_di_san_marco\/\">Basilica di San Marco<\/a>, uno dei luoghi di culto pi\u00f9 antichi d&#8217;Europa, e la <a href=\"https:\/\/venicewiki.org\/it\/tradizioni\/basilica_della_salute\/\">Chiesa di Santa Maria della Salute<\/a>, una delle chiese pi\u00f9 importanti della citt\u00e0. La <a href=\"https:\/\/venicewiki.org\/it\/chiese-palazzi-venezia\/basilica_di_san_marco\/\">Basilica di San Marco<\/a> \u00e8 stata fondata all&#8217;inizio del IX secolo e si distingue per la sua architettura unica che affascina da generazioni. La <a href=\"https:\/\/venicewiki.org\/it\/tradizioni\/basilica_della_salute\/\">Chiesa di Santa Maria della Salute<\/a>, invece, \u00e8 stata costruita in segno di ringraziamento per la fine della terribile pestilenza che colp\u00ec Venezia nel XVII secolo. Entrambi questi edifici sono dei tesori di storia e di arte che permettono di immergersi nell&#8217;atmosfera magica di Venezia.[\/vc_column_text][\/vc_column][\/vc_row]<\/p>\n","protected":false},"excerpt":{"rendered":"<p>Scopri le peculiarit\u00e0 di Venezia, la citt\u00e0 delle fondamenta uniche e della toponomastica complessa, con una storia millenaria e un fascino senza tempo.<\/p>\n","protected":false},"author":2,"featured_media":0,"parent":0,"menu_order":0,"comment_status":"closed","ping_status":"closed","template":"","meta":{"_editorskit_title_hidden":false,"_editorskit_reading_time":0},"yoast_head":"<!-- This site is optimized with the Yoast SEO plugin v19.7.1 - https:\/\/yoast.com\/wordpress\/plugins\/seo\/ -->\n<title>Cose veneziane - Venicewiki<\/title>\n<meta name=\"description\" content=\"Scopri le peculiarit\u00e0 di Venezia, la citt\u00e0 delle fondamenta uniche e della toponomastica complessa, con una storia millenaria e un fascino senza tempo.\" \/>\n<meta name=\"robots\" content=\"index, follow, max-snippet:-1, max-image-preview:large, max-video-preview:-1\" \/>\n<link rel=\"canonical\" href=\"https:\/\/venicewiki.org\/it\/cose-veneziane\/\" \/>\n<meta property=\"og:locale\" content=\"it_IT\" \/>\n<meta property=\"og:type\" content=\"article\" \/>\n<meta property=\"og:title\" content=\"Cose veneziane - Venicewiki\" \/>\n<meta property=\"og:description\" content=\"Scopri le peculiarit\u00e0 di Venezia, la citt\u00e0 delle fondamenta uniche e della toponomastica complessa, con una storia millenaria e un fascino senza tempo.\" \/>\n<meta property=\"og:url\" content=\"https:\/\/venicewiki.org\/it\/cose-veneziane\/\" \/>\n<meta property=\"og:site_name\" content=\"Venicewiki\" \/>\n<meta property=\"article:modified_time\" content=\"2023-03-11T11:38:58+00:00\" \/>\n<meta name=\"twitter:card\" content=\"summary_large_image\" \/>\n<meta name=\"twitter:label1\" content=\"Est. reading time\" \/>\n\t<meta name=\"twitter:data1\" content=\"2 minuti\" \/>\n<script type=\"application\/ld+json\" class=\"yoast-schema-graph\">{\"@context\":\"https:\/\/schema.org\",\"@graph\":[{\"@type\":\"WebPage\",\"@id\":\"https:\/\/venicewiki.org\/it\/cose-veneziane\/\",\"url\":\"https:\/\/venicewiki.org\/it\/cose-veneziane\/\",\"name\":\"Cose veneziane - Venicewiki\",\"isPartOf\":{\"@id\":\"https:\/\/venicewiki.org\/it\/#website\"},\"datePublished\":\"2022-12-20T15:48:59+00:00\",\"dateModified\":\"2023-03-11T11:38:58+00:00\",\"description\":\"Scopri le peculiarit\u00e0 di Venezia, la citt\u00e0 delle fondamenta uniche e della toponomastica complessa, con una storia millenaria e un fascino senza tempo.\",\"breadcrumb\":{\"@id\":\"https:\/\/venicewiki.org\/it\/cose-veneziane\/#breadcrumb\"},\"inLanguage\":\"it-IT\",\"potentialAction\":[{\"@type\":\"ReadAction\",\"target\":[\"https:\/\/venicewiki.org\/it\/cose-veneziane\/\"]}]},{\"@type\":\"BreadcrumbList\",\"@id\":\"https:\/\/venicewiki.org\/it\/cose-veneziane\/#breadcrumb\",\"itemListElement\":[{\"@type\":\"ListItem\",\"position\":1,\"name\":\"Home\",\"item\":\"https:\/\/venicewiki.org\/it\/\"},{\"@type\":\"ListItem\",\"position\":2,\"name\":\"Cose veneziane\"}]},{\"@type\":\"WebSite\",\"@id\":\"https:\/\/venicewiki.org\/it\/#website\",\"url\":\"https:\/\/venicewiki.org\/it\/\",\"name\":\"Venicewiki\",\"description\":\"La guida di Venezia\",\"publisher\":{\"@id\":\"https:\/\/venicewiki.org\/it\/#organization\"},\"potentialAction\":[{\"@type\":\"SearchAction\",\"target\":{\"@type\":\"EntryPoint\",\"urlTemplate\":\"https:\/\/venicewiki.org\/it\/?s={search_term_string}\"},\"query-input\":\"required name=search_term_string\"}],\"inLanguage\":\"it-IT\"},{\"@type\":\"Organization\",\"@id\":\"https:\/\/venicewiki.org\/it\/#organization\",\"name\":\"Venicewiki\",\"url\":\"https:\/\/venicewiki.org\/it\/\",\"sameAs\":[],\"logo\":{\"@type\":\"ImageObject\",\"inLanguage\":\"it-IT\",\"@id\":\"https:\/\/venicewiki.org\/it\/#\/schema\/logo\/image\/\",\"url\":\"https:\/\/venicewiki.org\/it\/wp-content\/uploads\/2022\/12\/Logo-sfondo-rosso.png\",\"contentUrl\":\"https:\/\/venicewiki.org\/it\/wp-content\/uploads\/2022\/12\/Logo-sfondo-rosso.png\",\"width\":1000,\"height\":1000,\"caption\":\"Venicewiki\"},\"image\":{\"@id\":\"https:\/\/venicewiki.org\/it\/#\/schema\/logo\/image\/\"}}]}<\/script>\n<!-- \/ Yoast SEO plugin. -->","yoast_head_json":{"title":"Cose veneziane - Venicewiki","description":"Scopri le peculiarit\u00e0 di Venezia, la citt\u00e0 delle fondamenta uniche e della toponomastica complessa, con una storia millenaria e un fascino senza tempo.","robots":{"index":"index","follow":"follow","max-snippet":"max-snippet:-1","max-image-preview":"max-image-preview:large","max-video-preview":"max-video-preview:-1"},"canonical":"https:\/\/venicewiki.org\/it\/cose-veneziane\/","og_locale":"it_IT","og_type":"article","og_title":"Cose veneziane - Venicewiki","og_description":"Scopri le peculiarit\u00e0 di Venezia, la citt\u00e0 delle fondamenta uniche e della toponomastica complessa, con una storia millenaria e un fascino senza tempo.","og_url":"https:\/\/venicewiki.org\/it\/cose-veneziane\/","og_site_name":"Venicewiki","article_modified_time":"2023-03-11T11:38:58+00:00","twitter_card":"summary_large_image","twitter_misc":{"Est. reading time":"2 minuti"},"schema":{"@context":"https:\/\/schema.org","@graph":[{"@type":"WebPage","@id":"https:\/\/venicewiki.org\/it\/cose-veneziane\/","url":"https:\/\/venicewiki.org\/it\/cose-veneziane\/","name":"Cose veneziane - Venicewiki","isPartOf":{"@id":"https:\/\/venicewiki.org\/it\/#website"},"datePublished":"2022-12-20T15:48:59+00:00","dateModified":"2023-03-11T11:38:58+00:00","description":"Scopri le peculiarit\u00e0 di Venezia, la citt\u00e0 delle fondamenta uniche e della toponomastica complessa, con una storia millenaria e un fascino senza tempo.","breadcrumb":{"@id":"https:\/\/venicewiki.org\/it\/cose-veneziane\/#breadcrumb"},"inLanguage":"it-IT","potentialAction":[{"@type":"ReadAction","target":["https:\/\/venicewiki.org\/it\/cose-veneziane\/"]}]},{"@type":"BreadcrumbList","@id":"https:\/\/venicewiki.org\/it\/cose-veneziane\/#breadcrumb","itemListElement":[{"@type":"ListItem","position":1,"name":"Home","item":"https:\/\/venicewiki.org\/it\/"},{"@type":"ListItem","position":2,"name":"Cose veneziane"}]},{"@type":"WebSite","@id":"https:\/\/venicewiki.org\/it\/#website","url":"https:\/\/venicewiki.org\/it\/","name":"Venicewiki","description":"La guida di Venezia","publisher":{"@id":"https:\/\/venicewiki.org\/it\/#organization"},"potentialAction":[{"@type":"SearchAction","target":{"@type":"EntryPoint","urlTemplate":"https:\/\/venicewiki.org\/it\/?s={search_term_string}"},"query-input":"required name=search_term_string"}],"inLanguage":"it-IT"},{"@type":"Organization","@id":"https:\/\/venicewiki.org\/it\/#organization","name":"Venicewiki","url":"https:\/\/venicewiki.org\/it\/","sameAs":[],"logo":{"@type":"ImageObject","inLanguage":"it-IT","@id":"https:\/\/venicewiki.org\/it\/#\/schema\/logo\/image\/","url":"https:\/\/venicewiki.org\/it\/wp-content\/uploads\/2022\/12\/Logo-sfondo-rosso.png","contentUrl":"https:\/\/venicewiki.org\/it\/wp-content\/uploads\/2022\/12\/Logo-sfondo-rosso.png","width":1000,"height":1000,"caption":"Venicewiki"},"image":{"@id":"https:\/\/venicewiki.org\/it\/#\/schema\/logo\/image\/"}}]}},"_links":{"self":[{"href":"https:\/\/venicewiki.org\/it\/wp-json\/wp\/v2\/pages\/4782"}],"collection":[{"href":"https:\/\/venicewiki.org\/it\/wp-json\/wp\/v2\/pages"}],"about":[{"href":"https:\/\/venicewiki.org\/it\/wp-json\/wp\/v2\/types\/page"}],"author":[{"embeddable":true,"href":"https:\/\/venicewiki.org\/it\/wp-json\/wp\/v2\/users\/2"}],"replies":[{"embeddable":true,"href":"https:\/\/venicewiki.org\/it\/wp-json\/wp\/v2\/comments?post=4782"}],"version-history":[{"count":7,"href":"https:\/\/venicewiki.org\/it\/wp-json\/wp\/v2\/pages\/4782\/revisions"}],"predecessor-version":[{"id":5943,"href":"https:\/\/venicewiki.org\/it\/wp-json\/wp\/v2\/pages\/4782\/revisions\/5943"}],"wp:attachment":[{"href":"https:\/\/venicewiki.org\/it\/wp-json\/wp\/v2\/media?parent=4782"}],"curies":[{"name":"wp","href":"https:\/\/api.w.org\/{rel}","templated":true}]}}