{"id":4800,"date":"2022-12-20T16:57:56","date_gmt":"2022-12-20T15:57:56","guid":{"rendered":"https:\/\/venicewiki.org\/it\/?page_id=4800"},"modified":"2023-03-12T10:26:22","modified_gmt":"2023-03-12T09:26:22","slug":"chiese-e-palazzi","status":"publish","type":"page","link":"https:\/\/venicewiki.org\/it\/la-citta\/chiese-e-palazzi\/","title":{"rendered":"Chiese e palazzi"},"content":{"rendered":"<p>[vc_row][vc_column][vc_column_text]<\/p>\n<h1 style=\"text-align: center;\">Chiese, Palazzi, Edifici di Venezia<\/h1>\n<p>[\/vc_column_text][\/vc_column][\/vc_row][vc_row][vc_column][vc_column_text]Venezia \u00e8 una citt\u00e0 unica per molti motivi. \u00c8 una citt\u00e0 ricca di storia e cultura, e le chiese e i palazzi storici sono una delle principali attrazioni della citt\u00e0. In questo post, esamineremo alcune delle pi\u00f9 famose chiese e palazzi storici di Venezia, una citt\u00e0 che ha visto susseguirsi nel tempo diversi stili architettonici, dal romanico al gotico, dal rinascimentale al barocco.[\/vc_column_text][\/vc_column][\/vc_row][vc_row][vc_column][vc_column_text]<\/p>\n<h2>La Basilica di San Marco<\/h2>\n<p>[\/vc_column_text][vc_column_text]La <a href=\"https:\/\/venicewiki.org\/it\/chiese-palazzi-venezia\/basilica_di_san_marco\/\"><strong>Basilica di San Marco<\/strong><\/a> \u00e8 un&#8217;incantevole costruzione che rappresenta la magnificenza della Repubblica di Venezia durante i suoi mille anni di vita. Con i suoi monumentali archi che si stagliano su Piazza San Marco, viene soprannominata la <strong>Basilica d&#8217;oro<\/strong>, per i suoi pi\u00f9 di mille metri quadrati di tessere di mosaico fatte con foglia d&#8217;oro. Fu costruita come <strong>Cappella Ducale<\/strong>, ovvero la cappella privata del Doge.<\/p>\n<p>L&#8217;impianto a croce greca poggia su una struttura che, nella navata longitudinale centrale, presenta motivi architettonici basilicali: il braccio verticale della croce \u00e8 pi\u00f9 grande rispetto a quelli dei transetti, mentre l&#8217;altare \u00e8 posto nell&#8217;area dell&#8217;abside. Sopra la croce si trovano le cinque cupole, simbolo della presenza di Dio.<\/p>\n<p>L&#8217;articolazione dello spazio \u00e8 ricca di suggestioni uniche. All&#8217;interno, si trova una sequenza unitaria suddivisa in singole partiture spaziali, rese continue dal mosaico a fondo d&#8217;oro.<\/p>\n<p>I mosaici della <a href=\"https:\/\/venicewiki.org\/it\/chiese-palazzi-venezia\/basilica_di_san_marco\/\">Basilica di San Marco<\/a> raffigurano storie tratte dalla Bibbia (Antico e Nuovo Testamento), figure allegoriche, vicende della vita di Cristo, della Vergine, di San Marco e di altri santi. Dominano i colori caldi, in particolare l&#8217;oro, che ornano l&#8217;ampio spazio della basilica, che misura 28 metri di larghezza e 21 in altezza nelle arcate. Lo spazio \u00e8 avvolto da una luce velata, come nelle chiese mediorientali, che cambia continuamente nelle diverse ore del giorno, creando effetti suggestivi e intensi.<\/p>\n<p>Nei <a href=\"https:\/\/venicewiki.org\/it\/chiese-palazzi-venezia\/mosaici_di_san_marco\/\">Mosaici di San Marco<\/a> troviamo la pi\u00f9 significativa testimonianza della storia, delle aspirazioni, della fede di Venezia e dell&#8217;evoluzione dei linguaggi e delle tendenze che hanno caratterizzato la sua arte: dalle origini greco-bizantine, alle espressioni artistiche autoctone, all&#8217;abilit\u00e0 di interpretare e personalizzare messaggi importati dall&#8217;esterno, fino all&#8217;odierna, difficilissima arte della conservazione e del ripristino di questi preziosi e complessi manufatti.[\/vc_column_text][\/vc_column][\/vc_row][vc_row][vc_column][vc_column_text]<\/p>\n<h2>Il Palazzo Ducale<\/h2>\n<p>[\/vc_column_text][vc_column_text]Il <a href=\"https:\/\/venicewiki.org\/it\/chiese-palazzi-venezia\/palazzo_ducale\/\">Palazzo Ducale<\/a> \u00e8 uno dei pi\u00f9 grandi palazzi storici di Venezia. Fu utilizzato come sede del governo veneziano fino al 1797 e contiene una ricca collezione di dipinti, sculture e altri reperti storici.<\/p>\n<p>Il museo propone un percorso non lineare, iniziando al piano terra con il cortile e le sale superiori del Palazzo. Si pu\u00f2 visitare l&#8217;Appartamento Ducale e le Stanze Istituzionali, fino all&#8217;Armeria e alle Prigioni.<\/p>\n<p>L&#8217;Appartamento Ducale ospitava l&#8217;alloggio del Doge. Le sale di rappresentanza erano decorate con soffitti intagliati, camini in marmo, pitture e stucchi. Le stanze private, una ventina, erano negli spazi sopra e sotto il piano principale. Mobili e oggetti provenivano dalla vecchia casa del Doge. Oggi le sale sono dotate di pannelli e impianti tecnologici, con un percorso che mostra l&#8217;evoluzione storica e iconografica della figura del Doge e della citt\u00e0, con opere provenienti dalle collezioni dei Musei Civici di Venezia.<\/p>\n<p>La visita alle Prigioni comincia con una scala in discesa che dalla Sala del Magistrato alle Leggi conduce al celebre <a href=\"https:\/\/venicewiki.org\/it\/cose-veneziane\/ponte_dei_sospiri\/\">Ponte dei Sospiri<\/a>. Costruito nel 1614, \u00e8 formato da due corridoi separati da una parete, uno che collega le Prigioni al <a href=\"https:\/\/venicewiki.org\/it\/chiese-palazzi-venezia\/palazzo_ducale\/\">Palazzo Ducale<\/a> e uno che mette in comunicazione le Prigioni con le Sale dell\u2019Avogaria e col Parlatorio. Il soprannome di \u201cponte dei sospiri\u201d deriva dal sospiro del prigioniero che, uscendo dal tribunale, oltrepassa il canale per raggiungere la cella. Dal ponte si accede alle Prigioni Nuove, un edificio interamente destinato a funzioni carcerarie. Le celle sono rivestite con tavole di larice incrociate e inchiodate alle pareti, pavimento e volta. Le Prigioni Nuove rappresentano uno dei primi esempi di costruzione isolata a blocco destinata a prigione di Stato in Europa. Dopo la visita del primo piano, \u00e8 possibile vedere anche i due piani sottostanti e il cortile, oltre a una raccolta di ceramiche provenienti da diversi scavi archeologici che ricollegano al Ponte dei Sospiri.[\/vc_column_text][\/vc_column][\/vc_row][vc_row][vc_column][vc_column_text]<\/p>\n<h2>La Chiesa di Santa Maria della Salute<\/h2>\n<p>[\/vc_column_text][vc_column_text]Situata sulla <a href=\"https:\/\/venicewiki.org\/it\/chiese-palazzi-venezia\/punta_della_dogana\/\">Punta della Dogana<\/a>, la <a href=\"https:\/\/venicewiki.org\/it\/tradizioni\/basilica_della_salute\/\">Chiesa di Santa Maria della Salute<\/a> \u00e8 uno dei luoghi pi\u00f9 visitati di Venezia. La cupola della Basilica della Salute domina lo scenario del <a href=\"https:\/\/venicewiki.org\/it\/la-citta\/bacino_di_san_marco\/\">Bacino di San Marco<\/a> da pi\u00f9 di trecento anni, testimonianza dell\u2019altissima spiritualit\u00e0 che ha caratterizzato il Seicento veneziano. La Serenissima volle costruire la chiesa come preghiera e come ringraziamento alla Vergine Madre di Dio per preservare la citt\u00e0 dalla terribile peste del XVII secolo. La prima pietra venne posta il primo aprile 1631 e cinquant\u2019anni pi\u00f9 tardi, il 9 novembre 1687, fu solennemente consacrata dal Patriarca Alvise Sagredo.<\/p>\n<p>Vasto e luminoso, l&#8217;interno \u00e8 costituito da una cupola centrale e sei cappelle laterali. Nella rotonda maggiore, a destra dell&#8217;ingresso principale, ci sono l&#8217;altare della Nativit\u00e0 della Madonna, l&#8217;Assunta e la Presentazione al Tempio di Maria. Oltre l&#8217;ingresso alla rotonda minore, l&#8217;altare della Pentecoste, s. Antonio al centro e l&#8217;altare della Annunciazione di Maria. La preziosa e venerata immagine della Madonna della Salute, la Mesopanditissa, si trova nella rotonda minore.<\/p>\n<p>La rotonda minore \u00e8 come un palcoscenico con l&#8217;altare di fondo. L&#8217;altare maggiore \u00e8 maestoso con il gruppo marmoreo di Giusto Le Court sulla sommit\u00e0: la Vergine con il Bambino, un angelo con la fiaccola, una donna riccamente adornata. Al centro l&#8217;immagine della Madonna con il Bambino, la Mesopanditissa, portata a Venezia da Morosini come dono alla fine della guerra di Candia. Il volto della bella immagine accoglie il fedele.[\/vc_column_text][\/vc_column][\/vc_row][vc_row][vc_column][vc_column_text]<\/p>\n<h2>I Palazzi lungo il Canal Grande<\/h2>\n<p>[\/vc_column_text][vc_column_text]Il <a href=\"https:\/\/venicewiki.org\/it\/la-citta\/canal_grande\/\">Canal Grande<\/a> \u00e8 la principale via d&#8217;acqua che attraversa Venezia. Molto probabilmente era il greto di un fiume che portava la sua acqua al mare. Effettua un percorso sinuoso, come una esse rovesciata, all&#8217;interno del centro cittadino, dividendolo in due grandi zone. Ciascuna \u00e8 formata da tre <a href=\"https:\/\/venicewiki.org\/it\/la-citta\/sestieri\/\">Sestieri<\/a>, i quartieri di Venezia. Quelli sulla riva destra sono detti <strong>de citra<\/strong>, quelli sulla riva sinistra <strong>de ultra<\/strong>.<\/p>\n<p>Sulle sue acque si specchiano i pi\u00f9 prestigiosi <a href=\"https:\/\/venicewiki.org\/it\/chiese-palazzi-venezia\/i_palazzi_in_canal_grande\/\">palazzi<\/a>. I veneziani si contendevano le migliori ubicazioni e affidavano ai pi\u00f9 famosi architetti delle varie epoche il compito di progettare e costruire il palazzo pi\u00f9 alto, il pi\u00f9 mastoso, il pi\u00f9 bello e il pi\u00f9 moderno, stilisticamente parlando, per le varie epoche in cui sono stati costruiti.<\/p>\n<p>Nel 1495, l&#8217;ambasciatore francese <strong>Filippo de Commynes<\/strong> arriv\u00f2 a Venezia percorrendo il <a href=\"https:\/\/venicewiki.org\/it\/la-citta\/canal_grande\/\">Canal Grande<\/a> in <a href=\"https:\/\/venicewiki.org\/it\/cose-veneziane\/gondola\/\">gondola<\/a>. Nel suo resoconto di una sua visita alla citt\u00e0, scrisse:<\/p>\n<p><em>\u00c8 la pi\u00f9 bella strada che credo esista la mondo, fiancheggiata dalle pi\u00f9 belle costruzioni, e va lungo tutta la citt\u00e0. <a href=\"https:\/\/venicewiki.org\/it\/chiese-palazzi-venezia\/i_palazzi_in_canal_grande\/\">I palazzi<\/a> sono grandi e alti, in buona pietra,\u00a0<strong>quelli antichi tutti dipinti<\/strong>; gli altri, costruiti negli ultimi cento anni, hanno la facciata di marmo bianco che viene dall&#8217;Istria, distante cento miglia; e hanno anche qualche blocco di porfido e di serpentino sulle facciate&#8230;<\/em>[\/vc_column_text][\/vc_column][\/vc_row][vc_row][vc_column][vc_column_text]<\/p>\n<h2>Conclusione<\/h2>\n<p>[\/vc_column_text][vc_column_text]Venezia \u00e8 una citt\u00e0 ricca di storia e cultura, ed \u00e8 famosa per le sue chiese e i suoi palazzi storici. La <a href=\"https:\/\/venicewiki.org\/it\/chiese-palazzi-venezia\/basilica_di_san_marco\/\">Basilica di San Marco<\/a>, il <a href=\"https:\/\/venicewiki.org\/it\/chiese-palazzi-venezia\/palazzo_ducale\/\">Palazzo Ducale<\/a> e la <a href=\"https:\/\/venicewiki.org\/it\/tradizioni\/basilica_della_salute\/\">Chiesa di Santa Maria della Salute<\/a> sono solo alcune delle pi\u00f9 famose chiese e palazzi storici di Venezia. Se state programmando un viaggio a Venezia, non dimenticate di visitarli! Questi luoghi offrono un&#8217;esperienza unica e ricca di fascino, e sono un modo perfetto per scoprire la cultura e l&#8217;arte veneziana.[\/vc_column_text][vc_column_text]Venezia \u00e8 una citt\u00e0 ricca di storia e cultura, ed \u00e8 famosa per le sue chiese e i suoi palazzi storici. La <a href=\"https:\/\/venicewiki.org\/it\/chiese-palazzi-venezia\/basilica_di_san_marco\/\">Basilica di San Marco<\/a>, il <a href=\"https:\/\/venicewiki.org\/it\/chiese-palazzi-venezia\/palazzo_ducale\/\">Palazzo Ducale<\/a> e la <a href=\"https:\/\/venicewiki.org\/it\/tradizioni\/basilica_della_salute\/\">Chiesa di Santa Maria della Salute<\/a> sono solo alcune delle pi\u00f9 famose chiese e palazzi storici di Venezia.<\/p>\n<p>Se state programmando un viaggio a Venezia, non dimenticate di visitarli! Questi luoghi offrono un&#8217;esperienza unica e ricca di fascino, e sono un modo perfetto per scoprire la cultura e l&#8217;arte veneziana.[\/vc_column_text][\/vc_column][\/vc_row]<\/p>\n","protected":false},"excerpt":{"rendered":"<p>Chiese e palazzi storici sono le principali attrazioni di Venezia. Scopri i pi\u00f9 famosi esempi di architettura romanica, gotica, rinascimentale e barocca.<\/p>\n","protected":false},"author":2,"featured_media":0,"parent":1966,"menu_order":0,"comment_status":"closed","ping_status":"closed","template":"","meta":{"_editorskit_title_hidden":false,"_editorskit_reading_time":0},"yoast_head":"<!-- This site is optimized with the Yoast SEO plugin v19.7.1 - https:\/\/yoast.com\/wordpress\/plugins\/seo\/ -->\n<title>Chiese e palazzi - Venicewiki<\/title>\n<meta name=\"description\" content=\"Chiese e palazzi storici sono le principali attrazioni di Venezia. Scopri i pi\u00f9 famosi esempi di architettura romanica, gotica, rinascimentale e barocca.\" \/>\n<meta name=\"robots\" content=\"index, follow, max-snippet:-1, max-image-preview:large, max-video-preview:-1\" \/>\n<link rel=\"canonical\" href=\"https:\/\/venicewiki.org\/it\/la-citta\/chiese-e-palazzi\/\" \/>\n<meta property=\"og:locale\" content=\"it_IT\" \/>\n<meta property=\"og:type\" content=\"article\" \/>\n<meta property=\"og:title\" content=\"Chiese e palazzi - Venicewiki\" \/>\n<meta property=\"og:description\" content=\"Chiese e palazzi storici sono le principali attrazioni di Venezia. Scopri i pi\u00f9 famosi esempi di architettura romanica, gotica, rinascimentale e barocca.\" \/>\n<meta property=\"og:url\" content=\"https:\/\/venicewiki.org\/it\/la-citta\/chiese-e-palazzi\/\" \/>\n<meta property=\"og:site_name\" content=\"Venicewiki\" \/>\n<meta property=\"article:modified_time\" content=\"2023-03-12T09:26:22+00:00\" \/>\n<meta name=\"twitter:card\" content=\"summary_large_image\" \/>\n<meta name=\"twitter:label1\" content=\"Est. reading time\" \/>\n\t<meta name=\"twitter:data1\" content=\"7 minuti\" \/>\n<script type=\"application\/ld+json\" class=\"yoast-schema-graph\">{\"@context\":\"https:\/\/schema.org\",\"@graph\":[{\"@type\":\"WebPage\",\"@id\":\"https:\/\/venicewiki.org\/it\/la-citta\/chiese-e-palazzi\/\",\"url\":\"https:\/\/venicewiki.org\/it\/la-citta\/chiese-e-palazzi\/\",\"name\":\"Chiese e palazzi - Venicewiki\",\"isPartOf\":{\"@id\":\"https:\/\/venicewiki.org\/it\/#website\"},\"datePublished\":\"2022-12-20T15:57:56+00:00\",\"dateModified\":\"2023-03-12T09:26:22+00:00\",\"description\":\"Chiese e palazzi storici sono le principali attrazioni di Venezia. Scopri i pi\u00f9 famosi esempi di architettura romanica, gotica, rinascimentale e barocca.\",\"breadcrumb\":{\"@id\":\"https:\/\/venicewiki.org\/it\/la-citta\/chiese-e-palazzi\/#breadcrumb\"},\"inLanguage\":\"it-IT\",\"potentialAction\":[{\"@type\":\"ReadAction\",\"target\":[\"https:\/\/venicewiki.org\/it\/la-citta\/chiese-e-palazzi\/\"]}]},{\"@type\":\"BreadcrumbList\",\"@id\":\"https:\/\/venicewiki.org\/it\/la-citta\/chiese-e-palazzi\/#breadcrumb\",\"itemListElement\":[{\"@type\":\"ListItem\",\"position\":1,\"name\":\"Home\",\"item\":\"https:\/\/venicewiki.org\/it\/\"},{\"@type\":\"ListItem\",\"position\":2,\"name\":\"La citt\u00e0\",\"item\":\"https:\/\/venicewiki.org\/it\/la-citta\/\"},{\"@type\":\"ListItem\",\"position\":3,\"name\":\"Chiese e palazzi\"}]},{\"@type\":\"WebSite\",\"@id\":\"https:\/\/venicewiki.org\/it\/#website\",\"url\":\"https:\/\/venicewiki.org\/it\/\",\"name\":\"Venicewiki\",\"description\":\"La guida di Venezia\",\"publisher\":{\"@id\":\"https:\/\/venicewiki.org\/it\/#organization\"},\"potentialAction\":[{\"@type\":\"SearchAction\",\"target\":{\"@type\":\"EntryPoint\",\"urlTemplate\":\"https:\/\/venicewiki.org\/it\/?s={search_term_string}\"},\"query-input\":\"required name=search_term_string\"}],\"inLanguage\":\"it-IT\"},{\"@type\":\"Organization\",\"@id\":\"https:\/\/venicewiki.org\/it\/#organization\",\"name\":\"Venicewiki\",\"url\":\"https:\/\/venicewiki.org\/it\/\",\"sameAs\":[],\"logo\":{\"@type\":\"ImageObject\",\"inLanguage\":\"it-IT\",\"@id\":\"https:\/\/venicewiki.org\/it\/#\/schema\/logo\/image\/\",\"url\":\"https:\/\/venicewiki.org\/it\/wp-content\/uploads\/2022\/12\/Logo-sfondo-rosso.png\",\"contentUrl\":\"https:\/\/venicewiki.org\/it\/wp-content\/uploads\/2022\/12\/Logo-sfondo-rosso.png\",\"width\":1000,\"height\":1000,\"caption\":\"Venicewiki\"},\"image\":{\"@id\":\"https:\/\/venicewiki.org\/it\/#\/schema\/logo\/image\/\"}}]}<\/script>\n<!-- \/ Yoast SEO plugin. -->","yoast_head_json":{"title":"Chiese e palazzi - Venicewiki","description":"Chiese e palazzi storici sono le principali attrazioni di Venezia. Scopri i pi\u00f9 famosi esempi di architettura romanica, gotica, rinascimentale e barocca.","robots":{"index":"index","follow":"follow","max-snippet":"max-snippet:-1","max-image-preview":"max-image-preview:large","max-video-preview":"max-video-preview:-1"},"canonical":"https:\/\/venicewiki.org\/it\/la-citta\/chiese-e-palazzi\/","og_locale":"it_IT","og_type":"article","og_title":"Chiese e palazzi - Venicewiki","og_description":"Chiese e palazzi storici sono le principali attrazioni di Venezia. Scopri i pi\u00f9 famosi esempi di architettura romanica, gotica, rinascimentale e barocca.","og_url":"https:\/\/venicewiki.org\/it\/la-citta\/chiese-e-palazzi\/","og_site_name":"Venicewiki","article_modified_time":"2023-03-12T09:26:22+00:00","twitter_card":"summary_large_image","twitter_misc":{"Est. reading time":"7 minuti"},"schema":{"@context":"https:\/\/schema.org","@graph":[{"@type":"WebPage","@id":"https:\/\/venicewiki.org\/it\/la-citta\/chiese-e-palazzi\/","url":"https:\/\/venicewiki.org\/it\/la-citta\/chiese-e-palazzi\/","name":"Chiese e palazzi - Venicewiki","isPartOf":{"@id":"https:\/\/venicewiki.org\/it\/#website"},"datePublished":"2022-12-20T15:57:56+00:00","dateModified":"2023-03-12T09:26:22+00:00","description":"Chiese e palazzi storici sono le principali attrazioni di Venezia. Scopri i pi\u00f9 famosi esempi di architettura romanica, gotica, rinascimentale e barocca.","breadcrumb":{"@id":"https:\/\/venicewiki.org\/it\/la-citta\/chiese-e-palazzi\/#breadcrumb"},"inLanguage":"it-IT","potentialAction":[{"@type":"ReadAction","target":["https:\/\/venicewiki.org\/it\/la-citta\/chiese-e-palazzi\/"]}]},{"@type":"BreadcrumbList","@id":"https:\/\/venicewiki.org\/it\/la-citta\/chiese-e-palazzi\/#breadcrumb","itemListElement":[{"@type":"ListItem","position":1,"name":"Home","item":"https:\/\/venicewiki.org\/it\/"},{"@type":"ListItem","position":2,"name":"La citt\u00e0","item":"https:\/\/venicewiki.org\/it\/la-citta\/"},{"@type":"ListItem","position":3,"name":"Chiese e palazzi"}]},{"@type":"WebSite","@id":"https:\/\/venicewiki.org\/it\/#website","url":"https:\/\/venicewiki.org\/it\/","name":"Venicewiki","description":"La guida di Venezia","publisher":{"@id":"https:\/\/venicewiki.org\/it\/#organization"},"potentialAction":[{"@type":"SearchAction","target":{"@type":"EntryPoint","urlTemplate":"https:\/\/venicewiki.org\/it\/?s={search_term_string}"},"query-input":"required name=search_term_string"}],"inLanguage":"it-IT"},{"@type":"Organization","@id":"https:\/\/venicewiki.org\/it\/#organization","name":"Venicewiki","url":"https:\/\/venicewiki.org\/it\/","sameAs":[],"logo":{"@type":"ImageObject","inLanguage":"it-IT","@id":"https:\/\/venicewiki.org\/it\/#\/schema\/logo\/image\/","url":"https:\/\/venicewiki.org\/it\/wp-content\/uploads\/2022\/12\/Logo-sfondo-rosso.png","contentUrl":"https:\/\/venicewiki.org\/it\/wp-content\/uploads\/2022\/12\/Logo-sfondo-rosso.png","width":1000,"height":1000,"caption":"Venicewiki"},"image":{"@id":"https:\/\/venicewiki.org\/it\/#\/schema\/logo\/image\/"}}]}},"_links":{"self":[{"href":"https:\/\/venicewiki.org\/it\/wp-json\/wp\/v2\/pages\/4800"}],"collection":[{"href":"https:\/\/venicewiki.org\/it\/wp-json\/wp\/v2\/pages"}],"about":[{"href":"https:\/\/venicewiki.org\/it\/wp-json\/wp\/v2\/types\/page"}],"author":[{"embeddable":true,"href":"https:\/\/venicewiki.org\/it\/wp-json\/wp\/v2\/users\/2"}],"replies":[{"embeddable":true,"href":"https:\/\/venicewiki.org\/it\/wp-json\/wp\/v2\/comments?post=4800"}],"version-history":[{"count":9,"href":"https:\/\/venicewiki.org\/it\/wp-json\/wp\/v2\/pages\/4800\/revisions"}],"predecessor-version":[{"id":5957,"href":"https:\/\/venicewiki.org\/it\/wp-json\/wp\/v2\/pages\/4800\/revisions\/5957"}],"up":[{"embeddable":true,"href":"https:\/\/venicewiki.org\/it\/wp-json\/wp\/v2\/pages\/1966"}],"wp:attachment":[{"href":"https:\/\/venicewiki.org\/it\/wp-json\/wp\/v2\/media?parent=4800"}],"curies":[{"name":"wp","href":"https:\/\/api.w.org\/{rel}","templated":true}]}}