{"id":4817,"date":"2022-12-20T17:44:36","date_gmt":"2022-12-20T16:44:36","guid":{"rendered":"https:\/\/venicewiki.org\/it\/?page_id=4817"},"modified":"2023-03-13T17:06:45","modified_gmt":"2023-03-13T16:06:45","slug":"come-arrivare-a-venezia","status":"publish","type":"page","link":"https:\/\/venicewiki.org\/it\/informazioni-utili\/come-arrivare-a-venezia\/","title":{"rendered":"Come arrivare a Venezia"},"content":{"rendered":"<p>[vc_row][vc_column][vc_column_text]<\/p>\n<h1 style=\"text-align: center;\">Come arrivare a Venezia<\/h1>\n<p>[\/vc_column_text][\/vc_column][\/vc_row][vc_row][vc_column][vc_column_text]Venezia \u00e8 una citt\u00e0 unica nel suo genere! Dall&#8217;architettura unica alle gite affascinanti nei canali, c&#8217;\u00e8 qualcosa per tutti a Venezia. Ma come si arriva a Venezia? Ecco una panoramica rapida dei modi principali.[\/vc_column_text][\/vc_column][\/vc_row][vc_row][vc_column][vc_column_text]<\/p>\n<h2><a href=\"https:\/\/venicewiki.org\/it\/informazioni-utili\/come-arrivare-a-venezia-dallaeroporto\/\">Arrivare dall\u2019aeroporto<\/a><\/h2>\n<p>[\/vc_column_text][vc_column_text]Il principale aeroporto della citt\u00e0 \u00e8 l&#8217;Aeroporto Internazionale Marco Polo di Venezia. L&#8217;alternativa \u00e8 l&#8217;aeroporto Canova di Treviso. In ambedue gli aeroporti puoi arrivarci con voli nazionali ed internazionali e, una volta arrivato, ci sono diversi modi per raggiungere il centro della citt\u00e0. Puoi prendere un autobus, un taxi o una barca.[\/vc_column_text][\/vc_column][\/vc_row][vc_row][vc_column][vc_column_text]<\/p>\n<h2><a href=\"https:\/\/venicewiki.org\/it\/informazioni-utili\/arrivare_a_venezia_con_lauto\/\">Arrivare con l&#8217;auto<\/a><\/h2>\n<p>[\/vc_column_text][vc_column_text]Se preferisci guidare, ci sono tre modi per arrivare a Venezia. Puoi prendere l&#8217;autostrada A4 da sud, l&#8217;autostrada A27 da ovest o l&#8217;autostrada A13 da nord. Tuttavia, una volta arrivato a Venezia, non puoi guidare, perch\u00e9 la citt\u00e0 \u00e8 un labirinto di <a href=\"https:\/\/venicewiki.org\/it\/cose-veneziane\/ponti-e-canali\/\">canali<\/a> e <a href=\"https:\/\/venicewiki.org\/it\/cose-veneziane\/calle\/\">calli<\/a> senza auto.[\/vc_column_text][\/vc_column][\/vc_row][vc_row][vc_column][vc_column_text]<\/p>\n<h2><a href=\"https:\/\/venicewiki.org\/it\/informazioni-utili\/come-arrivare-a-venezia-con-il-treno\/\">Arrivare con il treno<\/a><\/h2>\n<p>[\/vc_column_text][vc_column_text]Se viaggi in treno, la Stazione ferroviaria di Venezia \u00e8 <a href=\"https:\/\/venicewiki.org\/it\/la-citta\/stazione_ferroviaria_santa_lucia\/\"><strong>Venezia Santa Lucia<\/strong><\/a>. Puoi prendere un treno da tutte le principali citt\u00e0 italiane. Puoi anche prendere un treno da molte citt\u00e0 europee. Una volta arrivato, c&#8217;\u00e8 un servizio di traghetti che collega la stazione ad ogni luogo della citt\u00e0.[\/vc_column_text][\/vc_column][\/vc_row][vc_row][vc_column][vc_column_text]Come puoi vedere, ci sono molti modi per arrivare a Venezia. Scegli quello che fa per te e goditi l&#8217;esperienza unica che Venezia offre![\/vc_column_text][\/vc_column][\/vc_row]<\/p>\n","protected":false},"excerpt":{"rendered":"<p>Venezia \u00e8 una citt\u00e0 unica, con architettura e canali affascinanti. Scopri i modi principali per arrivarci: in auto, treno o aereo.<\/p>\n","protected":false},"author":2,"featured_media":0,"parent":4823,"menu_order":0,"comment_status":"closed","ping_status":"closed","template":"","meta":{"_editorskit_title_hidden":false,"_editorskit_reading_time":0},"yoast_head":"<!-- This site is optimized with the Yoast SEO plugin v19.7.1 - https:\/\/yoast.com\/wordpress\/plugins\/seo\/ -->\n<title>Come arrivare a Venezia - Venicewiki<\/title>\n<meta name=\"description\" content=\"Venezia \u00e8 una citt\u00e0 unica, con architettura e canali affascinanti. Scopri i modi principali per arrivarci: in auto, treno o aereo.\" \/>\n<meta name=\"robots\" content=\"index, follow, max-snippet:-1, max-image-preview:large, max-video-preview:-1\" \/>\n<link rel=\"canonical\" href=\"https:\/\/venicewiki.org\/it\/informazioni-utili\/come-arrivare-a-venezia\/\" \/>\n<meta property=\"og:locale\" content=\"it_IT\" \/>\n<meta property=\"og:type\" content=\"article\" \/>\n<meta property=\"og:title\" content=\"Come arrivare a Venezia - Venicewiki\" \/>\n<meta property=\"og:description\" content=\"Venezia \u00e8 una citt\u00e0 unica, con architettura e canali affascinanti. Scopri i modi principali per arrivarci: in auto, treno o aereo.\" \/>\n<meta property=\"og:url\" content=\"https:\/\/venicewiki.org\/it\/informazioni-utili\/come-arrivare-a-venezia\/\" \/>\n<meta property=\"og:site_name\" content=\"Venicewiki\" \/>\n<meta property=\"article:modified_time\" content=\"2023-03-13T16:06:45+00:00\" \/>\n<meta name=\"twitter:card\" content=\"summary_large_image\" \/>\n<meta name=\"twitter:label1\" content=\"Est. reading time\" \/>\n\t<meta name=\"twitter:data1\" content=\"2 minuti\" \/>\n<script type=\"application\/ld+json\" class=\"yoast-schema-graph\">{\"@context\":\"https:\/\/schema.org\",\"@graph\":[{\"@type\":\"WebPage\",\"@id\":\"https:\/\/venicewiki.org\/it\/informazioni-utili\/come-arrivare-a-venezia\/\",\"url\":\"https:\/\/venicewiki.org\/it\/informazioni-utili\/come-arrivare-a-venezia\/\",\"name\":\"Come arrivare a Venezia - Venicewiki\",\"isPartOf\":{\"@id\":\"https:\/\/venicewiki.org\/it\/#website\"},\"datePublished\":\"2022-12-20T16:44:36+00:00\",\"dateModified\":\"2023-03-13T16:06:45+00:00\",\"description\":\"Venezia \u00e8 una citt\u00e0 unica, con architettura e canali affascinanti. Scopri i modi principali per arrivarci: in auto, treno o aereo.\",\"breadcrumb\":{\"@id\":\"https:\/\/venicewiki.org\/it\/informazioni-utili\/come-arrivare-a-venezia\/#breadcrumb\"},\"inLanguage\":\"it-IT\",\"potentialAction\":[{\"@type\":\"ReadAction\",\"target\":[\"https:\/\/venicewiki.org\/it\/informazioni-utili\/come-arrivare-a-venezia\/\"]}]},{\"@type\":\"BreadcrumbList\",\"@id\":\"https:\/\/venicewiki.org\/it\/informazioni-utili\/come-arrivare-a-venezia\/#breadcrumb\",\"itemListElement\":[{\"@type\":\"ListItem\",\"position\":1,\"name\":\"Home\",\"item\":\"https:\/\/venicewiki.org\/it\/\"},{\"@type\":\"ListItem\",\"position\":2,\"name\":\"Informazioni utili\",\"item\":\"https:\/\/venicewiki.org\/it\/informazioni-utili\/\"},{\"@type\":\"ListItem\",\"position\":3,\"name\":\"Come arrivare a Venezia\"}]},{\"@type\":\"WebSite\",\"@id\":\"https:\/\/venicewiki.org\/it\/#website\",\"url\":\"https:\/\/venicewiki.org\/it\/\",\"name\":\"Venicewiki\",\"description\":\"La guida di Venezia\",\"publisher\":{\"@id\":\"https:\/\/venicewiki.org\/it\/#organization\"},\"potentialAction\":[{\"@type\":\"SearchAction\",\"target\":{\"@type\":\"EntryPoint\",\"urlTemplate\":\"https:\/\/venicewiki.org\/it\/?s={search_term_string}\"},\"query-input\":\"required name=search_term_string\"}],\"inLanguage\":\"it-IT\"},{\"@type\":\"Organization\",\"@id\":\"https:\/\/venicewiki.org\/it\/#organization\",\"name\":\"Venicewiki\",\"url\":\"https:\/\/venicewiki.org\/it\/\",\"sameAs\":[],\"logo\":{\"@type\":\"ImageObject\",\"inLanguage\":\"it-IT\",\"@id\":\"https:\/\/venicewiki.org\/it\/#\/schema\/logo\/image\/\",\"url\":\"https:\/\/venicewiki.org\/it\/wp-content\/uploads\/2022\/12\/Logo-sfondo-rosso.png\",\"contentUrl\":\"https:\/\/venicewiki.org\/it\/wp-content\/uploads\/2022\/12\/Logo-sfondo-rosso.png\",\"width\":1000,\"height\":1000,\"caption\":\"Venicewiki\"},\"image\":{\"@id\":\"https:\/\/venicewiki.org\/it\/#\/schema\/logo\/image\/\"}}]}<\/script>\n<!-- \/ Yoast SEO plugin. -->","yoast_head_json":{"title":"Come arrivare a Venezia - Venicewiki","description":"Venezia \u00e8 una citt\u00e0 unica, con architettura e canali affascinanti. Scopri i modi principali per arrivarci: in auto, treno o aereo.","robots":{"index":"index","follow":"follow","max-snippet":"max-snippet:-1","max-image-preview":"max-image-preview:large","max-video-preview":"max-video-preview:-1"},"canonical":"https:\/\/venicewiki.org\/it\/informazioni-utili\/come-arrivare-a-venezia\/","og_locale":"it_IT","og_type":"article","og_title":"Come arrivare a Venezia - Venicewiki","og_description":"Venezia \u00e8 una citt\u00e0 unica, con architettura e canali affascinanti. Scopri i modi principali per arrivarci: in auto, treno o aereo.","og_url":"https:\/\/venicewiki.org\/it\/informazioni-utili\/come-arrivare-a-venezia\/","og_site_name":"Venicewiki","article_modified_time":"2023-03-13T16:06:45+00:00","twitter_card":"summary_large_image","twitter_misc":{"Est. reading time":"2 minuti"},"schema":{"@context":"https:\/\/schema.org","@graph":[{"@type":"WebPage","@id":"https:\/\/venicewiki.org\/it\/informazioni-utili\/come-arrivare-a-venezia\/","url":"https:\/\/venicewiki.org\/it\/informazioni-utili\/come-arrivare-a-venezia\/","name":"Come arrivare a Venezia - Venicewiki","isPartOf":{"@id":"https:\/\/venicewiki.org\/it\/#website"},"datePublished":"2022-12-20T16:44:36+00:00","dateModified":"2023-03-13T16:06:45+00:00","description":"Venezia \u00e8 una citt\u00e0 unica, con architettura e canali affascinanti. Scopri i modi principali per arrivarci: in auto, treno o aereo.","breadcrumb":{"@id":"https:\/\/venicewiki.org\/it\/informazioni-utili\/come-arrivare-a-venezia\/#breadcrumb"},"inLanguage":"it-IT","potentialAction":[{"@type":"ReadAction","target":["https:\/\/venicewiki.org\/it\/informazioni-utili\/come-arrivare-a-venezia\/"]}]},{"@type":"BreadcrumbList","@id":"https:\/\/venicewiki.org\/it\/informazioni-utili\/come-arrivare-a-venezia\/#breadcrumb","itemListElement":[{"@type":"ListItem","position":1,"name":"Home","item":"https:\/\/venicewiki.org\/it\/"},{"@type":"ListItem","position":2,"name":"Informazioni utili","item":"https:\/\/venicewiki.org\/it\/informazioni-utili\/"},{"@type":"ListItem","position":3,"name":"Come arrivare a Venezia"}]},{"@type":"WebSite","@id":"https:\/\/venicewiki.org\/it\/#website","url":"https:\/\/venicewiki.org\/it\/","name":"Venicewiki","description":"La guida di Venezia","publisher":{"@id":"https:\/\/venicewiki.org\/it\/#organization"},"potentialAction":[{"@type":"SearchAction","target":{"@type":"EntryPoint","urlTemplate":"https:\/\/venicewiki.org\/it\/?s={search_term_string}"},"query-input":"required name=search_term_string"}],"inLanguage":"it-IT"},{"@type":"Organization","@id":"https:\/\/venicewiki.org\/it\/#organization","name":"Venicewiki","url":"https:\/\/venicewiki.org\/it\/","sameAs":[],"logo":{"@type":"ImageObject","inLanguage":"it-IT","@id":"https:\/\/venicewiki.org\/it\/#\/schema\/logo\/image\/","url":"https:\/\/venicewiki.org\/it\/wp-content\/uploads\/2022\/12\/Logo-sfondo-rosso.png","contentUrl":"https:\/\/venicewiki.org\/it\/wp-content\/uploads\/2022\/12\/Logo-sfondo-rosso.png","width":1000,"height":1000,"caption":"Venicewiki"},"image":{"@id":"https:\/\/venicewiki.org\/it\/#\/schema\/logo\/image\/"}}]}},"_links":{"self":[{"href":"https:\/\/venicewiki.org\/it\/wp-json\/wp\/v2\/pages\/4817"}],"collection":[{"href":"https:\/\/venicewiki.org\/it\/wp-json\/wp\/v2\/pages"}],"about":[{"href":"https:\/\/venicewiki.org\/it\/wp-json\/wp\/v2\/types\/page"}],"author":[{"embeddable":true,"href":"https:\/\/venicewiki.org\/it\/wp-json\/wp\/v2\/users\/2"}],"replies":[{"embeddable":true,"href":"https:\/\/venicewiki.org\/it\/wp-json\/wp\/v2\/comments?post=4817"}],"version-history":[{"count":8,"href":"https:\/\/venicewiki.org\/it\/wp-json\/wp\/v2\/pages\/4817\/revisions"}],"predecessor-version":[{"id":5966,"href":"https:\/\/venicewiki.org\/it\/wp-json\/wp\/v2\/pages\/4817\/revisions\/5966"}],"up":[{"embeddable":true,"href":"https:\/\/venicewiki.org\/it\/wp-json\/wp\/v2\/pages\/4823"}],"wp:attachment":[{"href":"https:\/\/venicewiki.org\/it\/wp-json\/wp\/v2\/media?parent=4817"}],"curies":[{"name":"wp","href":"https:\/\/api.w.org\/{rel}","templated":true}]}}