{"id":4820,"date":"2022-12-20T17:45:16","date_gmt":"2022-12-20T16:45:16","guid":{"rendered":"https:\/\/venicewiki.org\/it\/?page_id=4820"},"modified":"2023-03-13T18:10:34","modified_gmt":"2023-03-13T17:10:34","slug":"come-muoversi-a-venezia","status":"publish","type":"page","link":"https:\/\/venicewiki.org\/it\/informazioni-utili\/come-muoversi-a-venezia\/","title":{"rendered":"Come muoversi a Venezia"},"content":{"rendered":"<p>[vc_row][vc_column][vc_column_text]<\/p>\n<h1 style=\"text-align: center;\">Come muoversi a Venezia<\/h1>\n<p>[\/vc_column_text][\/vc_column][\/vc_row][vc_row][vc_column][vc_column_text]Venezia \u00e8 una citt\u00e0 senza pari, con la sua <a href=\"https:\/\/venicewiki.org\/it\/cose-veneziane\/storia-di-venezia\/\">storia secolare<\/a>, i <a href=\"https:\/\/venicewiki.org\/it\/la-citta\/canali_e_rii\/\">suoi canali<\/a>, i suoi ponti e le strade affascinanti. La citt\u00e0 \u00e8 un labirinto che necessita di essere esplorato, e spostarsi nella citt\u00e0 si pu\u00f2 fare in molti modi. Se volete fare un tour di Venezia e godere di tutto ci\u00f2 che offre, sia a piedi che con il vaporetto, ecco alcuni consigli utili. Il modo migliore per spostarsi a Venezia \u00e8 a piedi, in modo da assaporare appieno la sua atmosfera magica. Si pu\u00f2 scegliere di prendere un vaporetto o un traghetto se si desidera spostarsi pi\u00f9 velocemente, ma \u00e8 comunque consigliabile esplorare la citt\u00e0 a piedi. Se si opta per questa scelta, \u00e8 utile sapere che esistono molti <a href=\"https:\/\/venicewiki.org\/it\/cose-veneziane\/ponti-e-canali\/\">ponti<\/a> e <a href=\"https:\/\/venicewiki.org\/it\/cose-veneziane\/calle\/\">calli<\/a> (stradine strette) che collegano i vari luoghi della citt\u00e0. Inoltre, la maggior parte dei tragitti in vaporetto sono suddivisi in zone, quindi \u00e8 importante assicurarsi di acquistare il biglietto corretto. Anche se pu\u00f2 sembrare confuso al primo impatto, con un po&#8217; di orientamento e una mappa, il labirinto di Venezia non sar\u00e0 pi\u00f9 un mistero![\/vc_column_text][\/vc_column][\/vc_row][vc_row][vc_column][vc_column_text]<\/p>\n<h2>Spostarsi a piedi<\/h2>\n<p>[\/vc_column_text][vc_column_text]Venezia \u00e8 nota come una delle citt\u00e0 pi\u00f9 pittoresche da visitare a piedi. Mentre cammini, non puoi non ammirare la variet\u00e0 di <a href=\"https:\/\/venicewiki.org\/it\/cose-veneziane\/ponti-e-canali\/\">ponti<\/a>, <a href=\"https:\/\/venicewiki.org\/it\/cose-veneziane\/ponti-e-canali\/\">canali<\/a> e case che incontri lungo la tua strada. Dall&#8217;architettura gotica alla filosofia del Rinascimento, c&#8217;\u00e8 un&#8217;enorme quantit\u00e0 di <a href=\"https:\/\/venicewiki.org\/it\/cose-veneziane\/storia-di-venezia\/\">storia<\/a> da scoprire in questa citt\u00e0. Passeggiare per le strade di Venezia \u00e8 un&#8217;esperienza unica e indimenticabile, con un susseguirsi di scorci che ti stupiscono. Dalle antiche basiliche alle vivaci piazze, questa citt\u00e0 \u00e8 una vera e propria oasi di bellezza, che lascia i visitatori rapiti dai suoi tesori culturali.<\/p>\n<p>\u00c8 possibile partecipare a dei veri e propri &#8220;walking tour&#8221; con una guida locale per ammirare i luoghi pi\u00f9 interessanti di Venezia, accompagnati dalla narrazione della storia della Serenissima. Di seguito elenchiamo i walking tour pi\u00f9 interessanti.[\/vc_column_text][vc_raw_html]JTNDZGl2JTIwZGF0YS1neWctaHJlZiUzRCUyMmh0dHBzJTNBJTJGJTJGd2lkZ2V0LmdldHlvdXJndWlkZS5jb20lMkZkZWZhdWx0JTJGYWN0aXZpdGllcy5mcmFtZSUyMiUyMGRhdGEtZ3lnLWxvY2FsZS1jb2RlJTNEJTIyaXQtSVQlMjIlMjBkYXRhLWd5Zy13aWRnZXQlM0QlMjJhY3Rpdml0aWVzJTIyJTIwZGF0YS1neWctbnVtYmVyLW9mLWl0ZW1zJTNEJTIyMyUyMiUyMGRhdGEtZ3lnLXBhcnRuZXItaWQlM0QlMjJKOFhOUkQ2JTIyJTIwZGF0YS1neWctcGxhY2VtZW50JTNEJTIyY29udGVudC1taWRkbGUlMjIlMjBkYXRhLWd5Zy10b3VyLWlkcyUzRCUyMjE4NDMzNCUyQzQwMjYyNiUyQzk0MDIwJTIyJTNFJTNDJTJGZGl2JTNF[\/vc_raw_html][\/vc_column][\/vc_row][vc_row][vc_column][vc_column_text]<\/p>\n<h2>Spostarsi in vaporetto<\/h2>\n<p>[\/vc_column_text][vc_column_text]I <a href=\"https:\/\/venicewiki.org\/it\/cose-veneziane\/vaporetto\/\"><strong>vaporetti<\/strong><\/a> sono un modo semplice per esplorare i <a href=\"https:\/\/venicewiki.org\/it\/cose-veneziane\/ponti-e-canali\/\">canali<\/a> di Venezia. I vaporetti locali, noti come &#8220;vaporetti di linea&#8221;, sono un&#8217;ottima scelta per spostarsi nella citt\u00e0 e ammirarne la bellezza.<\/p>\n<p>I vaporetti attraversano tutta la citt\u00e0, da <a href=\"https:\/\/venicewiki.org\/it\/isole-della-laguna\/murano\/\">Murano<\/a>\/<a href=\"https:\/\/venicewiki.org\/it\/isole-della-laguna\/burano\/\">Burano<\/a> al Lido di Venezia. Le linee del vaporetto ACTV sono:<\/p>\n<ul>\n<li>1 e 2, che attraversano il cuore di Venezia, il <a href=\"https:\/\/venicewiki.org\/it\/la-citta\/canal_grande\/\">Canal Grande<\/a> e il <a href=\"https:\/\/venicewiki.org\/it\/cose-veneziane\/canale_della_giudecca\/\">Canale della Giudecca<\/a>;<\/li>\n<li>le linee lagunari 4.1, 4.2, 5.1, 5.2 e 6, che fanno un percorso circolare lungo il perimetro esterno di Venezia, raggiungendo velocemente le <a href=\"https:\/\/venicewiki.org\/it\/la-citta\/fondamenta_nuove\/\">Fondamenta Nuove<\/a>, <a href=\"https:\/\/venicewiki.org\/it\/isole-della-laguna\/murano\/\">Murano<\/a>, <a href=\"https:\/\/venicewiki.org\/it\/cose-veneziane\/arsenale\/\">l&#8217;Arsenale<\/a>, il Lido, i Giardini e le <a href=\"https:\/\/venicewiki.org\/it\/la-citta\/zattere\/\">Zattere<\/a>.<\/li>\n<\/ul>\n<p>Per chi rimane in citt\u00e0 qualche giorno, \u00e8 sicuramente conveniente acquistare un biglietto cumulativo per uno o pi\u00f9 giorni. Si possono quindi acquistare &#8211; anche <span style=\"text-decoration: underline;\"><a href=\"https:\/\/www.musement.com\/it\/venezia\/biglietto-salta-coda-per-il-trasporto-pubblico-actv-con-validita-da-1-a-7-giorni-1-153839\/?aid=venicewiki\">online a questo link<\/a><\/span> &#8211; biglietti o pass giornalieri, settimanali o mensili.[\/vc_column_text][\/vc_column][\/vc_row][vc_row][vc_column][vc_column_text]<\/p>\n<h2>Ricapitolando<\/h2>\n<p>[\/vc_column_text][vc_column_text]Ci sono diversi modi per spostarsi a Venezia. Si pu\u00f2 camminare e scoprire la citt\u00e0 a proprio ritmo o usare i vaporetti per navigare sui canali. Speriamo che queste linee guida ti aiutino a scoprire Venezia come si deve![\/vc_column_text][\/vc_column][\/vc_row]<\/p>\n","protected":false},"excerpt":{"rendered":"<p>Scopri i migliori consigli per esplorare Venezia a piedi o in vaporetto, godendo di tutta la sua atmosfera magica e dei suoi tesori nascosti<\/p>\n","protected":false},"author":2,"featured_media":0,"parent":4823,"menu_order":0,"comment_status":"closed","ping_status":"closed","template":"","meta":{"_editorskit_title_hidden":false,"_editorskit_reading_time":0},"yoast_head":"<!-- This site is optimized with the Yoast SEO plugin v19.7.1 - https:\/\/yoast.com\/wordpress\/plugins\/seo\/ -->\n<title>Come muoversi a Venezia - Venicewiki<\/title>\n<meta name=\"description\" content=\"Scopri i migliori consigli per esplorare Venezia a piedi o in vaporetto, godendo di tutta la sua atmosfera magica e dei suoi tesori nascosti\" \/>\n<meta name=\"robots\" content=\"index, follow, max-snippet:-1, max-image-preview:large, max-video-preview:-1\" \/>\n<link rel=\"canonical\" href=\"https:\/\/venicewiki.org\/it\/informazioni-utili\/come-muoversi-a-venezia\/\" \/>\n<meta property=\"og:locale\" content=\"it_IT\" \/>\n<meta property=\"og:type\" content=\"article\" \/>\n<meta property=\"og:title\" content=\"Come muoversi a Venezia - Venicewiki\" \/>\n<meta property=\"og:description\" content=\"Scopri i migliori consigli per esplorare Venezia a piedi o in vaporetto, godendo di tutta la sua atmosfera magica e dei suoi tesori nascosti\" \/>\n<meta property=\"og:url\" content=\"https:\/\/venicewiki.org\/it\/informazioni-utili\/come-muoversi-a-venezia\/\" \/>\n<meta property=\"og:site_name\" content=\"Venicewiki\" \/>\n<meta property=\"article:modified_time\" content=\"2023-03-13T17:10:34+00:00\" \/>\n<meta name=\"twitter:card\" content=\"summary_large_image\" \/>\n<meta name=\"twitter:label1\" content=\"Est. reading time\" \/>\n\t<meta name=\"twitter:data1\" content=\"3 minuti\" \/>\n<script type=\"application\/ld+json\" class=\"yoast-schema-graph\">{\"@context\":\"https:\/\/schema.org\",\"@graph\":[{\"@type\":\"WebPage\",\"@id\":\"https:\/\/venicewiki.org\/it\/informazioni-utili\/come-muoversi-a-venezia\/\",\"url\":\"https:\/\/venicewiki.org\/it\/informazioni-utili\/come-muoversi-a-venezia\/\",\"name\":\"Come muoversi a Venezia - Venicewiki\",\"isPartOf\":{\"@id\":\"https:\/\/venicewiki.org\/it\/#website\"},\"datePublished\":\"2022-12-20T16:45:16+00:00\",\"dateModified\":\"2023-03-13T17:10:34+00:00\",\"description\":\"Scopri i migliori consigli per esplorare Venezia a piedi o in vaporetto, godendo di tutta la sua atmosfera magica e dei suoi tesori nascosti\",\"breadcrumb\":{\"@id\":\"https:\/\/venicewiki.org\/it\/informazioni-utili\/come-muoversi-a-venezia\/#breadcrumb\"},\"inLanguage\":\"it-IT\",\"potentialAction\":[{\"@type\":\"ReadAction\",\"target\":[\"https:\/\/venicewiki.org\/it\/informazioni-utili\/come-muoversi-a-venezia\/\"]}]},{\"@type\":\"BreadcrumbList\",\"@id\":\"https:\/\/venicewiki.org\/it\/informazioni-utili\/come-muoversi-a-venezia\/#breadcrumb\",\"itemListElement\":[{\"@type\":\"ListItem\",\"position\":1,\"name\":\"Home\",\"item\":\"https:\/\/venicewiki.org\/it\/\"},{\"@type\":\"ListItem\",\"position\":2,\"name\":\"Informazioni utili\",\"item\":\"https:\/\/venicewiki.org\/it\/informazioni-utili\/\"},{\"@type\":\"ListItem\",\"position\":3,\"name\":\"Come muoversi a Venezia\"}]},{\"@type\":\"WebSite\",\"@id\":\"https:\/\/venicewiki.org\/it\/#website\",\"url\":\"https:\/\/venicewiki.org\/it\/\",\"name\":\"Venicewiki\",\"description\":\"La guida di Venezia\",\"publisher\":{\"@id\":\"https:\/\/venicewiki.org\/it\/#organization\"},\"potentialAction\":[{\"@type\":\"SearchAction\",\"target\":{\"@type\":\"EntryPoint\",\"urlTemplate\":\"https:\/\/venicewiki.org\/it\/?s={search_term_string}\"},\"query-input\":\"required name=search_term_string\"}],\"inLanguage\":\"it-IT\"},{\"@type\":\"Organization\",\"@id\":\"https:\/\/venicewiki.org\/it\/#organization\",\"name\":\"Venicewiki\",\"url\":\"https:\/\/venicewiki.org\/it\/\",\"sameAs\":[],\"logo\":{\"@type\":\"ImageObject\",\"inLanguage\":\"it-IT\",\"@id\":\"https:\/\/venicewiki.org\/it\/#\/schema\/logo\/image\/\",\"url\":\"https:\/\/venicewiki.org\/it\/wp-content\/uploads\/2022\/12\/Logo-sfondo-rosso.png\",\"contentUrl\":\"https:\/\/venicewiki.org\/it\/wp-content\/uploads\/2022\/12\/Logo-sfondo-rosso.png\",\"width\":1000,\"height\":1000,\"caption\":\"Venicewiki\"},\"image\":{\"@id\":\"https:\/\/venicewiki.org\/it\/#\/schema\/logo\/image\/\"}}]}<\/script>\n<!-- \/ Yoast SEO plugin. -->","yoast_head_json":{"title":"Come muoversi a Venezia - Venicewiki","description":"Scopri i migliori consigli per esplorare Venezia a piedi o in vaporetto, godendo di tutta la sua atmosfera magica e dei suoi tesori nascosti","robots":{"index":"index","follow":"follow","max-snippet":"max-snippet:-1","max-image-preview":"max-image-preview:large","max-video-preview":"max-video-preview:-1"},"canonical":"https:\/\/venicewiki.org\/it\/informazioni-utili\/come-muoversi-a-venezia\/","og_locale":"it_IT","og_type":"article","og_title":"Come muoversi a Venezia - Venicewiki","og_description":"Scopri i migliori consigli per esplorare Venezia a piedi o in vaporetto, godendo di tutta la sua atmosfera magica e dei suoi tesori nascosti","og_url":"https:\/\/venicewiki.org\/it\/informazioni-utili\/come-muoversi-a-venezia\/","og_site_name":"Venicewiki","article_modified_time":"2023-03-13T17:10:34+00:00","twitter_card":"summary_large_image","twitter_misc":{"Est. reading time":"3 minuti"},"schema":{"@context":"https:\/\/schema.org","@graph":[{"@type":"WebPage","@id":"https:\/\/venicewiki.org\/it\/informazioni-utili\/come-muoversi-a-venezia\/","url":"https:\/\/venicewiki.org\/it\/informazioni-utili\/come-muoversi-a-venezia\/","name":"Come muoversi a Venezia - Venicewiki","isPartOf":{"@id":"https:\/\/venicewiki.org\/it\/#website"},"datePublished":"2022-12-20T16:45:16+00:00","dateModified":"2023-03-13T17:10:34+00:00","description":"Scopri i migliori consigli per esplorare Venezia a piedi o in vaporetto, godendo di tutta la sua atmosfera magica e dei suoi tesori nascosti","breadcrumb":{"@id":"https:\/\/venicewiki.org\/it\/informazioni-utili\/come-muoversi-a-venezia\/#breadcrumb"},"inLanguage":"it-IT","potentialAction":[{"@type":"ReadAction","target":["https:\/\/venicewiki.org\/it\/informazioni-utili\/come-muoversi-a-venezia\/"]}]},{"@type":"BreadcrumbList","@id":"https:\/\/venicewiki.org\/it\/informazioni-utili\/come-muoversi-a-venezia\/#breadcrumb","itemListElement":[{"@type":"ListItem","position":1,"name":"Home","item":"https:\/\/venicewiki.org\/it\/"},{"@type":"ListItem","position":2,"name":"Informazioni utili","item":"https:\/\/venicewiki.org\/it\/informazioni-utili\/"},{"@type":"ListItem","position":3,"name":"Come muoversi a Venezia"}]},{"@type":"WebSite","@id":"https:\/\/venicewiki.org\/it\/#website","url":"https:\/\/venicewiki.org\/it\/","name":"Venicewiki","description":"La guida di Venezia","publisher":{"@id":"https:\/\/venicewiki.org\/it\/#organization"},"potentialAction":[{"@type":"SearchAction","target":{"@type":"EntryPoint","urlTemplate":"https:\/\/venicewiki.org\/it\/?s={search_term_string}"},"query-input":"required name=search_term_string"}],"inLanguage":"it-IT"},{"@type":"Organization","@id":"https:\/\/venicewiki.org\/it\/#organization","name":"Venicewiki","url":"https:\/\/venicewiki.org\/it\/","sameAs":[],"logo":{"@type":"ImageObject","inLanguage":"it-IT","@id":"https:\/\/venicewiki.org\/it\/#\/schema\/logo\/image\/","url":"https:\/\/venicewiki.org\/it\/wp-content\/uploads\/2022\/12\/Logo-sfondo-rosso.png","contentUrl":"https:\/\/venicewiki.org\/it\/wp-content\/uploads\/2022\/12\/Logo-sfondo-rosso.png","width":1000,"height":1000,"caption":"Venicewiki"},"image":{"@id":"https:\/\/venicewiki.org\/it\/#\/schema\/logo\/image\/"}}]}},"_links":{"self":[{"href":"https:\/\/venicewiki.org\/it\/wp-json\/wp\/v2\/pages\/4820"}],"collection":[{"href":"https:\/\/venicewiki.org\/it\/wp-json\/wp\/v2\/pages"}],"about":[{"href":"https:\/\/venicewiki.org\/it\/wp-json\/wp\/v2\/types\/page"}],"author":[{"embeddable":true,"href":"https:\/\/venicewiki.org\/it\/wp-json\/wp\/v2\/users\/2"}],"replies":[{"embeddable":true,"href":"https:\/\/venicewiki.org\/it\/wp-json\/wp\/v2\/comments?post=4820"}],"version-history":[{"count":6,"href":"https:\/\/venicewiki.org\/it\/wp-json\/wp\/v2\/pages\/4820\/revisions"}],"predecessor-version":[{"id":5974,"href":"https:\/\/venicewiki.org\/it\/wp-json\/wp\/v2\/pages\/4820\/revisions\/5974"}],"up":[{"embeddable":true,"href":"https:\/\/venicewiki.org\/it\/wp-json\/wp\/v2\/pages\/4823"}],"wp:attachment":[{"href":"https:\/\/venicewiki.org\/it\/wp-json\/wp\/v2\/media?parent=4820"}],"curies":[{"name":"wp","href":"https:\/\/api.w.org\/{rel}","templated":true}]}}