{"id":4823,"date":"2022-12-20T17:46:11","date_gmt":"2022-12-20T16:46:11","guid":{"rendered":"https:\/\/venicewiki.org\/it\/?page_id=4823"},"modified":"2023-03-13T19:00:45","modified_gmt":"2023-03-13T18:00:45","slug":"informazioni-utili","status":"publish","type":"page","link":"https:\/\/venicewiki.org\/it\/informazioni-utili\/","title":{"rendered":"Informazioni utili"},"content":{"rendered":"<p>[vc_row][vc_column][vc_column_text]<\/p>\n<h1 style=\"text-align: center;\">Informazioni pratiche<\/h1>\n<p>[\/vc_column_text][\/vc_column][\/vc_row][vc_row][vc_column][vc_column_text]Venezia \u00e8 una citt\u00e0 unica, con una storia ricca e un&#8217;atmosfera magica che non pu\u00f2 essere replicata da nessun&#8217;altra parte. Prima di programmare un viaggio a Venezia, \u00e8 importante conoscere le informazioni utili sull&#8217;<a href=\"https:\/\/venicewiki.org\/it\/cose-veneziane\/acqua_alta\/\">acqua alta<\/a>, per non rimanere bloccati su una <a href=\"https:\/\/venicewiki.org\/it\/cose-veneziane\/calle\/\">calle<\/a>, sull&#8217;orario dei trasporti pubblici dell&#8217;ACTV, sui numeri utili da contattare e sul contributo di accesso in vigore dal 2023. Questo articolo fornir\u00e0 una panoramica delle informazioni pi\u00f9 importanti.[\/vc_column_text][\/vc_column][\/vc_row][vc_row][vc_column][vc_column_text]<\/p>\n<h2>Contributo di accesso in vigore dal 2023<\/h2>\n<p>[\/vc_column_text][vc_column_text]Il Venice Pass, ticket di ingresso a Venezia, non \u00e8 partito il 16 gennaio 2023 come inizialmente previsto. Ci vorranno ancora alcuni mesi. Presumibilmente in estate saranno creati dei varchi di accesso con tornelli per limitare il numero di turisti.<\/p>\n<p>Per l&#8217;accesso bisogner\u00e0 prenotarsi su un&#8217;app ed effettuare un contributo variabile. Per informazioni pi\u00f9 precise visitare la <a href=\"https:\/\/www.comune.venezia.it\/it\/content\/contributo-accesso\">pagina del Comune di Venezia<\/a> o scrivere a <a href=\"mailto:contributo.accesso@comune.venezia.it\">contributo.accesso@comune.venezia.it<\/a>.[\/vc_column_text][\/vc_column][\/vc_row][vc_row][vc_column][vc_column_text]<\/p>\n<h2>Acqua alta<\/h2>\n<p>[\/vc_column_text][vc_column_text]L&#8217;<a href=\"https:\/\/venicewiki.org\/it\/cose-veneziane\/acqua_alta\/\">acqua alta<\/a> \u00e8 una situazione in cui l&#8217;alta marea supera i livelli di normale andamento delle maree e inonda le aree pedonabili della citt\u00e0. A Venezia, questo fenomeno \u00e8 comune in inverno, ma occasionalmente pu\u00f2 verificarsi anche durante l&#8217;estate. La citt\u00e0 \u00e8 dotata di un sistema di allarme per l&#8217;acqua alta, del <span class=\"notion-enable-hover\" data-token-index=\"1\">Centro Previsioni e Segnalazioni Maree del Comune di Venezia<\/span>, che pu\u00f2 essere <a class=\"notion-link-token notion-enable-hover\" href=\"https:\/\/www.comune.venezia.it\/it\/content\/centro-previsioni-e-segnalazioni-maree\" target=\"_blank\" rel=\"noopener noreferrer\" data-token-index=\"3\"><span class=\"link-annotation-unknown-block-id--774325581\">consultato online<\/span><\/a> o tramite un&#8217;app per smartphone per ottenere informazioni sulle previsioni e le misure di prevenzione.[\/vc_column_text][\/vc_column][\/vc_row][vc_row][vc_column][vc_column_text]<\/p>\n<h2>Orari dei trasporti pubblici dell&#8217;ACTV<\/h2>\n<p>[\/vc_column_text][vc_column_text]L&#8217;ACTV \u00e8 il servizio di trasporto pubblico di Venezia. Offre traghetti, bus, vaporetti e traghetti per la <a href=\"https:\/\/venicewiki.org\/it\/cose-veneziane\/la_laguna_di_venezia\/\">laguna<\/a>. Gli orari di navigazione sono disponibili online, sull&#8217;app ACTV e nei punti di informazione ACTV.<\/p>\n<p>Per non perdersi nelle tabelle degli orari dei vaporetti, consigliamo questo utilissimo sito <a href=\"https:\/\/chebateo.it\/\">Che Bateo<\/a> (il termine \u201cbateo\u201d \u00e8 infatti l\u2019espressione che utilizzano i veneziani per indicare il vaporetto, anche detto battello).[\/vc_column_text][\/vc_column][\/vc_row][vc_row][vc_column][vc_column_text]<\/p>\n<h2>Numeri utili da contattare<\/h2>\n<p>[\/vc_column_text][vc_column_text]Esistono numeri utili da contattare in caso di emergenza a Venezia. Il numero di emergenza italiano \u00e8 il 112, che pu\u00f2 essere contattato dai cellulari e dai telefoni fissi. Inoltre, le persone possono contattare la Azienda Promozione Turistica di Venezia al numero 041\/5298711, la <span class=\"notion-enable-hover\" data-token-index=\"1\">Polizia Locale di Venezia<\/span> al numero <span class=\"notion-enable-hover\" data-token-index=\"3\">041\/2747070<\/span> o la Guardia Costiera al numero <span class=\"notion-enable-hover\" data-token-index=\"5\">1530<\/span>.[\/vc_column_text][\/vc_column][\/vc_row]<\/p>\n","protected":false},"excerpt":{"rendered":"<p>Scopri le informazioni utili per visitare Venezia, citt\u00e0 unica e magica. Conosci l&#8217;orario dei trasporti pubblici ACTV, i numeri utili per chi la visita.<\/p>\n","protected":false},"author":2,"featured_media":0,"parent":0,"menu_order":0,"comment_status":"closed","ping_status":"closed","template":"","meta":{"_editorskit_title_hidden":false,"_editorskit_reading_time":0},"yoast_head":"<!-- This site is optimized with the Yoast SEO plugin v19.7.1 - https:\/\/yoast.com\/wordpress\/plugins\/seo\/ -->\n<title>Informazioni utili - Venicewiki<\/title>\n<meta name=\"description\" content=\"Scopri le informazioni utili per visitare Venezia, citt\u00e0 unica e magica. Conosci l&#039;orario dei trasporti pubblici ACTV, i numeri utili per chi la visita.\" \/>\n<meta name=\"robots\" content=\"index, follow, max-snippet:-1, max-image-preview:large, max-video-preview:-1\" \/>\n<link rel=\"canonical\" href=\"https:\/\/venicewiki.org\/it\/informazioni-utili\/\" \/>\n<meta property=\"og:locale\" content=\"it_IT\" \/>\n<meta property=\"og:type\" content=\"article\" \/>\n<meta property=\"og:title\" content=\"Informazioni utili - Venicewiki\" \/>\n<meta property=\"og:description\" content=\"Scopri le informazioni utili per visitare Venezia, citt\u00e0 unica e magica. Conosci l&#039;orario dei trasporti pubblici ACTV, i numeri utili per chi la visita.\" \/>\n<meta property=\"og:url\" content=\"https:\/\/venicewiki.org\/it\/informazioni-utili\/\" \/>\n<meta property=\"og:site_name\" content=\"Venicewiki\" \/>\n<meta property=\"article:modified_time\" content=\"2023-03-13T18:00:45+00:00\" \/>\n<meta name=\"twitter:card\" content=\"summary_large_image\" \/>\n<meta name=\"twitter:label1\" content=\"Est. reading time\" \/>\n\t<meta name=\"twitter:data1\" content=\"2 minuti\" \/>\n<script type=\"application\/ld+json\" class=\"yoast-schema-graph\">{\"@context\":\"https:\/\/schema.org\",\"@graph\":[{\"@type\":\"WebPage\",\"@id\":\"https:\/\/venicewiki.org\/it\/informazioni-utili\/\",\"url\":\"https:\/\/venicewiki.org\/it\/informazioni-utili\/\",\"name\":\"Informazioni utili - Venicewiki\",\"isPartOf\":{\"@id\":\"https:\/\/venicewiki.org\/it\/#website\"},\"datePublished\":\"2022-12-20T16:46:11+00:00\",\"dateModified\":\"2023-03-13T18:00:45+00:00\",\"description\":\"Scopri le informazioni utili per visitare Venezia, citt\u00e0 unica e magica. Conosci l'orario dei trasporti pubblici ACTV, i numeri utili per chi la visita.\",\"breadcrumb\":{\"@id\":\"https:\/\/venicewiki.org\/it\/informazioni-utili\/#breadcrumb\"},\"inLanguage\":\"it-IT\",\"potentialAction\":[{\"@type\":\"ReadAction\",\"target\":[\"https:\/\/venicewiki.org\/it\/informazioni-utili\/\"]}]},{\"@type\":\"BreadcrumbList\",\"@id\":\"https:\/\/venicewiki.org\/it\/informazioni-utili\/#breadcrumb\",\"itemListElement\":[{\"@type\":\"ListItem\",\"position\":1,\"name\":\"Home\",\"item\":\"https:\/\/venicewiki.org\/it\/\"},{\"@type\":\"ListItem\",\"position\":2,\"name\":\"Informazioni utili\"}]},{\"@type\":\"WebSite\",\"@id\":\"https:\/\/venicewiki.org\/it\/#website\",\"url\":\"https:\/\/venicewiki.org\/it\/\",\"name\":\"Venicewiki\",\"description\":\"La guida di Venezia\",\"publisher\":{\"@id\":\"https:\/\/venicewiki.org\/it\/#organization\"},\"potentialAction\":[{\"@type\":\"SearchAction\",\"target\":{\"@type\":\"EntryPoint\",\"urlTemplate\":\"https:\/\/venicewiki.org\/it\/?s={search_term_string}\"},\"query-input\":\"required name=search_term_string\"}],\"inLanguage\":\"it-IT\"},{\"@type\":\"Organization\",\"@id\":\"https:\/\/venicewiki.org\/it\/#organization\",\"name\":\"Venicewiki\",\"url\":\"https:\/\/venicewiki.org\/it\/\",\"sameAs\":[],\"logo\":{\"@type\":\"ImageObject\",\"inLanguage\":\"it-IT\",\"@id\":\"https:\/\/venicewiki.org\/it\/#\/schema\/logo\/image\/\",\"url\":\"https:\/\/venicewiki.org\/it\/wp-content\/uploads\/2022\/12\/Logo-sfondo-rosso.png\",\"contentUrl\":\"https:\/\/venicewiki.org\/it\/wp-content\/uploads\/2022\/12\/Logo-sfondo-rosso.png\",\"width\":1000,\"height\":1000,\"caption\":\"Venicewiki\"},\"image\":{\"@id\":\"https:\/\/venicewiki.org\/it\/#\/schema\/logo\/image\/\"}}]}<\/script>\n<!-- \/ Yoast SEO plugin. -->","yoast_head_json":{"title":"Informazioni utili - Venicewiki","description":"Scopri le informazioni utili per visitare Venezia, citt\u00e0 unica e magica. Conosci l'orario dei trasporti pubblici ACTV, i numeri utili per chi la visita.","robots":{"index":"index","follow":"follow","max-snippet":"max-snippet:-1","max-image-preview":"max-image-preview:large","max-video-preview":"max-video-preview:-1"},"canonical":"https:\/\/venicewiki.org\/it\/informazioni-utili\/","og_locale":"it_IT","og_type":"article","og_title":"Informazioni utili - Venicewiki","og_description":"Scopri le informazioni utili per visitare Venezia, citt\u00e0 unica e magica. Conosci l'orario dei trasporti pubblici ACTV, i numeri utili per chi la visita.","og_url":"https:\/\/venicewiki.org\/it\/informazioni-utili\/","og_site_name":"Venicewiki","article_modified_time":"2023-03-13T18:00:45+00:00","twitter_card":"summary_large_image","twitter_misc":{"Est. reading time":"2 minuti"},"schema":{"@context":"https:\/\/schema.org","@graph":[{"@type":"WebPage","@id":"https:\/\/venicewiki.org\/it\/informazioni-utili\/","url":"https:\/\/venicewiki.org\/it\/informazioni-utili\/","name":"Informazioni utili - Venicewiki","isPartOf":{"@id":"https:\/\/venicewiki.org\/it\/#website"},"datePublished":"2022-12-20T16:46:11+00:00","dateModified":"2023-03-13T18:00:45+00:00","description":"Scopri le informazioni utili per visitare Venezia, citt\u00e0 unica e magica. Conosci l'orario dei trasporti pubblici ACTV, i numeri utili per chi la visita.","breadcrumb":{"@id":"https:\/\/venicewiki.org\/it\/informazioni-utili\/#breadcrumb"},"inLanguage":"it-IT","potentialAction":[{"@type":"ReadAction","target":["https:\/\/venicewiki.org\/it\/informazioni-utili\/"]}]},{"@type":"BreadcrumbList","@id":"https:\/\/venicewiki.org\/it\/informazioni-utili\/#breadcrumb","itemListElement":[{"@type":"ListItem","position":1,"name":"Home","item":"https:\/\/venicewiki.org\/it\/"},{"@type":"ListItem","position":2,"name":"Informazioni utili"}]},{"@type":"WebSite","@id":"https:\/\/venicewiki.org\/it\/#website","url":"https:\/\/venicewiki.org\/it\/","name":"Venicewiki","description":"La guida di Venezia","publisher":{"@id":"https:\/\/venicewiki.org\/it\/#organization"},"potentialAction":[{"@type":"SearchAction","target":{"@type":"EntryPoint","urlTemplate":"https:\/\/venicewiki.org\/it\/?s={search_term_string}"},"query-input":"required name=search_term_string"}],"inLanguage":"it-IT"},{"@type":"Organization","@id":"https:\/\/venicewiki.org\/it\/#organization","name":"Venicewiki","url":"https:\/\/venicewiki.org\/it\/","sameAs":[],"logo":{"@type":"ImageObject","inLanguage":"it-IT","@id":"https:\/\/venicewiki.org\/it\/#\/schema\/logo\/image\/","url":"https:\/\/venicewiki.org\/it\/wp-content\/uploads\/2022\/12\/Logo-sfondo-rosso.png","contentUrl":"https:\/\/venicewiki.org\/it\/wp-content\/uploads\/2022\/12\/Logo-sfondo-rosso.png","width":1000,"height":1000,"caption":"Venicewiki"},"image":{"@id":"https:\/\/venicewiki.org\/it\/#\/schema\/logo\/image\/"}}]}},"_links":{"self":[{"href":"https:\/\/venicewiki.org\/it\/wp-json\/wp\/v2\/pages\/4823"}],"collection":[{"href":"https:\/\/venicewiki.org\/it\/wp-json\/wp\/v2\/pages"}],"about":[{"href":"https:\/\/venicewiki.org\/it\/wp-json\/wp\/v2\/types\/page"}],"author":[{"embeddable":true,"href":"https:\/\/venicewiki.org\/it\/wp-json\/wp\/v2\/users\/2"}],"replies":[{"embeddable":true,"href":"https:\/\/venicewiki.org\/it\/wp-json\/wp\/v2\/comments?post=4823"}],"version-history":[{"count":7,"href":"https:\/\/venicewiki.org\/it\/wp-json\/wp\/v2\/pages\/4823\/revisions"}],"predecessor-version":[{"id":5980,"href":"https:\/\/venicewiki.org\/it\/wp-json\/wp\/v2\/pages\/4823\/revisions\/5980"}],"wp:attachment":[{"href":"https:\/\/venicewiki.org\/it\/wp-json\/wp\/v2\/media?parent=4823"}],"curies":[{"name":"wp","href":"https:\/\/api.w.org\/{rel}","templated":true}]}}