{"id":5174,"date":"2023-02-16T17:45:54","date_gmt":"2023-02-16T16:45:54","guid":{"rendered":"https:\/\/venicewiki.org\/it\/?page_id=5174"},"modified":"2023-03-20T11:54:42","modified_gmt":"2023-03-20T10:54:42","slug":"privacy-policy","status":"publish","type":"page","link":"https:\/\/venicewiki.org\/it\/privacy-policy\/","title":{"rendered":"Privacy Policy"},"content":{"rendered":"<p>[vc_row][vc_column][vc_column_text]<\/p>\n<header class=\"article__header clearfix width--70p--bp-1\">\n<h1 class=\"margin--b--half title--1--sans\" style=\"text-align: center;\">Privacy Policy<\/h1>\n<\/header>\n<p>[\/vc_column_text][\/vc_column][\/vc_row][vc_row][vc_column][vc_column_text]<\/p>\n<header class=\"article__header clearfix width--70p--bp-1\">\n<p class=\"margin--b--half title--1--sans\">Questa informativa \u00e8 resa ai sensi del d. lgs. 196\/2003 \u2013 (\u201cCodice Privacy\u201d) \u2013 e del Regolamento UE 679\/2016 (\u201cGDPR\u201d).<\/p>\n<\/header>\n<p>[\/vc_column_text][\/vc_column][\/vc_row][vc_row][vc_column][vc_column_text]<\/p>\n<header class=\"article__header clearfix width--70p--bp-1\">\n<h3>Titolare del trattamento<\/h3>\n<\/header>\n<p>[\/vc_column_text][vc_column_text]<\/p>\n<header class=\"article__header clearfix width--70p--bp-1\">Alvise Corba,\u00a0Cannaregio 5882\u00a0\u2013 Venezia, alvise@venicewiki.org<\/header>\n<p>[\/vc_column_text][\/vc_column][\/vc_row][vc_row][vc_column][vc_column_text]<\/p>\n<header class=\"article__header clearfix width--70p--bp-1\">\n<h2>Che dati tratto<\/h2>\n<\/header>\n<p>[\/vc_column_text][vc_column_text]<\/p>\n<header class=\"article__header clearfix width--70p--bp-1\">\n<h3>Dati che mi hai fornito volontariamente<\/h3>\n<\/header>\n<p>[\/vc_column_text][vc_column_text]<\/p>\n<header class=\"article__header clearfix width--70p--bp-1\">Il sito raccoglie e tratta alcuni dati personali (nome, cognome, indirizzo e-mail ecc.) che fornisci volontariamente se compili i moduli di registrazione alla newsletter o quelli di contatto e\/o di acquisto.<br \/>\nQuesti dati saranno utilizzati esclusivamente per la gestione della newsletter e delle richieste di contatto.<\/header>\n<p>[\/vc_column_text][vc_column_text]<\/p>\n<header class=\"article__header clearfix width--70p--bp-1\">\n<h3>Dati di Navigazione<\/h3>\n<\/header>\n<p>[\/vc_column_text][vc_column_text]<\/p>\n<header class=\"article__header clearfix width--70p--bp-1\">I sistemi informatici del sito raccolgono, nel corso del loro normale funzionamento, alcuni dati personali la cui trasmissione \u00e8 implicita nell\u2019uso dei protocolli di comunicazione di Internet. Questi dati non sono raccolti per essere associati ad interessati identificati, ma per loro stessa natura potrebbero permettere di identificare gli utenti, attraverso elaborazioni ed associazioni con dati detenuti da terzi. In questa categoria di dati rientrano gli indirizzi IP o i nomi a dominio dei computer utilizzati dagli utenti che si connettono al sito, i browser e i parametri del sistema informatico utilizzato per connettersi al sito, i dati di navigazione, compreso orario della richiesta e risposta ottenuta dal server. Questi dati sono utilizzati solo per ricavare informazioni statistiche anonime sull\u2019uso del Sito, per il miglioramento del servizio e per controllarne il corretto funzionamento e vengono cancellati subito dopo l\u2019elaborazione. I dati potrebbero essere utilizzati per l\u2019accertamento di responsabilit\u00e0 in caso di eventuali reati ai danni del sito.<\/header>\n<p>[\/vc_column_text][vc_column_text]<\/p>\n<header class=\"article__header clearfix width--70p--bp-1\">\n<h3>Cookies<\/h3>\n<\/header>\n<p>[\/vc_column_text][vc_column_text]<\/p>\n<header class=\"article__header clearfix width--70p--bp-1\">Questo sito utilizza i cookies, ossia file di testo che vengono depositati sul computer dell\u2019utente per migliorare funzionalit\u00e0 del sito, per semplificarne la navigazione automatizzando alcune procedure (come il login) e per analizzare l\u2019uso del sito.Utilizzando questo sito l\u2019utente accetta che siano installati sul suo dispositivo i seguenti cookies:<\/p>\n<ul>\n<li>cookies di sessione: non sono strumentali alla raccolta di dati personali con cui identificare l\u2019utente e durano\u00a0per la sola sessione in corso, cio\u00e8 fino alla chiusura del browser. Il loro uso non richiede il consenso dell\u2019utente.\u00a0Utilizzando il sito l\u2019utente acconsente espressamente all\u2019uso dei cookie.<\/li>\n<li>cookies\u00a0analitici: sono\u00a0utilizzati per raccogliere informazioni, in forma aggregata, sul numero degli utenti e su come essi\u00a0visitino questo sito. Il sito utilizza il\u00a0servizio Google Analytics, la cui cookie policy pu\u00f2 essere letta\u00a0a questo\u00a0<a title=\"link google analytics\" href=\"https:\/\/developers.google.com\/analytics\/devguides\/collection\/analyticsjs\/cookie-usage\" target=\"_blank\" rel=\"noopener noreferrer\">link<\/a>.<\/li>\n<li>cookies di terze parti: servono per permettere la condivisione dei contenuti di questo sito su alcuni social network (LinkedIn, Facebook, \u00a0Twitter). Quando\u00a0l\u2019utente decide di interagire con i plugin\u00a0alcune informazioni personali potrebbero essere acquisite dai gestori delle piattaforme dei social network (per esempio, la visita al sito). Questo sito non ha accesso ai dati che sono autonomamente raccolti e trattati \u00a0dai gestori delle piattaforme dei social network.<\/li>\n<\/ul>\n<p>L\u2019utente pu\u00f2\u00a0disattivare le funzionalit\u00e0 dei cookie\u00a0<a href=\"http:\/\/www.youronlinechoices.com\/it\/\">tramite questa pagina<\/a>\u00a0oppure pu\u00f2 disabilitarli direttamente dalle impostazioni del proprio browser seguendo le istruzioni indicate ai seguenti link:<\/p>\n<ul>\n<li><a href=\"https:\/\/support.google.com\/chrome\/answer\/95647?hl=eng\" target=\"_blank\" rel=\"noopener noreferrer\">Chrome<\/a><\/li>\n<li><a title=\"cookies internet explorer\" href=\"http:\/\/windows.microsoft.com\/it-it\/windows-vista\/block-or-allow-cookies\" target=\"_blank\" rel=\"noopener noreferrer\">Firefox<\/a><\/li>\n<li><a title=\"cookies internet explorer\" href=\"http:\/\/windows.microsoft.com\/it-it\/windows-vista\/block-or-allow-cookies\" target=\"_blank\" rel=\"noopener noreferrer\">Internet Explorer<\/a><\/li>\n<li><a title=\"cookies Safari\" href=\"https:\/\/support.apple.com\/it-it\/HT201265\" target=\"_blank\" rel=\"noopener noreferrer\">Safari<\/a><\/li>\n<\/ul>\n<p>La disabilitazione dei cookie tramite le\u00a0impostazioni del browser comporter\u00e0 l\u2019impossibilit\u00e0 di fruire di alcuni servizi del Sito.<\/p>\n<\/header>\n<p>[\/vc_column_text][vc_column_text]<\/p>\n<header class=\"article__header clearfix width--70p--bp-1\">\n<h3>Newsletter<\/h3>\n<\/header>\n<p>[\/vc_column_text][vc_column_text]Uso Sendinblue per inviarti la newsletter e le email transazionali automatiche, post acquisto. Mi permette di vedere se hai aperto la mail che ti ho mandato o se clicchi sui link che ho inserito nella newsletter. Uso queste informazioni per capire se sto scrivendo cose che ti interessano e, quindi, per migliorare il contenuto delle mail.<\/p>\n<header class=\"article__header clearfix width--70p--bp-1\">In ogni momento puoi opporti all\u2019invio di ulteriori newsletter.<br \/>\nQuesta \u00e8 la\u00a0<a href=\"https:\/\/it.sendinblue.com\/legal\/privacypolicy\/\">policy privacy<\/a>\u00a0di\u00a0Sendinblue.<\/header>\n<p>[\/vc_column_text][\/vc_column][\/vc_row][vc_row][vc_column][vc_column_text]<\/p>\n<header class=\"article__header clearfix width--70p--bp-1\">\n<h3>Finalit\u00e0, base giuridica e natura del trattamento.<\/h3>\n<\/header>\n<p>[\/vc_column_text][vc_column_text]<\/p>\n<header class=\"article__header clearfix width--70p--bp-1\">Tratto i tuoi dati personali per queste finalit\u00e0:<\/p>\n<ol>\n<li>finalit\u00e0 inerenti l\u2019esecuzione di un contratto di cui sei parte o all\u2019esecuzione di misure precontrattuali adottate su tua richiesta (es: richiesta di contatto tramite il modulo Contatti, registrazione alla newsletter, acquisto del servizio di consulenza tramite video call, prenotazione o acquisto di un corso ecc.);<br \/>\nIn questo caso la base giuridica che giustifica il trattamento \u00e8 l\u2019erogazione di un servizio o il riscontro ad una tua richiesta.<\/li>\n<li>finalit\u00e0 di ricerche\/analisi statistiche su dati aggregati o anonimi, senza possibilit\u00e0 di identificare l\u2019utente, per misurare il funzionamento del sito, misurare il traffico e valutare usabilit\u00e0 e interesse;<\/li>\n<li>finalit\u00e0 relative all\u2019adempimento di un obbligo legale a cui sono soggetto;<\/li>\n<li>finalit\u00e0 necessarie ad accertare, esercitare o difendere un diritto in sede giudiziaria o legate al caso in cui le autorit\u00e0 giurisdizionali esercitino le loro funzioni. In questi ultimi due casi, il trattamento dei dati \u00e8 necessario per adempiere ad un obbligo di legge.<\/li>\n<\/ol>\n<p>Puoi decidere di non fornire i tuoi dati personali; in questo caso per\u00f2 potrebbe essere impossibile riscontrare una tua richiesta o adempiere ad un obbligo legale cui sono soggetto.<\/p>\n<\/header>\n<p>[\/vc_column_text][\/vc_column][\/vc_row][vc_row][vc_column][vc_column_text]<\/p>\n<header class=\"article__header clearfix width--70p--bp-1\">\n<h3>Destinatari<\/h3>\n<\/header>\n<p>[\/vc_column_text][vc_column_text]<\/p>\n<header class=\"article__header clearfix width--70p--bp-1\">I tuoi dati personali potranno essere condivisi, per le finalit\u00e0 che ho indicato sopra, con:<\/p>\n<ol>\n<li>soggetti grazie ai quali posso erogare i servizi offerti dal sito, tra cui ad esempio l\u2019invio di e-mail e l\u2019analisi del funzionamento del sito;<\/li>\n<li>autorit\u00e0 giurisdizionali nell\u2019esercizio delle loro funzioni.<\/li>\n<\/ol>\n<\/header>\n<p>[\/vc_column_text][\/vc_column][\/vc_row][vc_row][vc_column][vc_column_text]<\/p>\n<header class=\"article__header clearfix width--70p--bp-1\">\n<h3>Trasferimenti<\/h3>\n<\/header>\n<p>[\/vc_column_text][vc_column_text]<\/p>\n<header class=\"article__header clearfix width--70p--bp-1\">Alcuni dei tuoi dati personali sono trasferiti a destinatari che potrebbero trovarsi al di fuori dello Spazio Economico Europeo: i trasferimenti si basano su una decisione di adeguatezza della Commissione europea.<\/header>\n<p>[\/vc_column_text][\/vc_column][\/vc_row][vc_row][vc_column][vc_column_text]<\/p>\n<header class=\"article__header clearfix width--70p--bp-1\">\n<h3>Conservazione dei dati<\/h3>\n<\/header>\n<p>[\/vc_column_text][vc_column_text]<\/p>\n<header class=\"article__header clearfix width--70p--bp-1\">Tratter\u00f2 i tuoi dati personali per il tempo strettamente necessario a raggiungere gli scopi che ho indicato sopra.<br \/>\nAd esempio, tratter\u00f2 i dati personali per inviarti la newsletter fino a quando non deciderai di cancellarti dalla newsletter.<br \/>\nFatto salvo ci\u00f2, tratter\u00f2 i tuoi dati personali fino al tempo permesso dalla legge a tutela dei miei interessi (art. 2947c.c.).<\/header>\n<p>[\/vc_column_text][\/vc_column][\/vc_row][vc_row][vc_column][vc_column_text]<\/p>\n<header class=\"article__header clearfix width--70p--bp-1\">\n<h3>I tuoi diritti<\/h3>\n<\/header>\n<p>[\/vc_column_text][vc_column_text]<\/p>\n<header class=\"article__header clearfix width--70p--bp-1\">\n<section id=\"shopify-section-template--14536886583350__main\" class=\"shopify-section section\">\n<div class=\"page-width page-width--narrow section-template--14536886583350__main-padding\">\n<div class=\"rte\">\n<p>Hai il diritto di chiedermi, in qualunque momento, l\u2019accesso ai tuoi dati personali, la rettifica o la cancellazione degli stessi o di opporti al loro trattamento, la limitazione del trattamento nonch\u00e9 di ottenere in un formato strutturato, di uso comune e leggibile da dispositivo automatico i dati che ti riguardano.<br \/>\nLe richieste vanno rivolte via e-mail all\u2019indirizzo:\u00a0alvise@venicewiki.org<br \/>\nHai in ogni caso il diritto di proporre reclamo all\u2019autorit\u00e0 di controllo competente (Garante per la Protezione dei Dati Personali) se ritenessi che il trattamento dei tuoi dati personali sia contrario alla normativa vigente.<\/p>\n<\/div>\n<\/div>\n<\/section>\n<\/header>\n<p>[\/vc_column_text][\/vc_column][\/vc_row]<\/p>\n","protected":false},"excerpt":{"rendered":"<p>[vc_row][vc_column][vc_column_text] Privacy Policy [\/vc_column_text][\/vc_column][\/vc_row][vc_row][vc_column][vc_column_text] Questa informativa \u00e8 resa ai sensi del d. lgs. 196\/2003 \u2013 (\u201cCodice Privacy\u201d) \u2013 e del Regolamento UE 679\/2016 (\u201cGDPR\u201d). [\/vc_column_text][\/vc_column][\/vc_row][vc_row][vc_column][vc_column_text] Titolare del trattamento [\/vc_column_text][vc_column_text] Alvise Corba,\u00a0Cannaregio 5882\u00a0\u2013 Venezia, alvise@venicewiki.org [\/vc_column_text][\/vc_column][\/vc_row][vc_row][vc_column][vc_column_text] Che dati tratto [\/vc_column_text][vc_column_text] Dati che mi hai fornito volontariamente [\/vc_column_text][vc_column_text] Il sito raccoglie e tratta alcuni dati personali (nome,&#8230;<\/p>\n","protected":false},"author":2,"featured_media":0,"parent":0,"menu_order":0,"comment_status":"closed","ping_status":"closed","template":"","meta":{"_editorskit_title_hidden":false,"_editorskit_reading_time":0},"yoast_head":"<!-- This site is optimized with the Yoast SEO plugin v19.7.1 - https:\/\/yoast.com\/wordpress\/plugins\/seo\/ -->\n<title>Privacy Policy - Venicewiki<\/title>\n<meta name=\"description\" content=\"Privacy Policy Questa informativa \u00e8 resa ai sensi del d. lgs. 196\/2003 \u2013 (\u201cCodice Privacy\u201d) \u2013 e del Regolamento UE 679\/2016 (\u201cGDPR\u201d). Titolare del\" \/>\n<meta name=\"robots\" content=\"noindex, nofollow\" \/>\n<meta property=\"og:locale\" content=\"it_IT\" \/>\n<meta property=\"og:type\" content=\"article\" \/>\n<meta property=\"og:title\" content=\"Privacy Policy - Venicewiki\" \/>\n<meta property=\"og:description\" content=\"Privacy Policy Questa informativa \u00e8 resa ai sensi del d. lgs. 196\/2003 \u2013 (\u201cCodice Privacy\u201d) \u2013 e del Regolamento UE 679\/2016 (\u201cGDPR\u201d). Titolare del\" \/>\n<meta property=\"og:url\" content=\"https:\/\/venicewiki.org\/it\/privacy-policy\/\" \/>\n<meta property=\"og:site_name\" content=\"Venicewiki\" \/>\n<meta property=\"article:modified_time\" content=\"2023-03-20T10:54:42+00:00\" \/>\n<meta name=\"twitter:card\" content=\"summary_large_image\" \/>\n<meta name=\"twitter:label1\" content=\"Est. reading time\" \/>\n\t<meta name=\"twitter:data1\" content=\"6 minuti\" \/>\n<script type=\"application\/ld+json\" class=\"yoast-schema-graph\">{\"@context\":\"https:\/\/schema.org\",\"@graph\":[{\"@type\":\"WebPage\",\"@id\":\"https:\/\/venicewiki.org\/it\/privacy-policy\/\",\"url\":\"https:\/\/venicewiki.org\/it\/privacy-policy\/\",\"name\":\"Privacy Policy - Venicewiki\",\"isPartOf\":{\"@id\":\"https:\/\/venicewiki.org\/it\/#website\"},\"datePublished\":\"2023-02-16T16:45:54+00:00\",\"dateModified\":\"2023-03-20T10:54:42+00:00\",\"description\":\"Privacy Policy Questa informativa \u00e8 resa ai sensi del d. lgs. 196\/2003 \u2013 (\u201cCodice Privacy\u201d) \u2013 e del Regolamento UE 679\/2016 (\u201cGDPR\u201d). Titolare del\",\"breadcrumb\":{\"@id\":\"https:\/\/venicewiki.org\/it\/privacy-policy\/#breadcrumb\"},\"inLanguage\":\"it-IT\",\"potentialAction\":[{\"@type\":\"ReadAction\",\"target\":[\"https:\/\/venicewiki.org\/it\/privacy-policy\/\"]}]},{\"@type\":\"BreadcrumbList\",\"@id\":\"https:\/\/venicewiki.org\/it\/privacy-policy\/#breadcrumb\",\"itemListElement\":[{\"@type\":\"ListItem\",\"position\":1,\"name\":\"Home\",\"item\":\"https:\/\/venicewiki.org\/it\/\"},{\"@type\":\"ListItem\",\"position\":2,\"name\":\"Privacy Policy\"}]},{\"@type\":\"WebSite\",\"@id\":\"https:\/\/venicewiki.org\/it\/#website\",\"url\":\"https:\/\/venicewiki.org\/it\/\",\"name\":\"Venicewiki\",\"description\":\"La guida di Venezia\",\"publisher\":{\"@id\":\"https:\/\/venicewiki.org\/it\/#organization\"},\"potentialAction\":[{\"@type\":\"SearchAction\",\"target\":{\"@type\":\"EntryPoint\",\"urlTemplate\":\"https:\/\/venicewiki.org\/it\/?s={search_term_string}\"},\"query-input\":\"required name=search_term_string\"}],\"inLanguage\":\"it-IT\"},{\"@type\":\"Organization\",\"@id\":\"https:\/\/venicewiki.org\/it\/#organization\",\"name\":\"Venicewiki\",\"url\":\"https:\/\/venicewiki.org\/it\/\",\"sameAs\":[],\"logo\":{\"@type\":\"ImageObject\",\"inLanguage\":\"it-IT\",\"@id\":\"https:\/\/venicewiki.org\/it\/#\/schema\/logo\/image\/\",\"url\":\"https:\/\/venicewiki.org\/it\/wp-content\/uploads\/2022\/12\/Logo-sfondo-rosso.png\",\"contentUrl\":\"https:\/\/venicewiki.org\/it\/wp-content\/uploads\/2022\/12\/Logo-sfondo-rosso.png\",\"width\":1000,\"height\":1000,\"caption\":\"Venicewiki\"},\"image\":{\"@id\":\"https:\/\/venicewiki.org\/it\/#\/schema\/logo\/image\/\"}}]}<\/script>\n<!-- \/ Yoast SEO plugin. -->","yoast_head_json":{"title":"Privacy Policy - Venicewiki","description":"Privacy Policy Questa informativa \u00e8 resa ai sensi del d. lgs. 196\/2003 \u2013 (\u201cCodice Privacy\u201d) \u2013 e del Regolamento UE 679\/2016 (\u201cGDPR\u201d). Titolare del","robots":{"index":"noindex","follow":"nofollow"},"og_locale":"it_IT","og_type":"article","og_title":"Privacy Policy - Venicewiki","og_description":"Privacy Policy Questa informativa \u00e8 resa ai sensi del d. lgs. 196\/2003 \u2013 (\u201cCodice Privacy\u201d) \u2013 e del Regolamento UE 679\/2016 (\u201cGDPR\u201d). Titolare del","og_url":"https:\/\/venicewiki.org\/it\/privacy-policy\/","og_site_name":"Venicewiki","article_modified_time":"2023-03-20T10:54:42+00:00","twitter_card":"summary_large_image","twitter_misc":{"Est. reading time":"6 minuti"},"schema":{"@context":"https:\/\/schema.org","@graph":[{"@type":"WebPage","@id":"https:\/\/venicewiki.org\/it\/privacy-policy\/","url":"https:\/\/venicewiki.org\/it\/privacy-policy\/","name":"Privacy Policy - Venicewiki","isPartOf":{"@id":"https:\/\/venicewiki.org\/it\/#website"},"datePublished":"2023-02-16T16:45:54+00:00","dateModified":"2023-03-20T10:54:42+00:00","description":"Privacy Policy Questa informativa \u00e8 resa ai sensi del d. lgs. 196\/2003 \u2013 (\u201cCodice Privacy\u201d) \u2013 e del Regolamento UE 679\/2016 (\u201cGDPR\u201d). Titolare del","breadcrumb":{"@id":"https:\/\/venicewiki.org\/it\/privacy-policy\/#breadcrumb"},"inLanguage":"it-IT","potentialAction":[{"@type":"ReadAction","target":["https:\/\/venicewiki.org\/it\/privacy-policy\/"]}]},{"@type":"BreadcrumbList","@id":"https:\/\/venicewiki.org\/it\/privacy-policy\/#breadcrumb","itemListElement":[{"@type":"ListItem","position":1,"name":"Home","item":"https:\/\/venicewiki.org\/it\/"},{"@type":"ListItem","position":2,"name":"Privacy Policy"}]},{"@type":"WebSite","@id":"https:\/\/venicewiki.org\/it\/#website","url":"https:\/\/venicewiki.org\/it\/","name":"Venicewiki","description":"La guida di Venezia","publisher":{"@id":"https:\/\/venicewiki.org\/it\/#organization"},"potentialAction":[{"@type":"SearchAction","target":{"@type":"EntryPoint","urlTemplate":"https:\/\/venicewiki.org\/it\/?s={search_term_string}"},"query-input":"required name=search_term_string"}],"inLanguage":"it-IT"},{"@type":"Organization","@id":"https:\/\/venicewiki.org\/it\/#organization","name":"Venicewiki","url":"https:\/\/venicewiki.org\/it\/","sameAs":[],"logo":{"@type":"ImageObject","inLanguage":"it-IT","@id":"https:\/\/venicewiki.org\/it\/#\/schema\/logo\/image\/","url":"https:\/\/venicewiki.org\/it\/wp-content\/uploads\/2022\/12\/Logo-sfondo-rosso.png","contentUrl":"https:\/\/venicewiki.org\/it\/wp-content\/uploads\/2022\/12\/Logo-sfondo-rosso.png","width":1000,"height":1000,"caption":"Venicewiki"},"image":{"@id":"https:\/\/venicewiki.org\/it\/#\/schema\/logo\/image\/"}}]}},"_links":{"self":[{"href":"https:\/\/venicewiki.org\/it\/wp-json\/wp\/v2\/pages\/5174"}],"collection":[{"href":"https:\/\/venicewiki.org\/it\/wp-json\/wp\/v2\/pages"}],"about":[{"href":"https:\/\/venicewiki.org\/it\/wp-json\/wp\/v2\/types\/page"}],"author":[{"embeddable":true,"href":"https:\/\/venicewiki.org\/it\/wp-json\/wp\/v2\/users\/2"}],"replies":[{"embeddable":true,"href":"https:\/\/venicewiki.org\/it\/wp-json\/wp\/v2\/comments?post=5174"}],"version-history":[{"count":8,"href":"https:\/\/venicewiki.org\/it\/wp-json\/wp\/v2\/pages\/5174\/revisions"}],"predecessor-version":[{"id":6150,"href":"https:\/\/venicewiki.org\/it\/wp-json\/wp\/v2\/pages\/5174\/revisions\/6150"}],"wp:attachment":[{"href":"https:\/\/venicewiki.org\/it\/wp-json\/wp\/v2\/media?parent=5174"}],"curies":[{"name":"wp","href":"https:\/\/api.w.org\/{rel}","templated":true}]}}